{"id":18487,"date":"2023-11-21T10:46:25","date_gmt":"2023-11-21T10:46:25","guid":{"rendered":"https:\/\/akcharcosmetics.com\/?post_type=product&#038;p=18487"},"modified":"2025-06-01T15:16:20","modified_gmt":"2025-06-01T15:16:20","slug":"huile-de-rose","status":"publish","type":"product","link":"https:\/\/akcharcosmetics.com\/fr\/produit\/huile-de-rose\/","title":{"rendered":"Huile de Rose"},"content":{"rendered":"<p><b>Les bienfaits de l&rsquo;huile de rose ?<\/b><\/p>\n<p>&nbsp;<\/p>\n<p><span style=\"font-weight: 400;\">&#8211; <\/span><b>Nourrir les peaux s\u00e8ches et sensibles : <\/b><span style=\"font-weight: 400;\">Gr\u00e2ce \u00e0 ses acides gras essentiels et<\/span> <span style=\"font-weight: 400;\">\u00e0 ses vitamines, elle peut aider \u00e0 hydrater et apaiser la peau, la rendant plus<\/span> <span style=\"font-weight: 400;\">douce et plus souple.<\/span><span style=\"font-weight: 400;\">\u00a0<\/span><\/p>\n<p><span style=\"font-weight: 400;\">&#8211; <\/span><b>Lutter contre les rides : <\/b><span style=\"font-weight: 400;\">Les antioxydants pr\u00e9sents dans l&rsquo;huile de rose<\/span> <span style=\"font-weight: 400;\">musqu\u00e9e peuvent aider \u00e0 r\u00e9duire l&rsquo;apparence des rides et \u00e0 stimuler la<\/span> <span style=\"font-weight: 400;\">r\u00e9g\u00e9n\u00e9ration cellulaire.<\/span><span style=\"font-weight: 400;\">\u00a0<\/span><\/p>\n<p><span style=\"font-weight: 400;\">&#8211; <\/span><b>Prendre soin des peaux \u00e0 vergetures et cicatrices : <\/b><span style=\"font-weight: 400;\">Cette huile est souvent<\/span> <span style=\"font-weight: 400;\">utilis\u00e9e pour att\u00e9nuer l&rsquo;apparence des cicatrices et des vergetures, en<\/span> <span style=\"font-weight: 400;\">favorisant la r\u00e9g\u00e9n\u00e9ration de la peau.<\/span><span style=\"font-weight: 400;\">\u00a0<\/span><\/p>\n<p><span style=\"font-weight: 400;\">&#8211; <\/span><b>Am\u00e9liorer l&rsquo;aspect des peaux marqu\u00e9es par le temps ou le soleil : <\/b><span style=\"font-weight: 400;\">Les<\/span> <span style=\"font-weight: 400;\">carot\u00e9no\u00efdes de l&rsquo;huile de rose musqu\u00e9e peuvent contribuer \u00e0 am\u00e9liorer la<\/span> <span style=\"font-weight: 400;\">texture et l&rsquo;\u00e9clat de la peau, en particulier si elle a \u00e9t\u00e9 expos\u00e9e au soleil.<\/span><span style=\"font-weight: 400;\">\u00a0<\/span><\/p>\n<p><span style=\"font-weight: 400;\">Il est n\u00e9cessaire de le diluer pour une utilisation directe sur la peau afin d&rsquo;\u00e9viter tout<\/span> <span style=\"font-weight: 400;\">\u00e9clat cutan\u00e9, en particulier pour les peaux s\u00e8ches.<\/span><span style=\"font-weight: 400;\">\u00a0<\/span><\/p>\n<p><span style=\"font-weight: 400;\">Il est important de choisir une huile issue de l&rsquo;agriculture biologique. Par cons\u00e9quent,<\/span> <span style=\"font-weight: 400;\">nous recommandons sur <\/span><span style=\"font-weight: 400;\">Akchar<\/span><span style=\"font-weight: 400;\"> l&rsquo;huile de rose, qui porte \u00e9galement la certification<\/span> <span style=\"font-weight: 400;\">ONSA &amp; ISO pour la cosm\u00e9tique bio.<\/span><span style=\"font-weight: 400;\">\u00a0<\/span><\/p>\n","protected":false},"excerpt":{"rendered":"<p><span style=\"font-weight: 400;\">Riche en carot\u00e9no\u00efdes, cette huile est connue pour son action anti-\u00e2ge<\/span> <span style=\"font-weight: 400;\">exceptionnelle. C&rsquo;est l&rsquo;actif id\u00e9al pour nourrir les peaux s\u00e8ches et sensibles, lutter<\/span> <span style=\"font-weight: 400;\">contre les rides et prendre soin des peaux \u00e0 vergetures et cicatrices. Elle est<\/span> <span style=\"font-weight: 400;\">particuli\u00e8rement r\u00e9put\u00e9e pour am\u00e9liorer l&rsquo;aspect des peaux marqu\u00e9es par le temps<\/span> <span style=\"font-weight: 400;\">ou le soleil.<\/span><span style=\"font-weight: 400;\">\u00a0<\/span><\/p>\n","protected":false},"featured_media":18491,"comment_status":"open","ping_status":"closed","template":"","meta":[],"product_brand":[],"product_cat":[217],"product_tag":[],"class_list":{"0":"post-18487","1":"product","2":"type-product","3":"status-publish","4":"has-post-thumbnail","6":"product_cat-huiles-naturelles","8":"first","9":"outofstock","10":"taxable","11":"shipping-taxable","12":"purchasable","13":"product-type-variable"},"_links":{"self":[{"href":"https:\/\/akcharcosmetics.com\/fr\/wp-json\/wp\/v2\/product\/18487","targetHints":{"allow":["GET"]}}],"collection":[{"href":"https:\/\/akcharcosmetics.com\/fr\/wp-json\/wp\/v2\/product"}],"about":[{"href":"https:\/\/akcharcosmetics.com\/fr\/wp-json\/wp\/v2\/types\/product"}],"replies":[{"embeddable":true,"href":"https:\/\/akcharcosmetics.com\/fr\/wp-json\/wp\/v2\/comments?post=18487"}],"version-history":[{"count":1,"href":"https:\/\/akcharcosmetics.com\/fr\/wp-json\/wp\/v2\/product\/18487\/revisions"}],"predecessor-version":[{"id":18497,"href":"https:\/\/akcharcosmetics.com\/fr\/wp-json\/wp\/v2\/product\/18487\/revisions\/18497"}],"wp:featuredmedia":[{"embeddable":true,"href":"https:\/\/akcharcosmetics.com\/fr\/wp-json\/wp\/v2\/media\/18491"}],"wp:attachment":[{"href":"https:\/\/akcharcosmetics.com\/fr\/wp-json\/wp\/v2\/media?parent=18487"}],"wp:term":[{"taxonomy":"product_brand","embeddable":true,"href":"https:\/\/akcharcosmetics.com\/fr\/wp-json\/wp\/v2\/product_brand?post=18487"},{"taxonomy":"product_cat","embeddable":true,"href":"https:\/\/akcharcosmetics.com\/fr\/wp-json\/wp\/v2\/product_cat?post=18487"},{"taxonomy":"product_tag","embeddable":true,"href":"https:\/\/akcharcosmetics.com\/fr\/wp-json\/wp\/v2\/product_tag?post=18487"}],"curies":[{"name":"wp","href":"https:\/\/api.w.org\/{rel}","templated":true}]}}