{"id":18472,"date":"2023-11-21T10:42:18","date_gmt":"2023-11-21T10:42:18","guid":{"rendered":"https:\/\/akcharcosmetics.com\/?post_type=product&#038;p=18472"},"modified":"2024-05-30T10:48:18","modified_gmt":"2024-05-30T10:48:18","slug":"huile-de-fourmis","status":"publish","type":"product","link":"https:\/\/akcharcosmetics.com\/fr\/produit\/huile-de-fourmis\/","title":{"rendered":"Huile de Fourmis"},"content":{"rendered":"<p><b>Les bienfaits de l&rsquo;huile de Fourmis ?<\/b><b>\u00a0<\/b><\/p>\n<p><span style=\"font-weight: 400;\">L\u2019huile de fourmi a beaucoup de propri\u00e9t\u00e9s pour la peau :<\/span><span style=\"font-weight: 400;\">\u00a0<\/span><\/p>\n<p><span style=\"font-weight: 400;\">&#8211; Elle limite la repousse des poils<\/span><span style=\"font-weight: 400;\">\u00a0<\/span><\/p>\n<p><span style=\"font-weight: 400;\">&#8211; Elle am\u00e9liore l\u2019\u00e9lasticit\u00e9 de la peau<\/span><span style=\"font-weight: 400;\">\u00a0<\/span><\/p>\n<p><span style=\"font-weight: 400;\">&#8211; Elle pr\u00e9vient contre la d\u00e9shydratation<\/span><span style=\"font-weight: 400;\">\u00a0<\/span><\/p>\n<p><span style=\"font-weight: 400;\">&#8211; Elle nourrit l\u2019\u00e9piderme<\/span><span style=\"font-weight: 400;\">\u00a0<\/span><\/p>\n<p><span style=\"font-weight: 400;\">&#8211; Riche en vitamines E, elle lutte contre le vieillissement cutan\u00e9<\/span> <span style=\"font-weight: 400;\">&#8211; Propri\u00e9t\u00e9s exfoliantes<\/span><\/p>\n<p><span style=\"font-weight: 400;\">&#8211; Diminution des poils incarn\u00e9s<\/span><span style=\"font-weight: 400;\">\u00a0<\/span><\/p>\n<p><b>Comment utiliser l&rsquo;huile de fourmi ?<\/b><b>\u00a0<\/b><\/p>\n<p><span style=\"font-weight: 400;\">Cette huile peut \u00eatre utilis\u00e9e sur les peaux matures, les peaux s\u00e8ches, irrit\u00e9es, ou<\/span> <span style=\"font-weight: 400;\">m\u00eame grasses.<\/span><span style=\"font-weight: 400;\">\u00a0<\/span><\/p>\n<p><span style=\"font-weight: 400;\">Elle peut \u00eatre utilis\u00e9e sur les cheveux, le corps, et m\u00eame sur le visage sans aucun<\/span> <span style=\"font-weight: 400;\">danger.<\/span><span style=\"font-weight: 400;\">\u00a0<\/span><\/p>\n<p><span style=\"font-weight: 400;\">Concernant son utilisation pour lutter contre la repousse des poils,<\/span> <span style=\"font-weight: 400;\">suivez ces \u00e9tapes :<\/span><span style=\"font-weight: 400;\">\u00a0<\/span><\/p>\n<ol>\n<li><b>1<\/b><span style=\"font-weight: 400;\">.<\/span> <span style=\"font-weight: 400;\">Il<\/span> <span style=\"font-weight: 400;\">faut appliquer l\u2019huile sur une peau pr\u00e9alablement \u00e9pil\u00e9e, et non ras\u00e9e au rasoir<\/span> <span style=\"font-weight: 400;\">ou \u00e0 la cr\u00e8me d\u00e9pilatoire, afin que l\u2019huile puisse p\u00e9n\u00e9trer jusque dans le bulbe.<\/span><\/li>\n<li><b>2<\/b><span style=\"font-weight: 400;\">.<\/span> <span style=\"font-weight: 400;\">Massez la zone quelques minutes afin de r\u00e9partir correctement l\u2019huile. Cette \u00e9tape<\/span> <span style=\"font-weight: 400;\">permettra aussi d\u2019exfolier votre peau.<\/span><\/li>\n<li><b>3<\/b><span style=\"font-weight: 400;\">.<\/span> <span style=\"font-weight: 400;\">Appliquez l\u2019huile durant 5 jours cons\u00e9cutifs, puis pass\u00e9 ce d\u00e9lai, \u00e0 chaque nouvelle<\/span> <span style=\"font-weight: 400;\">\u00e9pilation.<\/span><\/li>\n<\/ol>\n<p><span style=\"font-weight: 400;\">Utiliser avant l&rsquo;\u00e9pilation et surtout apr\u00e8s (masser plusieurs minutes pendant 4 ou 5<\/span><span style=\"font-weight: 400;\"> j<\/span><span style=\"font-weight: 400;\">ours jusqu&rsquo;\u00e0 l&rsquo;apparition des nouveaux poils) recommencer d\u00e8s la prochaine<\/span> <span style=\"font-weight: 400;\">\u00e9pilation.<\/span><span style=\"font-weight: 400;\">\u00a0<\/span><\/p>\n<p><span style=\"font-weight: 400;\">Il est important de choisir une huile issue de l&rsquo;agriculture biologique. Par cons\u00e9quent, nous recommandons sur <\/span><span style=\"font-weight: 400;\">Akchar<\/span><span style=\"font-weight: 400;\"> l&rsquo;huile de <\/span><span style=\"font-weight: 400;\">fourmis<\/span><span style=\"font-weight: 400;\">, qui porte \u00e9galement la certification ONSA &amp; ISO pour la cosm\u00e9tique bio.\u00a0<\/span><\/p>\n","protected":false},"excerpt":{"rendered":"<p><span style=\"font-weight: 400;\">Cette huile magique va vous permettre de diminuer la quantit\u00e9 de poils de toutes les<\/span> <span style=\"font-weight: 400;\">parties du corps, en plus d&rsquo;\u00eatre certifi\u00e9e Bio et ne pr\u00e9sente aucun effet secondaire.<\/span><span style=\"font-weight: 400;\">\u00a0<\/span><span style=\"font-weight: 400;\">Utiliser avant l&rsquo;\u00e9pilation et surtout apr\u00e8s (masser plusieurs minutes pendant 4 ou 5<\/span><span style=\"font-weight: 400;\"> j<\/span><span style=\"font-weight: 400;\">ours jusqu&rsquo;\u00e0 l&rsquo;apparition des nouveaux poils) recommencer d\u00e8s la prochaine<\/span> <span style=\"font-weight: 400;\">\u00e9pilation.<\/span><span style=\"font-weight: 400;\">\u00a0<\/span><\/p>\n","protected":false},"featured_media":18473,"comment_status":"open","ping_status":"closed","template":"","meta":[],"product_brand":[],"product_cat":[217],"product_tag":[],"class_list":{"0":"post-18472","1":"product","2":"type-product","3":"status-publish","4":"has-post-thumbnail","6":"product_cat-huiles-naturelles","8":"first","9":"outofstock","10":"taxable","11":"shipping-taxable","12":"purchasable","13":"product-type-variable"},"_links":{"self":[{"href":"https:\/\/akcharcosmetics.com\/fr\/wp-json\/wp\/v2\/product\/18472","targetHints":{"allow":["GET"]}}],"collection":[{"href":"https:\/\/akcharcosmetics.com\/fr\/wp-json\/wp\/v2\/product"}],"about":[{"href":"https:\/\/akcharcosmetics.com\/fr\/wp-json\/wp\/v2\/types\/product"}],"replies":[{"embeddable":true,"href":"https:\/\/akcharcosmetics.com\/fr\/wp-json\/wp\/v2\/comments?post=18472"}],"version-history":[{"count":1,"href":"https:\/\/akcharcosmetics.com\/fr\/wp-json\/wp\/v2\/product\/18472\/revisions"}],"predecessor-version":[{"id":18482,"href":"https:\/\/akcharcosmetics.com\/fr\/wp-json\/wp\/v2\/product\/18472\/revisions\/18482"}],"wp:featuredmedia":[{"embeddable":true,"href":"https:\/\/akcharcosmetics.com\/fr\/wp-json\/wp\/v2\/media\/18473"}],"wp:attachment":[{"href":"https:\/\/akcharcosmetics.com\/fr\/wp-json\/wp\/v2\/media?parent=18472"}],"wp:term":[{"taxonomy":"product_brand","embeddable":true,"href":"https:\/\/akcharcosmetics.com\/fr\/wp-json\/wp\/v2\/product_brand?post=18472"},{"taxonomy":"product_cat","embeddable":true,"href":"https:\/\/akcharcosmetics.com\/fr\/wp-json\/wp\/v2\/product_cat?post=18472"},{"taxonomy":"product_tag","embeddable":true,"href":"https:\/\/akcharcosmetics.com\/fr\/wp-json\/wp\/v2\/product_tag?post=18472"}],"curies":[{"name":"wp","href":"https:\/\/api.w.org\/{rel}","templated":true}]}}