{"id":18456,"date":"2023-11-21T10:35:38","date_gmt":"2023-11-21T10:35:38","guid":{"rendered":"https:\/\/akcharcosmetics.com\/?post_type=product&#038;p=18456"},"modified":"2024-05-30T10:48:18","modified_gmt":"2024-05-30T10:48:18","slug":"huile-dargane","status":"publish","type":"product","link":"https:\/\/akcharcosmetics.com\/fr\/produit\/huile-dargane\/","title":{"rendered":"Huile d&rsquo;argane"},"content":{"rendered":"<p><b>Les bienfaits de l&rsquo;huile d&rsquo;Argane pour la peau et les cheveux?<\/b><\/p>\n<p><b>Pour la Peau :<\/b><\/p>\n<ul>\n<li style=\"font-weight: 400;\" aria-level=\"1\"><span style=\"font-weight: 400;\">Hydratation Intense : L&rsquo;huile d&rsquo;argan est riche en acides gras essentiels et en vitamine E, ce qui en fait un excellent hydratant pour la peau. Elle p\u00e9n\u00e8tre en profondeur pour nourrir, adoucir et revitaliser la peau s\u00e8che.<\/span><\/li>\n<li style=\"font-weight: 400;\" aria-level=\"1\"><span style=\"font-weight: 400;\">Anti-\u00e2ge : Gr\u00e2ce \u00e0 sa teneur en antioxydants, cette huile combat les radicaux libres responsables du vieillissement cutan\u00e9. Elle r\u00e9duit l&rsquo;apparence des rides, des ridules et des taches brunes, laissant la peau plus ferme et \u00e9clatante.<\/span><\/li>\n<li style=\"font-weight: 400;\" aria-level=\"1\"><span style=\"font-weight: 400;\">Apaisante : L&rsquo;huile d&rsquo;argan est id\u00e9ale pour apaiser les irritations cutan\u00e9es, notamment les coups de soleil, les \u00e9ruptions cutan\u00e9es, et les irritations dues au rasage.<\/span><\/li>\n<li style=\"font-weight: 400;\" aria-level=\"1\"><span style=\"font-weight: 400;\">Cicatrisante : Elle peut aider \u00e0 att\u00e9nuer les cicatrices et \u00e0 favoriser la r\u00e9g\u00e9n\u00e9ration cellulaire, laissant une peau plus lisse et uniforme.<\/span><\/li>\n<\/ul>\n<p><b>Pour les Cheveux :<\/b><\/p>\n<ul>\n<li style=\"font-weight: 400;\" aria-level=\"1\"><span style=\"font-weight: 400;\">R\u00e9paration Capillaire : L&rsquo;huile d&rsquo;argan nourrit les cheveux ab\u00eem\u00e9s, r\u00e9parant les pointes fourchues et renfor\u00e7ant les m\u00e8ches.<\/span><\/li>\n<li style=\"font-weight: 400;\" aria-level=\"1\"><span style=\"font-weight: 400;\">Brillance et Douceur : Elle apporte de la brillance et de la douceur aux cheveux, les laissant soyeux et faciles \u00e0 coiffer.<\/span><\/li>\n<li style=\"font-weight: 400;\" aria-level=\"1\"><span style=\"font-weight: 400;\">Protection contre les Agressions Ext\u00e9rieures : Cette huile forme une barri\u00e8re naturelle qui prot\u00e8ge les cheveux des dommages caus\u00e9s par la chaleur, les rayons UV et la pollution.<\/span><\/li>\n<\/ul>\n<p><span style=\"font-weight: 400;\">L&rsquo;huile d&rsquo;argan est un tr\u00e9sor de la nature, offrant une multitude de bienfaits pour la peau, les cheveux et la sant\u00e9. Int\u00e9grez cette huile polyvalente \u00e0 votre routine de soins pour profiter de ses incroyables avantages et pour favoriser une peau \u00e9clatante, des cheveux en pleine sant\u00e9, et une meilleure sant\u00e9 globale. Veillez \u00e0 utiliser de l&rsquo;huile d&rsquo;argan de haute qualit\u00e9 pour maximiser ses bienfaits.<\/span><\/p>\n","protected":false},"excerpt":{"rendered":"<p><span style=\"font-weight: 400;\">L&rsquo;huile d&rsquo;argan est une huile v\u00e9g\u00e9tale pr\u00e9cieuse extraite des noix de l&rsquo;arganier, un arbre originaire du Maroc. Elle est reconnue pour ses nombreux bienfaits pour la peau, les cheveux et la sant\u00e9 en g\u00e9n\u00e9ral.\u00a0<\/span><\/p>\n","protected":false},"featured_media":18460,"comment_status":"open","ping_status":"closed","template":"","meta":[],"product_brand":[],"product_cat":[217],"product_tag":[],"class_list":{"0":"post-18456","1":"product","2":"type-product","3":"status-publish","4":"has-post-thumbnail","6":"product_cat-huiles-naturelles","8":"first","9":"outofstock","10":"taxable","11":"shipping-taxable","12":"purchasable","13":"product-type-variable"},"_links":{"self":[{"href":"https:\/\/akcharcosmetics.com\/fr\/wp-json\/wp\/v2\/product\/18456","targetHints":{"allow":["GET"]}}],"collection":[{"href":"https:\/\/akcharcosmetics.com\/fr\/wp-json\/wp\/v2\/product"}],"about":[{"href":"https:\/\/akcharcosmetics.com\/fr\/wp-json\/wp\/v2\/types\/product"}],"replies":[{"embeddable":true,"href":"https:\/\/akcharcosmetics.com\/fr\/wp-json\/wp\/v2\/comments?post=18456"}],"version-history":[{"count":1,"href":"https:\/\/akcharcosmetics.com\/fr\/wp-json\/wp\/v2\/product\/18456\/revisions"}],"predecessor-version":[{"id":18466,"href":"https:\/\/akcharcosmetics.com\/fr\/wp-json\/wp\/v2\/product\/18456\/revisions\/18466"}],"wp:featuredmedia":[{"embeddable":true,"href":"https:\/\/akcharcosmetics.com\/fr\/wp-json\/wp\/v2\/media\/18460"}],"wp:attachment":[{"href":"https:\/\/akcharcosmetics.com\/fr\/wp-json\/wp\/v2\/media?parent=18456"}],"wp:term":[{"taxonomy":"product_brand","embeddable":true,"href":"https:\/\/akcharcosmetics.com\/fr\/wp-json\/wp\/v2\/product_brand?post=18456"},{"taxonomy":"product_cat","embeddable":true,"href":"https:\/\/akcharcosmetics.com\/fr\/wp-json\/wp\/v2\/product_cat?post=18456"},{"taxonomy":"product_tag","embeddable":true,"href":"https:\/\/akcharcosmetics.com\/fr\/wp-json\/wp\/v2\/product_tag?post=18456"}],"curies":[{"name":"wp","href":"https:\/\/api.w.org\/{rel}","templated":true}]}}