{"id":18441,"date":"2023-11-21T10:32:25","date_gmt":"2023-11-21T10:32:25","guid":{"rendered":"https:\/\/akcharcosmetics.com\/?post_type=product&#038;p=18441"},"modified":"2024-05-30T10:48:19","modified_gmt":"2024-05-30T10:48:19","slug":"huile-dorange","status":"publish","type":"product","link":"https:\/\/akcharcosmetics.com\/fr\/produit\/huile-dorange\/","title":{"rendered":"Huile d&rsquo;orange"},"content":{"rendered":"<p><b>Les bienfaits de l&rsquo;huile d&rsquo;orange ?<\/b><\/p>\n<p><b>Pour la Peau :<\/b><\/p>\n<ul>\n<li style=\"font-weight: 400;\" aria-level=\"1\"><span style=\"font-weight: 400;\">Anti Cellulite : L&rsquo;huile d&rsquo;orange est parfois utilis\u00e9e dans des produits de soin de la peau pour aider \u00e0 r\u00e9duire l&rsquo;apparence de la cellulite. Cependant, il est important de noter que son efficacit\u00e9 peut varier d&rsquo;une personne \u00e0 l&rsquo;autre. Elle peut contribuer \u00e0 am\u00e9liorer la texture de la peau et \u00e0 r\u00e9duire l&rsquo;aspect de la cellulite<\/span><\/li>\n<li style=\"font-weight: 400;\" aria-level=\"1\"><span style=\"font-weight: 400;\">\u00c9claircissante : Cette huile peut favoriser un teint plus lumineux et uniforme, r\u00e9duisant les taches pigmentaires et les marques.<\/span><\/li>\n<li style=\"font-weight: 400;\" aria-level=\"1\"><span style=\"font-weight: 400;\">Hydratante : Elle offre une hydratation l\u00e9g\u00e8re et est id\u00e9ale pour les peaux s\u00e8ches ou d\u00e9shydrat\u00e9es.<\/span><\/li>\n<li style=\"font-weight: 400;\" aria-level=\"1\"><span style=\"font-weight: 400;\">Ar\u00f4me agr\u00e9able : L&rsquo;ar\u00f4me d&rsquo;orange a un effet rafra\u00eechissant et stimulant, ce qui peut contribuer \u00e0 renforcer le moral et \u00e0 r\u00e9duire le stress.<\/span><\/li>\n<\/ul>\n<p><b>Pour les Cheveux :<\/b><\/p>\n<ul>\n<li style=\"font-weight: 400;\" aria-level=\"1\"><span style=\"font-weight: 400;\">Brillance : L&rsquo;huile d&rsquo;orange peut \u00eatre utilis\u00e9e pour ajouter de la brillance aux cheveux sans les alourdir.<\/span><\/li>\n<li style=\"font-weight: 400;\" aria-level=\"1\"><span style=\"font-weight: 400;\">Ar\u00f4me agr\u00e9able : Son parfum frais et agr\u00e9able donne aux produits capillaires une senteur fra\u00eeche et agr\u00e9able.<\/span><\/li>\n<li style=\"font-weight: 400;\" aria-level=\"1\"><span style=\"font-weight: 400;\">Apaisante : Elle peut aider \u00e0 apaiser un cuir chevelu irrit\u00e9 et \u00e0 r\u00e9duire les d\u00e9mangeaisons.<\/span><\/li>\n<\/ul>\n<p><span style=\"font-weight: 400;\">Tout comme pour l&rsquo;utilisation sur la peau, il est essentiel de diluer l&rsquo;huile d&rsquo;orange avant application sur les cheveux et de l&rsquo;utiliser avec pr\u00e9caution pour \u00e9viter toute irritation. Veillez \u00e9galement \u00e0 acheter des huiles de haute qualit\u00e9 provenant de sources fiables pour garantir leur puret\u00e9 et leur efficacit\u00e9. Cette huile apporte une touche de fra\u00eecheur et de bien-\u00eatre \u00e0 votre routine de soin de la peau et des cheveux.<\/span><\/p>\n","protected":false},"excerpt":{"rendered":"<p><span style=\"font-weight: 400;\">L&rsquo;huile d&rsquo;orange est\u00a0 d\u00e9riv\u00e9e des \u00e9corces d&rsquo;oranges douces (Citrus sinensis) par un processus de distillation \u00e0 froid ou d&rsquo;extraction \u00e0 froid. Elle est largement utilis\u00e9e en aromath\u00e9rapie, en parfumerie, en cuisine, et dans diverses applications de soins personnels en raison de son ar\u00f4me frais et agr\u00e9able, ainsi que de ses propri\u00e9t\u00e9s b\u00e9n\u00e9fiques pour la sant\u00e9.<\/span><\/p>\n","protected":false},"featured_media":18445,"comment_status":"open","ping_status":"closed","template":"","meta":[],"product_brand":[],"product_cat":[217],"product_tag":[],"class_list":{"0":"post-18441","1":"product","2":"type-product","3":"status-publish","4":"has-post-thumbnail","6":"product_cat-huiles-naturelles","8":"first","9":"outofstock","10":"taxable","11":"shipping-taxable","12":"purchasable","13":"product-type-variable"},"_links":{"self":[{"href":"https:\/\/akcharcosmetics.com\/fr\/wp-json\/wp\/v2\/product\/18441","targetHints":{"allow":["GET"]}}],"collection":[{"href":"https:\/\/akcharcosmetics.com\/fr\/wp-json\/wp\/v2\/product"}],"about":[{"href":"https:\/\/akcharcosmetics.com\/fr\/wp-json\/wp\/v2\/types\/product"}],"replies":[{"embeddable":true,"href":"https:\/\/akcharcosmetics.com\/fr\/wp-json\/wp\/v2\/comments?post=18441"}],"version-history":[{"count":1,"href":"https:\/\/akcharcosmetics.com\/fr\/wp-json\/wp\/v2\/product\/18441\/revisions"}],"predecessor-version":[{"id":18451,"href":"https:\/\/akcharcosmetics.com\/fr\/wp-json\/wp\/v2\/product\/18441\/revisions\/18451"}],"wp:featuredmedia":[{"embeddable":true,"href":"https:\/\/akcharcosmetics.com\/fr\/wp-json\/wp\/v2\/media\/18445"}],"wp:attachment":[{"href":"https:\/\/akcharcosmetics.com\/fr\/wp-json\/wp\/v2\/media?parent=18441"}],"wp:term":[{"taxonomy":"product_brand","embeddable":true,"href":"https:\/\/akcharcosmetics.com\/fr\/wp-json\/wp\/v2\/product_brand?post=18441"},{"taxonomy":"product_cat","embeddable":true,"href":"https:\/\/akcharcosmetics.com\/fr\/wp-json\/wp\/v2\/product_cat?post=18441"},{"taxonomy":"product_tag","embeddable":true,"href":"https:\/\/akcharcosmetics.com\/fr\/wp-json\/wp\/v2\/product_tag?post=18441"}],"curies":[{"name":"wp","href":"https:\/\/api.w.org\/{rel}","templated":true}]}}