{"id":18426,"date":"2023-11-21T10:28:58","date_gmt":"2023-11-21T10:28:58","guid":{"rendered":"https:\/\/akcharcosmetics.com\/?post_type=product&#038;p=18426"},"modified":"2025-06-01T04:30:32","modified_gmt":"2025-06-01T04:30:32","slug":"huile-de-nigelle","status":"publish","type":"product","link":"https:\/\/akcharcosmetics.com\/fr\/produit\/huile-de-nigelle\/","title":{"rendered":"Huile de Nigelle"},"content":{"rendered":"<p><b>Les bienfaits de l&rsquo;huile de Nigelle?<\/b><\/p>\n<p><b>Pour la Peau :<\/b><\/p>\n<ul>\n<li style=\"font-weight: 400;\" aria-level=\"1\"><b>Anti-inflammatoire et Apaisante :<\/b><span style=\"font-weight: 400;\"> L&rsquo;huile de Nigelle est connue pour ses propri\u00e9t\u00e9s anti-inflammatoires, ce qui la rend id\u00e9ale pour apaiser les peaux irrit\u00e9es, sujettes \u00e0 l&rsquo;acn\u00e9, ou souffrant de probl\u00e8mes cutan\u00e9s comme l&rsquo;ecz\u00e9ma et le psoriasis.<\/span><\/li>\n<li style=\"font-weight: 400;\" aria-level=\"1\"><b>Antioxydante :<\/b><span style=\"font-weight: 400;\"> Gr\u00e2ce \u00e0 sa richesse en antioxydants, notamment la thymoquinone, cette huile prot\u00e8ge la peau contre les radicaux libres, aidant ainsi \u00e0 pr\u00e9venir le vieillissement pr\u00e9matur\u00e9 de la peau.<\/span><\/li>\n<li style=\"font-weight: 400;\" aria-level=\"1\"><b>Hydratante et Nourrissante :<\/b><span style=\"font-weight: 400;\"> Elle hydrate en profondeur la peau, la laissant douce et souple. Elle nourrit \u00e9galement la peau en fournissant les nutriments essentiels n\u00e9cessaires \u00e0 une apparence saine.<\/span><\/li>\n<li style=\"font-weight: 400;\" aria-level=\"1\"><b>R\u00e9duction de Cicatrices :<\/b><span style=\"font-weight: 400;\"> L&rsquo;huile de Nigelle peut aider \u00e0 att\u00e9nuer l&rsquo;apparence des cicatrices, des marques d&rsquo;acn\u00e9 et des imperfections gr\u00e2ce \u00e0 ses propri\u00e9t\u00e9s r\u00e9g\u00e9n\u00e9ratrices.<\/span><\/li>\n<\/ul>\n<p><b>Pour les Cheveux :<\/b><\/p>\n<ul>\n<li style=\"font-weight: 400;\" aria-level=\"1\"><b>Soin Capillaire : <\/b><span style=\"font-weight: 400;\">L&rsquo;huile de Nigelle est un excellent traitement pour les cheveux. Elle nourrit les cheveux en profondeur, les rendant plus doux, plus forts et plus brillants.<\/span><\/li>\n<li style=\"font-weight: 400;\" aria-level=\"1\"><b>Stimulation de la Croissance :<\/b><span style=\"font-weight: 400;\"> Elle peut favoriser la croissance des cheveux en renfor\u00e7ant les follicules capillaires et en am\u00e9liorant la circulation sanguine du cuir chevelu.<\/span><\/li>\n<li style=\"font-weight: 400;\" aria-level=\"1\"><b>Lutte contre les Pellicules : <\/b><span style=\"font-weight: 400;\">L&rsquo;huile de Nigelle a des propri\u00e9t\u00e9s antifongiques qui aident \u00e0 lutter contre les pellicules et \u00e0 maintenir un cuir chevelu sain.<\/span><\/li>\n<\/ul>\n<p><span style=\"font-weight: 400;\">En somme, l&rsquo;huile de Nigelle est une huile polyvalente, appr\u00e9ci\u00e9e pour ses propri\u00e9t\u00e9s anti-inflammatoires, antioxydantes et nourrissantes. Elle offre une gamme compl\u00e8te de bienfaits pour la peau et les cheveux. Int\u00e9grez cette huile naturelle dans vos soins de beaut\u00e9 et votre routine de sant\u00e9 pour profiter de ses avantages exceptionnels.<\/span><\/p>\n","protected":false},"excerpt":{"rendered":"<p><span style=\"font-weight: 400;\">L&rsquo;huile de Nigelle, extraite des graines de cumin noir, est une huile pr\u00e9cieuse r\u00e9put\u00e9e pour ses nombreuses vertus pour la peau, les cheveux.\u00a0<\/span><\/p>\n","protected":false},"featured_media":18430,"comment_status":"open","ping_status":"closed","template":"","meta":[],"product_brand":[],"product_cat":[217],"product_tag":[],"class_list":{"0":"post-18426","1":"product","2":"type-product","3":"status-publish","4":"has-post-thumbnail","6":"product_cat-huiles-naturelles","8":"first","9":"outofstock","10":"taxable","11":"shipping-taxable","12":"purchasable","13":"product-type-variable"},"_links":{"self":[{"href":"https:\/\/akcharcosmetics.com\/fr\/wp-json\/wp\/v2\/product\/18426","targetHints":{"allow":["GET"]}}],"collection":[{"href":"https:\/\/akcharcosmetics.com\/fr\/wp-json\/wp\/v2\/product"}],"about":[{"href":"https:\/\/akcharcosmetics.com\/fr\/wp-json\/wp\/v2\/types\/product"}],"replies":[{"embeddable":true,"href":"https:\/\/akcharcosmetics.com\/fr\/wp-json\/wp\/v2\/comments?post=18426"}],"version-history":[{"count":1,"href":"https:\/\/akcharcosmetics.com\/fr\/wp-json\/wp\/v2\/product\/18426\/revisions"}],"predecessor-version":[{"id":18436,"href":"https:\/\/akcharcosmetics.com\/fr\/wp-json\/wp\/v2\/product\/18426\/revisions\/18436"}],"wp:featuredmedia":[{"embeddable":true,"href":"https:\/\/akcharcosmetics.com\/fr\/wp-json\/wp\/v2\/media\/18430"}],"wp:attachment":[{"href":"https:\/\/akcharcosmetics.com\/fr\/wp-json\/wp\/v2\/media?parent=18426"}],"wp:term":[{"taxonomy":"product_brand","embeddable":true,"href":"https:\/\/akcharcosmetics.com\/fr\/wp-json\/wp\/v2\/product_brand?post=18426"},{"taxonomy":"product_cat","embeddable":true,"href":"https:\/\/akcharcosmetics.com\/fr\/wp-json\/wp\/v2\/product_cat?post=18426"},{"taxonomy":"product_tag","embeddable":true,"href":"https:\/\/akcharcosmetics.com\/fr\/wp-json\/wp\/v2\/product_tag?post=18426"}],"curies":[{"name":"wp","href":"https:\/\/api.w.org\/{rel}","templated":true}]}}