{"id":18411,"date":"2023-11-21T10:25:42","date_gmt":"2023-11-21T10:25:42","guid":{"rendered":"https:\/\/akcharcosmetics.com\/?post_type=product&#038;p=18411"},"modified":"2025-06-07T14:52:29","modified_gmt":"2025-06-07T14:52:29","slug":"huile-de-fenugrec","status":"publish","type":"product","link":"https:\/\/akcharcosmetics.com\/fr\/produit\/huile-de-fenugrec\/","title":{"rendered":"Huile de fenugrec"},"content":{"rendered":"<p><b>A quoi sert l\u2019huile de fenugrec ?\u00a0<\/b><\/p>\n<p>&nbsp;<\/p>\n<p><span style=\"font-weight: 400;\">L\u2019huile de fenugrec, tout comme les graines, \u00e0 d\u2019\u00e9normes propri\u00e9t\u00e9s curatives.\u00a0<\/span><\/p>\n<p><span style=\"font-weight: 400;\">Antioxydant \u2013 Il emp\u00eache les cellules d\u2019endommager les radicaux libres.<\/span><\/p>\n<p><span style=\"font-weight: 400;\">Circulant \u2013 Il stimule la circulation sanguine.\u00a0<\/span><\/p>\n<p><span style=\"font-weight: 400;\">Galactagogue \u2013 Il favorise la lactation.\u00a0<\/span><\/p>\n<p>&nbsp;<\/p>\n<p><b>Les bienfaits de l\u2019huile de Fenugrec ?\u00a0<\/b><\/p>\n<p>&nbsp;<\/p>\n<p><span style=\"font-weight: 400;\">En raison de ses propri\u00e9t\u00e9s curatives, elle peut \u00eatre utilis\u00e9e dans un certain nombre de rem\u00e8des maison gr\u00e2ce auxquels on peut b\u00e9n\u00e9ficier de bienfaits pour la sant\u00e9.\u00a0<\/span><\/p>\n<p>&nbsp;<\/p>\n<p><b>Pour l\u2019Acn\u00e9:\u00a0<\/b><\/p>\n<p>&nbsp;<\/p>\n<p><span style=\"font-weight: 400;\">Verser environ 5 gouttes d\u2019huile de fenugrec dans 5 ml d\u2019huile de base, pour laquelle l\u2019huile de jojoba est le choix id\u00e9al. Masser cette huile sur le visage et la peau couverte de boutons d\u2019acn\u00e9. Il r\u00e9duit l\u2019inflammation et les rougeurs autour des boutons. Il soulage \u00e9galement le gonflement et la douleur qui viennent avec ces boutons. Cette application pr\u00e9vient \u00e9galement la formation de nouveaux points noirs. C\u2019est parce que les points noirs sont form\u00e9s par oxydation et l\u2019huile de fenugrec est un antioxydant, donc il emp\u00eache les boutons de s\u2019oxyder.<\/span><\/p>\n<p>&nbsp;<\/p>\n<p><b>Pour les Irritations:<\/b><span style=\"font-weight: 400;\">\u00a0<\/span><\/p>\n<p>&nbsp;<\/p>\n<p><span style=\"font-weight: 400;\">Peau irrit\u00e9e Souvent, notre peau est irrit\u00e9e \u00e0 cause d\u2019un stress environnemental. Il peut s\u2019agir d\u2019un temps extr\u00eamement sec, d\u2019un froid rigoureux ou d\u2019un allerg\u00e8ne qui irrite la peau. On peut ajouter quelques gouttes d\u2019huile \u00e0 l\u2019huile d\u2019olive et la masser sur la peau. Cela procure un soulagement de l\u2019irritation.\u00a0<\/span><\/p>\n<p>&nbsp;<\/p>\n<p><b>Pour le Massage:\u00a0<\/b><\/p>\n<p>&nbsp;<\/p>\n<p><span style=\"font-weight: 400;\">L\u2019huile essentielle de Fenugrec de massage est un excellent additif \u00e0 un traitement de massage. Elle peut \u00eatre ajout\u00e9e \u00e0 une huile de massage, comme l\u2019huile d\u2019amande douce et mass\u00e9e sur la peau. Ce massage apaise la peau, soulage l\u2019inflammation et rend la peau plus performante.\u00a0<\/span><\/p>\n<p>&nbsp;<\/p>\n<p><b>Pour l\u2019augmentation mammaire:\u00a0<\/b><\/p>\n<p>&nbsp;<\/p>\n<p><span style=\"font-weight: 400;\">L\u2019huile de fenugrec a plusieurs avantages ; l\u2019augmentation mammaire est l\u2019un des avantages les plus populaires chez les femmes. Cette huile offre des moyens naturels de raffermir les seins et aide \u00e9galement \u00e0 l\u2019agrandissement. Les produits associ\u00e9s tels que les cr\u00e8mes et les huiles contiennent ce composant. Cependant, l\u2019huile peut \u00eatre utilis\u00e9e directement par la personne pour la masser.\u00a0<\/span><\/p>\n<p>&nbsp;<\/p>\n<p><b>Pour les cheveux:\u00a0<\/b><\/p>\n<p>&nbsp;<\/p>\n<p><span style=\"font-weight: 400;\">L&rsquo;huile de fenugrec est un rem\u00e8de naturel pour la sant\u00e9 des cheveux, favorisant la croissance, pr\u00e9venant la perte de cheveux, renfor\u00e7ant, hydratant le cuir chevelu, et traitant les pellicules.\u00a0<\/span><\/p>\n","protected":false},"excerpt":{"rendered":"<p><span style=\"font-weight: 400;\">R\u00e9put\u00e9e pour fortifier les cheveux et stimuler leur pousse, l&rsquo;huile v\u00e9g\u00e9tale de Fenugrec BIO est appr\u00e9ci\u00e9e pour pr\u00e9parer des bains d\u2019huiles capillaires ou des huiles de massage du cuir chevelu. L&rsquo;huile v\u00e9g\u00e9tale de Fenugrec BIO est \u00e9galement utilis\u00e9e comme actif raffermissant et pour augmenter le galbe de la poitrine. <\/span><\/p>\n","protected":false},"featured_media":18415,"comment_status":"open","ping_status":"closed","template":"","meta":[],"product_brand":[],"product_cat":[217],"product_tag":[],"class_list":{"0":"post-18411","1":"product","2":"type-product","3":"status-publish","4":"has-post-thumbnail","6":"product_cat-huiles-naturelles","8":"first","9":"outofstock","10":"taxable","11":"shipping-taxable","12":"purchasable","13":"product-type-variable"},"_links":{"self":[{"href":"https:\/\/akcharcosmetics.com\/fr\/wp-json\/wp\/v2\/product\/18411","targetHints":{"allow":["GET"]}}],"collection":[{"href":"https:\/\/akcharcosmetics.com\/fr\/wp-json\/wp\/v2\/product"}],"about":[{"href":"https:\/\/akcharcosmetics.com\/fr\/wp-json\/wp\/v2\/types\/product"}],"replies":[{"embeddable":true,"href":"https:\/\/akcharcosmetics.com\/fr\/wp-json\/wp\/v2\/comments?post=18411"}],"version-history":[{"count":1,"href":"https:\/\/akcharcosmetics.com\/fr\/wp-json\/wp\/v2\/product\/18411\/revisions"}],"predecessor-version":[{"id":18421,"href":"https:\/\/akcharcosmetics.com\/fr\/wp-json\/wp\/v2\/product\/18411\/revisions\/18421"}],"wp:featuredmedia":[{"embeddable":true,"href":"https:\/\/akcharcosmetics.com\/fr\/wp-json\/wp\/v2\/media\/18415"}],"wp:attachment":[{"href":"https:\/\/akcharcosmetics.com\/fr\/wp-json\/wp\/v2\/media?parent=18411"}],"wp:term":[{"taxonomy":"product_brand","embeddable":true,"href":"https:\/\/akcharcosmetics.com\/fr\/wp-json\/wp\/v2\/product_brand?post=18411"},{"taxonomy":"product_cat","embeddable":true,"href":"https:\/\/akcharcosmetics.com\/fr\/wp-json\/wp\/v2\/product_cat?post=18411"},{"taxonomy":"product_tag","embeddable":true,"href":"https:\/\/akcharcosmetics.com\/fr\/wp-json\/wp\/v2\/product_tag?post=18411"}],"curies":[{"name":"wp","href":"https:\/\/api.w.org\/{rel}","templated":true}]}}