{"id":18395,"date":"2023-11-21T10:22:52","date_gmt":"2023-11-21T10:22:52","guid":{"rendered":"https:\/\/akcharcosmetics.com\/?post_type=product&#038;p=18395"},"modified":"2025-05-31T20:57:38","modified_gmt":"2025-05-31T20:57:38","slug":"huile-de-clou-de-girofle","status":"publish","type":"product","link":"https:\/\/akcharcosmetics.com\/fr\/produit\/huile-de-clou-de-girofle\/","title":{"rendered":"Huile de clou de girofle"},"content":{"rendered":"<p><b>Les avantages esth\u00e9tiques de l&rsquo;huile de clou de girofle :<\/b><b>\u00a0<\/b><\/p>\n<p><b>1- Hydratation de la peau s\u00e8che : <\/b><span style=\"font-weight: 400;\">L&rsquo;huile de clou de girofle est un rem\u00e8de<\/span> <span style=\"font-weight: 400;\">naturel pour la peau s\u00e8che. Elle peut \u00e9galement aider \u00e0 r\u00e9duire le gonflement<\/span> <span style=\"font-weight: 400;\">de la peau et les vergetures en ajoutant de l&rsquo;huile de clou de girofle \u00e0 un<\/span> <span style=\"font-weight: 400;\">produit non parfum\u00e9, tel qu&rsquo;un nettoyant ou une cr\u00e8me pour le visage, puis en<\/span> <span style=\"font-weight: 400;\">l&rsquo;appliquant sur la peau.<\/span><span style=\"font-weight: 400;\">\u00a0<\/span><\/p>\n<p><b>2- Traitement de l&rsquo;acn\u00e9 : <\/b><span style=\"font-weight: 400;\">L&rsquo;huile de clou de girofle peut \u00eatre utilis\u00e9e pour traiter<\/span> <span style=\"font-weight: 400;\">l&rsquo;acn\u00e9 en raison de sa teneur en eug\u00e9nol. Il r\u00e9duit la r\u00e9ponse inflammatoire de<\/span> <span style=\"font-weight: 400;\">l&rsquo;acn\u00e9. Dans ce cas, il doit \u00eatre dilu\u00e9 pour \u00e9viter d&rsquo;irriter la peau.<\/span><span style=\"font-weight: 400;\">\u00a0<\/span><\/p>\n<p><b>Les avantages pour la sant\u00e9 de l&rsquo;huile de clou de girofle :<\/b><b>\u00a0<\/b><\/p>\n<p><b>1- Soulagement des douleurs dentaires : <\/b><span style=\"font-weight: 400;\">L&rsquo;huile de clou de girofle peut aider \u00e0<\/span> <span style=\"font-weight: 400;\">pr\u00e9venir la carie dentaire et \u00e0 soulager les douleurs dentaires.<\/span><span style=\"font-weight: 400;\">\u00a0<\/span><\/p>\n<p><span style=\"font-weight: 400;\">Elle peut \u00eatre utilis\u00e9e comme anesth\u00e9sique local en la m\u00e9langeant avec une<\/span> <span style=\"font-weight: 400;\">huile porteuse comme l&rsquo;huile d&rsquo;olive ou l&rsquo;huile de noix de coco, puis en<\/span> <span style=\"font-weight: 400;\">appliquant ce m\u00e9lange sur la dent douloureuse. Cependant, il ne doit pas<\/span> <span style=\"font-weight: 400;\">toucher les gencives.<\/span><span style=\"font-weight: 400;\">\u00a0<\/span><\/p>\n<p><b>2- Soulagement des maux de t\u00eate : <\/b><span style=\"font-weight: 400;\">L&rsquo;huile de clou de girofle peut aider \u00e0<\/span> <span style=\"font-weight: 400;\">soulager les maux de t\u00eate en raison de ses flavono\u00efdes aux propri\u00e9t\u00e9s<\/span> <span style=\"font-weight: 400;\">anti-inflammatoires. Ces compos\u00e9s r\u00e9duisent l&rsquo;inflammation et ont un effet<\/span> <span style=\"font-weight: 400;\">rafra\u00eechissant. L&rsquo;huile de clou de girofle peut \u00e9galement \u00eatre utilis\u00e9e pour<\/span> <span style=\"font-weight: 400;\">r\u00e9duire les douleurs musculaires et articulaires.<\/span><span style=\"font-weight: 400;\">\u00a0<\/span><\/p>\n<p><span style=\"font-weight: 400;\">Notez que l&rsquo;utilisation de l&rsquo;huile de clou de girofle doit \u00eatre faite avec pr\u00e9caution, en<\/span> <span style=\"font-weight: 400;\">diluant l&rsquo;huile et en \u00e9vitant tout contact avec les muqueuses. <\/span><\/p>\n","protected":false},"excerpt":{"rendered":"<p><span style=\"font-weight: 400;\">L\u2019huile essentielle de giroflier est reconnue pour ses vertus anesth\u00e9siantes et<\/span> <span style=\"font-weight: 400;\">caut\u00e9risations au niveau des muqueuses ainsi que pour ses propri\u00e9t\u00e9s<\/span> <span style=\"font-weight: 400;\">anti-infectieuses exceptionnelles et anti-inflammatoires.<\/span><span style=\"font-weight: 400;\">\u00a0<\/span><span style=\"font-weight: 400;\">Stimulant g\u00e9n\u00e9ralement, cette huile vivifiante est r\u00e9put\u00e9e en cas de grande fatigue<\/span> <span style=\"font-weight: 400;\">physique ou intellectuelle. Le clou de girofle est traditionnellement utilis\u00e9 en cas de<\/span> <span style=\"font-weight: 400;\">caries et douleurs dentaires.<\/span><\/p>\n","protected":false},"featured_media":18399,"comment_status":"open","ping_status":"closed","template":"","meta":[],"product_brand":[],"product_cat":[217],"product_tag":[],"class_list":{"0":"post-18395","1":"product","2":"type-product","3":"status-publish","4":"has-post-thumbnail","6":"product_cat-huiles-naturelles","8":"first","9":"outofstock","10":"taxable","11":"shipping-taxable","12":"purchasable","13":"product-type-variable"},"_links":{"self":[{"href":"https:\/\/akcharcosmetics.com\/fr\/wp-json\/wp\/v2\/product\/18395","targetHints":{"allow":["GET"]}}],"collection":[{"href":"https:\/\/akcharcosmetics.com\/fr\/wp-json\/wp\/v2\/product"}],"about":[{"href":"https:\/\/akcharcosmetics.com\/fr\/wp-json\/wp\/v2\/types\/product"}],"replies":[{"embeddable":true,"href":"https:\/\/akcharcosmetics.com\/fr\/wp-json\/wp\/v2\/comments?post=18395"}],"version-history":[{"count":1,"href":"https:\/\/akcharcosmetics.com\/fr\/wp-json\/wp\/v2\/product\/18395\/revisions"}],"predecessor-version":[{"id":18405,"href":"https:\/\/akcharcosmetics.com\/fr\/wp-json\/wp\/v2\/product\/18395\/revisions\/18405"}],"wp:featuredmedia":[{"embeddable":true,"href":"https:\/\/akcharcosmetics.com\/fr\/wp-json\/wp\/v2\/media\/18399"}],"wp:attachment":[{"href":"https:\/\/akcharcosmetics.com\/fr\/wp-json\/wp\/v2\/media?parent=18395"}],"wp:term":[{"taxonomy":"product_brand","embeddable":true,"href":"https:\/\/akcharcosmetics.com\/fr\/wp-json\/wp\/v2\/product_brand?post=18395"},{"taxonomy":"product_cat","embeddable":true,"href":"https:\/\/akcharcosmetics.com\/fr\/wp-json\/wp\/v2\/product_cat?post=18395"},{"taxonomy":"product_tag","embeddable":true,"href":"https:\/\/akcharcosmetics.com\/fr\/wp-json\/wp\/v2\/product_tag?post=18395"}],"curies":[{"name":"wp","href":"https:\/\/api.w.org\/{rel}","templated":true}]}}