{"id":18380,"date":"2023-11-21T10:19:21","date_gmt":"2023-11-21T10:19:21","guid":{"rendered":"https:\/\/akcharcosmetics.com\/?post_type=product&#038;p=18380"},"modified":"2024-12-16T11:38:47","modified_gmt":"2024-12-16T11:38:47","slug":"huile-de-cyperus","status":"publish","type":"product","link":"https:\/\/akcharcosmetics.com\/fr\/produit\/huile-de-cyperus\/","title":{"rendered":"Huile de cyperus"},"content":{"rendered":"<p><b>Les bienfaits de l&rsquo;huile de cypr\u00e8s ?<\/b><\/p>\n<p><b>Pour la peau :<\/b><\/p>\n<ul>\n<li style=\"font-weight: 400;\" aria-level=\"1\"><span style=\"font-weight: 400;\">Hydratante et nourrissante : L&rsquo;huile de sagar est une riche source de vitamines et de phytost\u00e9rols, ce qui en fait un excellent choix pour hydrater et nourrir la peau. Il p\u00e9n\u00e8tre profond\u00e9ment dans la peau, la laissant douce, souple et bien nourrie.<\/span><\/li>\n<li style=\"font-weight: 400;\" aria-level=\"1\"><span style=\"font-weight: 400;\">Propri\u00e9t\u00e9s antioxydantes : Gr\u00e2ce \u00e0 son pouvoir antioxydant, cette huile aide \u00e0 prot\u00e9ger la peau des effets n\u00e9fastes des radicaux libres, contribuant ainsi \u00e0 pr\u00e9venir le vieillissement cutan\u00e9 pr\u00e9matur\u00e9.<\/span><\/li>\n<li style=\"font-weight: 400;\" aria-level=\"1\"><span style=\"font-weight: 400;\">R\u00e9duire la pousse des poils : L\u2019huile de Sagar est connue pour ses propri\u00e9t\u00e9s qui peuvent ralentir et r\u00e9duire la pousse des poils apr\u00e8s l\u2019\u00e9pilation. Il peut \u00eatre appliqu\u00e9 sur les zones touch\u00e9es pour des r\u00e9sultats plus durables.<\/span><\/li>\n<\/ul>\n<p><span style=\"font-weight: 400;\">L&rsquo;huile de cypr\u00e8s est une huile v\u00e9g\u00e9tale aux propri\u00e9t\u00e9s hydratantes, nourrissantes et antioxydantes, id\u00e9ale pour les soins de la peau. Il est \u00e9galement connu pour ses bienfaits dans la r\u00e9duction de la repousse des cheveux, ce qui en fait un produit polyvalent pour votre routine beaut\u00e9. Incorporez cette huile naturelle \u00e0 vos soins quotidiens pour b\u00e9n\u00e9ficier de ses nombreux bienfaits.<\/span><\/p>\n","protected":false},"excerpt":{"rendered":"<p><span style=\"font-weight: 400;\">L&rsquo;huile de cypr\u00e8s, \u00e9galement connue sous le nom d&rsquo;huile de noix de cypr\u00e8s, est une huile de support polyvalente qui apporte de nombreux bienfaits \u00e0 la peau. Elle est particuli\u00e8rement appr\u00e9ci\u00e9e pour sa teneur en vitamines et phytost\u00e9rols, ainsi que pour ses propri\u00e9t\u00e9s antioxydantes. Elle contribue \u00e9galement \u00e0 r\u00e9duire la pousse des poils aux aisselles.<\/span><\/p>\n","protected":false},"featured_media":18384,"comment_status":"open","ping_status":"closed","template":"","meta":[],"product_brand":[],"product_cat":[217],"product_tag":[],"class_list":{"0":"post-18380","1":"product","2":"type-product","3":"status-publish","4":"has-post-thumbnail","6":"product_cat-huiles-naturelles","8":"first","9":"outofstock","10":"taxable","11":"shipping-taxable","12":"purchasable","13":"product-type-variable"},"_links":{"self":[{"href":"https:\/\/akcharcosmetics.com\/fr\/wp-json\/wp\/v2\/product\/18380","targetHints":{"allow":["GET"]}}],"collection":[{"href":"https:\/\/akcharcosmetics.com\/fr\/wp-json\/wp\/v2\/product"}],"about":[{"href":"https:\/\/akcharcosmetics.com\/fr\/wp-json\/wp\/v2\/types\/product"}],"replies":[{"embeddable":true,"href":"https:\/\/akcharcosmetics.com\/fr\/wp-json\/wp\/v2\/comments?post=18380"}],"version-history":[{"count":1,"href":"https:\/\/akcharcosmetics.com\/fr\/wp-json\/wp\/v2\/product\/18380\/revisions"}],"predecessor-version":[{"id":18390,"href":"https:\/\/akcharcosmetics.com\/fr\/wp-json\/wp\/v2\/product\/18380\/revisions\/18390"}],"wp:featuredmedia":[{"embeddable":true,"href":"https:\/\/akcharcosmetics.com\/fr\/wp-json\/wp\/v2\/media\/18384"}],"wp:attachment":[{"href":"https:\/\/akcharcosmetics.com\/fr\/wp-json\/wp\/v2\/media?parent=18380"}],"wp:term":[{"taxonomy":"product_brand","embeddable":true,"href":"https:\/\/akcharcosmetics.com\/fr\/wp-json\/wp\/v2\/product_brand?post=18380"},{"taxonomy":"product_cat","embeddable":true,"href":"https:\/\/akcharcosmetics.com\/fr\/wp-json\/wp\/v2\/product_cat?post=18380"},{"taxonomy":"product_tag","embeddable":true,"href":"https:\/\/akcharcosmetics.com\/fr\/wp-json\/wp\/v2\/product_tag?post=18380"}],"curies":[{"name":"wp","href":"https:\/\/api.w.org\/{rel}","templated":true}]}}