{"id":18365,"date":"2023-11-21T10:16:00","date_gmt":"2023-11-21T10:16:00","guid":{"rendered":"https:\/\/akcharcosmetics.com\/?post_type=product&#038;p=18365"},"modified":"2024-05-30T10:48:27","modified_gmt":"2024-05-30T10:48:27","slug":"huile-de-pepin-de-raisin","status":"publish","type":"product","link":"https:\/\/akcharcosmetics.com\/fr\/produit\/huile-de-pepin-de-raisin\/","title":{"rendered":"Huile de p\u00e9pin de raisin"},"content":{"rendered":"<p><b>Peau :<\/b><b>\u00a0<\/b><\/p>\n<p><span style=\"font-weight: 400;\">Peau mature et ab\u00eem\u00e9e<\/span><span style=\"font-weight: 400;\">\u00a0<\/span><\/p>\n<p><span style=\"font-weight: 400;\">&#8211; Pour tout type de peau notamment la peau grasse ou mixte<\/span> <span style=\"font-weight: 400;\">&#8211; Anti-\u00e2ge visage et corps<\/span><span style=\"font-weight: 400;\">\u00a0<\/span><\/p>\n<p><span style=\"font-weight: 400;\">&#8211; Fluide et tr\u00e8s bien absorb\u00e9e par la Peau, elle ne laisse pas de film gras, id\u00e9al<\/span> <span style=\"font-weight: 400;\">pour le massage<\/span><span style=\"font-weight: 400;\">\u00a0<\/span><\/p>\n<p><span style=\"font-weight: 400;\">&#8211; D\u00e9sincrustante (Gommage corporel)<\/span><span style=\"font-weight: 400;\">\u00a0<\/span><\/p>\n<p><span style=\"font-weight: 400;\">&#8211; Ongles cassants<\/span><span style=\"font-weight: 400;\">\u00a0<\/span><\/p>\n<p><b>Cheveux :<\/b><b>\u00a0<\/b><\/p>\n<p><span style=\"font-weight: 400;\">Soin des cheveux fins, secs, ab\u00eem\u00e9s:<\/span><span style=\"font-weight: 400;\">\u00a0<\/span><\/p>\n<ul>\n<li><i><span style=\"font-weight: 400;\">Hydratation Profonde <\/span><\/i><span style=\"font-weight: 400;\">:<\/span> <span style=\"font-weight: 400;\">L&rsquo;huile de jojoba est une source d&rsquo;hydratation intense<\/span> <span style=\"font-weight: 400;\">pour les cheveux, p\u00e9n\u00e9trant profond\u00e9ment pour revitaliser et nourrir les<\/span> <span style=\"font-weight: 400;\">m\u00e8ches, tout en pr\u00e9venant la s\u00e9cheresse et les pointes fourchues.<\/span><\/li>\n<li><i><span style=\"font-weight: 400;\">\u00c9clat Naturel <\/span><\/i><span style=\"font-weight: 400;\">:<\/span> <span style=\"font-weight: 400;\">Utilis\u00e9e r\u00e9guli\u00e8rement, l&rsquo;huile de jojoba redonne \u00e0 vos cheveux<\/span> <span style=\"font-weight: 400;\">leur brillance naturelle, les laissant doux, soyeux et pleins de vitalit\u00e9.<\/span> <span style=\"font-weight: 400;\">\u25cf <\/span><i><span style=\"font-weight: 400;\">Renforcement Capillaire <\/span><\/i><span style=\"font-weight: 400;\">:<\/span> <span style=\"font-weight: 400;\">Elle renforce la structure des cheveux, contribuant \u00e0<\/span> <span style=\"font-weight: 400;\">r\u00e9duire la casse et favorisant la croissance saine des cheveux.<\/span><\/li>\n<li><i><span style=\"font-weight: 400;\">\u00c9quilibre du Cuir Chevelu <\/span><\/i><span style=\"font-weight: 400;\">:<\/span> <span style=\"font-weight: 400;\">L&rsquo;huile de jojoba r\u00e9gule la production de s\u00e9bum du<\/span> <span style=\"font-weight: 400;\">cuir chevelu, aidant \u00e0 maintenir un \u00e9quilibre sain, tout en minimisant les<\/span> <span style=\"font-weight: 400;\">pellicules et les irritations.<\/span><\/li>\n<li><i><span style=\"font-weight: 400;\">Polyvalente <\/span><\/i><span style=\"font-weight: 400;\">:<\/span> <span style=\"font-weight: 400;\">Que ce soit en soin pr\u00e9-shampooing, apr\u00e8s-shampooing, ou en<\/span> <span style=\"font-weight: 400;\">masque capillaire, l&rsquo;huile de jojoba s&rsquo;adapte \u00e0 tous les types de cheveux, des<\/span> <span style=\"font-weight: 400;\">plus fins aux plus \u00e9pais.<\/span><\/li>\n<\/ul>\n","protected":false},"excerpt":{"rendered":"<p><span style=\"font-weight: 400;\">D\u2019une composition tr\u00e8s \u00e9quilibr\u00e9e en acides gras, l\u2019huile v\u00e9g\u00e9tale de p\u00e9pin de raisin<\/span> <span style=\"font-weight: 400;\">est \u00e0 la fois nourrissante et r\u00e9gule la production de s\u00e9bum. Tr\u00e8s concentr\u00e9e en<\/span> <span style=\"font-weight: 400;\">polyph\u00e9nols antioxydants, c\u2019est l\u2019une des meilleures huiles anti-\u00e2ge, tant pour la<\/span> <span style=\"font-weight: 400;\">peau que pour les cheveux. De plus, elle p\u00e9n\u00e8tre facilement sans laisser de film<\/span> <span style=\"font-weight: 400;\">gras.<\/span><span style=\"font-weight: 400;\">\u00a0<\/span><\/p>\n","protected":false},"featured_media":18369,"comment_status":"open","ping_status":"closed","template":"","meta":[],"product_brand":[],"product_cat":[217],"product_tag":[],"class_list":{"0":"post-18365","1":"product","2":"type-product","3":"status-publish","4":"has-post-thumbnail","6":"product_cat-huiles-naturelles","8":"first","9":"outofstock","10":"taxable","11":"shipping-taxable","12":"purchasable","13":"product-type-variable"},"_links":{"self":[{"href":"https:\/\/akcharcosmetics.com\/fr\/wp-json\/wp\/v2\/product\/18365","targetHints":{"allow":["GET"]}}],"collection":[{"href":"https:\/\/akcharcosmetics.com\/fr\/wp-json\/wp\/v2\/product"}],"about":[{"href":"https:\/\/akcharcosmetics.com\/fr\/wp-json\/wp\/v2\/types\/product"}],"replies":[{"embeddable":true,"href":"https:\/\/akcharcosmetics.com\/fr\/wp-json\/wp\/v2\/comments?post=18365"}],"version-history":[{"count":1,"href":"https:\/\/akcharcosmetics.com\/fr\/wp-json\/wp\/v2\/product\/18365\/revisions"}],"predecessor-version":[{"id":18375,"href":"https:\/\/akcharcosmetics.com\/fr\/wp-json\/wp\/v2\/product\/18365\/revisions\/18375"}],"wp:featuredmedia":[{"embeddable":true,"href":"https:\/\/akcharcosmetics.com\/fr\/wp-json\/wp\/v2\/media\/18369"}],"wp:attachment":[{"href":"https:\/\/akcharcosmetics.com\/fr\/wp-json\/wp\/v2\/media?parent=18365"}],"wp:term":[{"taxonomy":"product_brand","embeddable":true,"href":"https:\/\/akcharcosmetics.com\/fr\/wp-json\/wp\/v2\/product_brand?post=18365"},{"taxonomy":"product_cat","embeddable":true,"href":"https:\/\/akcharcosmetics.com\/fr\/wp-json\/wp\/v2\/product_cat?post=18365"},{"taxonomy":"product_tag","embeddable":true,"href":"https:\/\/akcharcosmetics.com\/fr\/wp-json\/wp\/v2\/product_tag?post=18365"}],"curies":[{"name":"wp","href":"https:\/\/api.w.org\/{rel}","templated":true}]}}