{"id":18349,"date":"2023-11-21T10:10:54","date_gmt":"2023-11-21T10:10:54","guid":{"rendered":"https:\/\/akcharcosmetics.com\/?post_type=product&#038;p=18349"},"modified":"2024-05-30T10:48:27","modified_gmt":"2024-05-30T10:48:27","slug":"huile-de-jojoba","status":"publish","type":"product","link":"https:\/\/akcharcosmetics.com\/fr\/produit\/huile-de-jojoba\/","title":{"rendered":"Huile de jojoba"},"content":{"rendered":"<p><span style=\"font-weight: 400;\">L&rsquo;huile de jojoba est une huile v\u00e9g\u00e9tale aux nombreux bienfaits pour les cheveux et<\/span> <span style=\"font-weight: 400;\">la peau. R\u00e9gulatrice et hydratante, cette huile v\u00e9g\u00e9tale naturelle s\u2019utilise \u00e0 n\u2019importe<\/span> <span style=\"font-weight: 400;\">quel \u00e2ge et pour tous les types de peau et de cheveu.<\/span><span style=\"font-weight: 400;\">\u00a0<\/span><\/p>\n<p><b>Pour qui ?: <\/b><span style=\"font-weight: 400;\">tous types de peaux, notamment les peaux grasses. Cheveux gras,<\/span> <span style=\"font-weight: 400;\">ternes, fins, secs, cassants, fourchus<\/span><\/p>\n<p><b>Pour quoi ?: <\/b><span style=\"font-weight: 400;\">huile hydratante et \u00e9quilibrante pour peaux mixtes \u00e0 grasses, huile de<\/span> <span style=\"font-weight: 400;\">massage non grasse et p\u00e9n\u00e9trante, shampooings, baumes et masque capillaire,<\/span> <span style=\"font-weight: 400;\">seule ou en association.<\/span><span style=\"font-weight: 400;\">\u00a0<\/span><\/p>\n<p><b>Peau :<\/b><b>\u00a0<\/b><\/p>\n<p><span style=\"font-weight: 400;\">&#8211; Peau s\u00e8che, tr\u00e8s s\u00e8che, sensible et d\u00e9shydrat\u00e9e<\/span><span style=\"font-weight: 400;\">\u00a0<\/span><\/p>\n<p><span style=\"font-weight: 400;\">&#8211; Soin des peaux grasses et mixtes<\/span><span style=\"font-weight: 400;\">\u00a0<\/span><\/p>\n<p><span style=\"font-weight: 400;\">&#8211; Anti-\u00e2ge, anti-ride visage et corps<\/span><span style=\"font-weight: 400;\">\u00a0<\/span><\/p>\n<p><span style=\"font-weight: 400;\">&#8211; Protection de la peau face aux \u00e9l\u00e9ments naturels<\/span><span style=\"font-weight: 400;\">\u00a0<\/span><\/p>\n<p><span style=\"font-weight: 400;\">&#8211; P\u00e9n\u00e9tration rapide, ne laisse aucune sensation de gras apr\u00e8s application,<\/span> <span style=\"font-weight: 400;\">id\u00e9al pour le massage des b\u00e9b\u00e9s, enfants et adultes<\/span><span style=\"font-weight: 400;\">\u00a0<\/span><\/p>\n<p><span style=\"font-weight: 400;\">&#8211; D\u00e9maquillant adoucissant et protecteur<\/span><span style=\"font-weight: 400;\">\u00a0<\/span><\/p>\n<p><span style=\"font-weight: 400;\">&#8211; En huile de soin apr\u00e8s un bain ou une \u00e9pilation ou en apr\u00e8s-rasage<\/span> <b>Cheveux :<\/b><b>\u00a0<\/b><\/p>\n<p><span style=\"font-weight: 400;\">&#8211; Cheveux gras, secs \u00e0 racines grasses, ternes et d\u00e9vitalis\u00e9s<\/span><span style=\"font-weight: 400;\">\u00a0<\/span><\/p>\n<p><span style=\"font-weight: 400;\">&#8211; Pointes s\u00e8ches et ab\u00eem\u00e9es<\/span><span style=\"font-weight: 400;\">\u00a0<\/span><\/p>\n<p><span style=\"font-weight: 400;\">&#8211; \u00c9vite l\u2019accumulation de pellicules<\/span><span style=\"font-weight: 400;\">\u00a0<\/span><\/p>\n<p><span style=\"font-weight: 400;\">&#8211; Anti-chute<\/span><span style=\"font-weight: 400;\">\u00a0<\/span><\/p>\n<p><span style=\"font-weight: 400;\">Laissez-vous enchanter par les nombreux bienfaits de notre huile de jojoba, un alli\u00e9<\/span> <span style=\"font-weight: 400;\">naturel pour une peau et des cheveux resplendissants. Offrez \u00e0 votre corps et \u00e0 vos<\/span> <span style=\"font-weight: 400;\">cheveux l&rsquo;attention qu&rsquo;ils m\u00e9ritent avec notre huile de jojoba de qualit\u00e9 sup\u00e9rieure.<\/span><span style=\"font-weight: 400;\">\u00a0<\/span><\/p>\n<p><span style=\"font-weight: 400;\">Faites chaque jour une c\u00e9l\u00e9bration de beaut\u00e9 et de bien-\u00eatre. Commandez votre huile<\/span> <span style=\"font-weight: 400;\">de jojoba d\u00e8s aujourd&rsquo;hui et d\u00e9couvrez le secret d&rsquo;une beaut\u00e9 naturelle \u00e9clatante.<\/span><\/p>\n","protected":false},"excerpt":{"rendered":"<ul>\n<li><span style=\"font-weight: 400;\"> Huile de jojoba biologique 100 % pure est extraite des graines du jojoba.<\/span> <span style=\"font-weight: 400;\">\u25cf Pour la peau, les cheveux et le corps.<\/span><\/li>\n<li><span style=\"font-weight: 400;\"> Nourrissante, protectrice, r\u00e9-\u00e9quilibrante et adoucissante.<\/span><\/li>\n<li>P\u00e9n\u00e8tre facilement sans laisser une sensation de film gras sur la peau.<\/li>\n<\/ul>\n","protected":false},"featured_media":18353,"comment_status":"open","ping_status":"closed","template":"","meta":[],"product_brand":[],"product_cat":[217],"product_tag":[],"class_list":{"0":"post-18349","1":"product","2":"type-product","3":"status-publish","4":"has-post-thumbnail","6":"product_cat-huiles-naturelles","8":"first","9":"outofstock","10":"taxable","11":"shipping-taxable","12":"purchasable","13":"product-type-variable"},"_links":{"self":[{"href":"https:\/\/akcharcosmetics.com\/fr\/wp-json\/wp\/v2\/product\/18349","targetHints":{"allow":["GET"]}}],"collection":[{"href":"https:\/\/akcharcosmetics.com\/fr\/wp-json\/wp\/v2\/product"}],"about":[{"href":"https:\/\/akcharcosmetics.com\/fr\/wp-json\/wp\/v2\/types\/product"}],"replies":[{"embeddable":true,"href":"https:\/\/akcharcosmetics.com\/fr\/wp-json\/wp\/v2\/comments?post=18349"}],"version-history":[{"count":1,"href":"https:\/\/akcharcosmetics.com\/fr\/wp-json\/wp\/v2\/product\/18349\/revisions"}],"predecessor-version":[{"id":18359,"href":"https:\/\/akcharcosmetics.com\/fr\/wp-json\/wp\/v2\/product\/18349\/revisions\/18359"}],"wp:featuredmedia":[{"embeddable":true,"href":"https:\/\/akcharcosmetics.com\/fr\/wp-json\/wp\/v2\/media\/18353"}],"wp:attachment":[{"href":"https:\/\/akcharcosmetics.com\/fr\/wp-json\/wp\/v2\/media?parent=18349"}],"wp:term":[{"taxonomy":"product_brand","embeddable":true,"href":"https:\/\/akcharcosmetics.com\/fr\/wp-json\/wp\/v2\/product_brand?post=18349"},{"taxonomy":"product_cat","embeddable":true,"href":"https:\/\/akcharcosmetics.com\/fr\/wp-json\/wp\/v2\/product_cat?post=18349"},{"taxonomy":"product_tag","embeddable":true,"href":"https:\/\/akcharcosmetics.com\/fr\/wp-json\/wp\/v2\/product_tag?post=18349"}],"curies":[{"name":"wp","href":"https:\/\/api.w.org\/{rel}","templated":true}]}}