{"id":18332,"date":"2023-11-21T10:02:10","date_gmt":"2023-11-21T10:02:10","guid":{"rendered":"https:\/\/akcharcosmetics.com\/?post_type=product&#038;p=18332"},"modified":"2025-05-31T02:29:17","modified_gmt":"2025-05-31T02:29:17","slug":"huile-de-figue-de-barbarie","status":"publish","type":"product","link":"https:\/\/akcharcosmetics.com\/fr\/produit\/huile-de-figue-de-barbarie\/","title":{"rendered":"Huile de figue de barbarie"},"content":{"rendered":"<p><span style=\"font-weight: 400;\">Les bienfaits de l&rsquo;huile de graines de figue de Barbarie?\u00a0<\/span><\/p>\n<p><span style=\"font-weight: 400;\">Pour la peau :<\/span><\/p>\n<p><span style=\"font-weight: 400;\">Hydratation ultime : L&rsquo;huile de graines de figue de Barbarie est renomm\u00e9e pour ses propri\u00e9t\u00e9s hydratantes en profondeur. Elle p\u00e9n\u00e8tre rapidement dans la peau, emprisonnant l&rsquo;humidit\u00e9 et laissant votre peau douce, souple et radieuse.<\/span><\/p>\n<p><span style=\"font-weight: 400;\">Concentration d&rsquo;antioxydants : Riche en antioxydants, cette huile aide \u00e0 lutter contre les radicaux libres, r\u00e9duisant ainsi les signes de vieillissement pr\u00e9matur\u00e9. Elle favorise un teint jeune et contribue \u00e0 att\u00e9nuer l&rsquo;apparence des ridules et des rides.<\/span><\/p>\n<p><span style=\"font-weight: 400;\">Illumine la peau : La vitamine K et la vitamine E contenues dans l&rsquo;huile contribuent \u00e0 un teint plus lumineux. Elle peut aider \u00e0 estomper les taches sombres, les cicatrices d&rsquo;acn\u00e9 et l&rsquo;hyperpigmentation, vous offrant un teint plus uniforme.<\/span><\/p>\n<p><span style=\"font-weight: 400;\">Apaisante pour la peau : L&rsquo;huile de graines de figue de Barbarie est douce pour les peaux sensibles et poss\u00e8de des propri\u00e9t\u00e9s anti-inflammatoires, ce qui en fait un excellent choix pour apaiser les irritations cutan\u00e9es et les rougeurs.<\/span><\/p>\n<p><span style=\"font-weight: 400;\">Pour les cheveux :<\/span><\/p>\n<p><span style=\"font-weight: 400;\">Nourrissant en profondeur : Cette huile est un excellent choix pour les soins capillaires. Elle nourrit profond\u00e9ment les cheveux, les laissant doux, lisses et faciles \u00e0 coiffer.<\/span><\/p>\n<p><span style=\"font-weight: 400;\">Renforce les cheveux : L&rsquo;huile de graines de figue de Barbarie aide \u00e0 renforcer les cheveux, r\u00e9duisant la casse et les pointes fourchues. Elle favorise la sant\u00e9 globale des cheveux et leur r\u00e9silience.<\/span><\/p>\n<p><span style=\"font-weight: 400;\">Sant\u00e9 du cuir chevelu : Elle peut \u00eatre utilis\u00e9e pour masser et hydrater le cuir chevelu, favorisant un environnement sain pour la croissance des cheveux et r\u00e9duisant les pellicules ou les d\u00e9mangeaisons.<\/span><\/p>\n<p><span style=\"font-weight: 400;\">Brillance naturelle : Lorsqu&rsquo;elle est appliqu\u00e9e sur les cheveux, elle apporte une belle brillance sans les alourdir, donnant \u00e0 vos m\u00e8ches un aspect sain et lustr\u00e9.<\/span><\/p>\n<p><span style=\"font-weight: 400;\">En r\u00e9sum\u00e9, l&rsquo;huile de graines de figue de Barbarie est un produit de beaut\u00e9 naturel et luxueux qui offre une large gamme d&rsquo;avantages pour la peau et les cheveux. Avec son m\u00e9lange riche de vitamines, d&rsquo;antioxydants et de propri\u00e9t\u00e9s hydratantes, c&rsquo;est une solution id\u00e9ale pour obtenir une peau bien hydrat\u00e9e et un aspect jeune, tout en maintenant des cheveux sains et magnifiques. Int\u00e9grez cette huile remarquable dans votre routine de beaut\u00e9 quotidienne pour profiter de ses avantages exceptionnels.<\/span><\/p>\n","protected":false},"excerpt":{"rendered":"<p><span style=\"font-weight: 400;\">L&rsquo;huile de graines de figue de Barbarie, souvent appel\u00e9e huile de graines de figue de Barbarie, est une huile rare et luxueuse qui a gagn\u00e9 en reconnaissance pour ses avantages exceptionnels en mati\u00e8re de soins de la peau et des cheveux. Extraite des graines du cactus de figue de Barbarie, cette huile est riche en nutriments, antioxydants et vitamines, ce qui en fait un \u00e9lixir de beaut\u00e9 polyvalent.<\/span><\/p>\n","protected":false},"featured_media":18333,"comment_status":"open","ping_status":"closed","template":"","meta":[],"product_brand":[],"product_cat":[217],"product_tag":[],"class_list":{"0":"post-18332","1":"product","2":"type-product","3":"status-publish","4":"has-post-thumbnail","6":"product_cat-huiles-naturelles","8":"first","9":"outofstock","10":"taxable","11":"shipping-taxable","12":"purchasable","13":"product-type-variable"},"_links":{"self":[{"href":"https:\/\/akcharcosmetics.com\/fr\/wp-json\/wp\/v2\/product\/18332","targetHints":{"allow":["GET"]}}],"collection":[{"href":"https:\/\/akcharcosmetics.com\/fr\/wp-json\/wp\/v2\/product"}],"about":[{"href":"https:\/\/akcharcosmetics.com\/fr\/wp-json\/wp\/v2\/types\/product"}],"replies":[{"embeddable":true,"href":"https:\/\/akcharcosmetics.com\/fr\/wp-json\/wp\/v2\/comments?post=18332"}],"version-history":[{"count":1,"href":"https:\/\/akcharcosmetics.com\/fr\/wp-json\/wp\/v2\/product\/18332\/revisions"}],"predecessor-version":[{"id":18342,"href":"https:\/\/akcharcosmetics.com\/fr\/wp-json\/wp\/v2\/product\/18332\/revisions\/18342"}],"wp:featuredmedia":[{"embeddable":true,"href":"https:\/\/akcharcosmetics.com\/fr\/wp-json\/wp\/v2\/media\/18333"}],"wp:attachment":[{"href":"https:\/\/akcharcosmetics.com\/fr\/wp-json\/wp\/v2\/media?parent=18332"}],"wp:term":[{"taxonomy":"product_brand","embeddable":true,"href":"https:\/\/akcharcosmetics.com\/fr\/wp-json\/wp\/v2\/product_brand?post=18332"},{"taxonomy":"product_cat","embeddable":true,"href":"https:\/\/akcharcosmetics.com\/fr\/wp-json\/wp\/v2\/product_cat?post=18332"},{"taxonomy":"product_tag","embeddable":true,"href":"https:\/\/akcharcosmetics.com\/fr\/wp-json\/wp\/v2\/product_tag?post=18332"}],"curies":[{"name":"wp","href":"https:\/\/api.w.org\/{rel}","templated":true}]}}