{"id":18316,"date":"2023-11-21T09:57:50","date_gmt":"2023-11-21T09:57:50","guid":{"rendered":"https:\/\/akcharcosmetics.com\/?post_type=product&#038;p=18316"},"modified":"2025-06-05T15:36:50","modified_gmt":"2025-06-05T15:36:50","slug":"huile-damande-amere","status":"publish","type":"product","link":"https:\/\/akcharcosmetics.com\/fr\/produit\/huile-damande-amere\/","title":{"rendered":"Huile d&rsquo;amande am\u00e8re"},"content":{"rendered":"<p><b>Pourquoi choisir notre huile d&rsquo;amande am\u00e8re ?\u00a0<\/b><\/p>\n<p><b>Puret\u00e9 In\u00e9gal\u00e9e : <\/b><span style=\"font-weight: 400;\">Notre huile d&rsquo;amande am\u00e8re est produite de mani\u00e8re artisanale, en utilisant uniquement les meilleures amandes am\u00e8res, sans ajout de produits chimiques ni d&rsquo;additifs.<\/span><\/p>\n<p><b>Bienfaits pour la Peau : <\/b><span style=\"font-weight: 400;\">L&rsquo;huile d&rsquo;amande am\u00e8re est riche en acides gras essentiels, en vitamines E et en antioxydants naturels. Elle nourrit profond\u00e9ment la peau, la rendant douce, souple et rayonnante. Elle est \u00e9galement reconnue pour son action apaisante, id\u00e9ale pour calmer les irritations cutan\u00e9es et att\u00e9nuer les rougeurs.\u00a0<\/span><\/p>\n<p><b>Soins Capillaires : <\/b><span style=\"font-weight: 400;\">Redonnez de la vitalit\u00e9 \u00e0 vos cheveux avec l&rsquo;huile d&rsquo;amande am\u00e8re. Elle renforce les cheveux fragiles, favorise leur croissance et leur donne une brillance naturelle. En massant doucement le cuir chevelu avec cette huile, vous favoriserez une meilleure circulation sanguine et apaiserez les d\u00e9mangeaisons.\u00a0<\/span><\/p>\n<p><b>Ar\u00f4me Subtil et Raffin\u00e9 : <\/b><span style=\"font-weight: 400;\">L&rsquo;huile d&rsquo;amande am\u00e8re d\u00e9gage un ar\u00f4me envo\u00fbtant, \u00e0 la fois doux et subtil, qui vous emportera dans un voyage olfactif apaisant \u00e0 chaque application. Son parfum d\u00e9licat ajoute une touche d&rsquo;\u00e9l\u00e9gance \u00e0 votre routine de beaut\u00e9.\u00a0<\/span><\/p>\n<p><b>Utilisation Polyvalente : <\/b><span style=\"font-weight: 400;\">Elle est parfaite en tant qu&rsquo;huile de massage relaxante.\u00a0<\/span><\/p>\n<p><span style=\"font-weight: 400;\">Transformez votre routine en un rituel de bien-\u00eatre avec notre huile d&rsquo;amande am\u00e8re de qualit\u00e9 sup\u00e9rieure. Commandez d\u00e8s aujourd&rsquo;hui et offrez-vous une touche de luxe naturel.\u00a0<\/span><\/p>\n","protected":false},"excerpt":{"rendered":"<p><span style=\"font-weight: 400;\">L&rsquo;huile d&rsquo;amande am\u00e8re est un tr\u00e9sor de la nature qui offre une exp\u00e9rience sensorielle envo\u00fbtante et une multitude d&rsquo;avantages pour la sant\u00e9 et la beaut\u00e9. Notre huile d&rsquo;amande am\u00e8re est extraite avec soin \u00e0 partir des amandes am\u00e8res les plus fines, ce qui garantit une puret\u00e9 exceptionnelle et une qualit\u00e9 in\u00e9gal\u00e9e.\u00a0<\/span><\/p>\n","protected":false},"featured_media":18323,"comment_status":"open","ping_status":"closed","template":"","meta":[],"product_brand":[],"product_cat":[217],"product_tag":[],"class_list":{"0":"post-18316","1":"product","2":"type-product","3":"status-publish","4":"has-post-thumbnail","6":"product_cat-huiles-naturelles","8":"first","9":"outofstock","10":"taxable","11":"shipping-taxable","12":"purchasable","13":"product-type-variable"},"_links":{"self":[{"href":"https:\/\/akcharcosmetics.com\/fr\/wp-json\/wp\/v2\/product\/18316","targetHints":{"allow":["GET"]}}],"collection":[{"href":"https:\/\/akcharcosmetics.com\/fr\/wp-json\/wp\/v2\/product"}],"about":[{"href":"https:\/\/akcharcosmetics.com\/fr\/wp-json\/wp\/v2\/types\/product"}],"replies":[{"embeddable":true,"href":"https:\/\/akcharcosmetics.com\/fr\/wp-json\/wp\/v2\/comments?post=18316"}],"version-history":[{"count":1,"href":"https:\/\/akcharcosmetics.com\/fr\/wp-json\/wp\/v2\/product\/18316\/revisions"}],"predecessor-version":[{"id":18326,"href":"https:\/\/akcharcosmetics.com\/fr\/wp-json\/wp\/v2\/product\/18316\/revisions\/18326"}],"wp:featuredmedia":[{"embeddable":true,"href":"https:\/\/akcharcosmetics.com\/fr\/wp-json\/wp\/v2\/media\/18323"}],"wp:attachment":[{"href":"https:\/\/akcharcosmetics.com\/fr\/wp-json\/wp\/v2\/media?parent=18316"}],"wp:term":[{"taxonomy":"product_brand","embeddable":true,"href":"https:\/\/akcharcosmetics.com\/fr\/wp-json\/wp\/v2\/product_brand?post=18316"},{"taxonomy":"product_cat","embeddable":true,"href":"https:\/\/akcharcosmetics.com\/fr\/wp-json\/wp\/v2\/product_cat?post=18316"},{"taxonomy":"product_tag","embeddable":true,"href":"https:\/\/akcharcosmetics.com\/fr\/wp-json\/wp\/v2\/product_tag?post=18316"}],"curies":[{"name":"wp","href":"https:\/\/api.w.org\/{rel}","templated":true}]}}