{"id":18292,"date":"2023-11-21T09:49:44","date_gmt":"2023-11-21T09:49:44","guid":{"rendered":"https:\/\/akcharcosmetics.com\/?post_type=product&#038;p=18292"},"modified":"2025-09-03T17:58:23","modified_gmt":"2025-09-03T17:58:23","slug":"huile-marula","status":"publish","type":"product","link":"https:\/\/akcharcosmetics.com\/fr\/produit\/huile-marula\/","title":{"rendered":"Huile Marula"},"content":{"rendered":"<p><span style=\"font-weight: 400;\">Si cet actif commence seulement \u00e0 se faire une place dans la cosm\u00e9tique occidentale, les femmes africaines, et notamment Namibienne, l\u2019utilisent depuis des g\u00e9n\u00e9rations, que ce soit dans l\u2019alimentation ou dans leurs gestes beaut\u00e9.\u00a0<\/span><\/p>\n<p><b>Bienfaits de Huile Marula:\u00a0<\/b><\/p>\n<p><b>Hydratation et nutrition : <\/b><span style=\"font-weight: 400;\">l\u2019huile de marula, particuli\u00e8rement conseill\u00e9e pour les peaux s\u00e8ches et matures (qui souffrent souvent de s\u00e9cheresse cutan\u00e9e). Elle est riche en acides gras essentiels, notamment en acide linol\u00e9ique. est ainsi parfaitement hydrat\u00e9e, nourrie et renforc\u00e9e .\u00a0<\/span><\/p>\n<p><b>Protection : <\/b><span style=\"font-weight: 400;\">sa composition riche en acide gras favorise la reconstruction de la membrane des cellules ainsi que celle du ciment intercellulaire, la peau est donc plus r\u00e9sistante aux agressions (UV, temp\u00e9ratures extr\u00eames, pollution)\u00a0<\/span><\/p>\n<p><b>Antibact\u00e9rienne, r\u00e9paratrice et apaisante : <\/b><span style=\"font-weight: 400;\">elle pr\u00e9vient l\u2019apparition d\u2019imperfections et cicatrise les petites plaies et irritations. Elle redonne de la douceur et du confort \u00e0 la peau.\u00a0<\/span><\/p>\n<p><b>Huile de Marula : pour qui ?\u00a0<\/b><\/p>\n<p><b>Pour les peaux matures : <\/b><span style=\"font-weight: 400;\">gr\u00e2ce \u00e0 sa concentration en anti-oxydants, l\u2019huile de Marula r\u00e9duit la production de radicaux libres, pr\u00e9venant ainsi les signes de l\u2019\u00e2ge. Sa forte action hydratante permet de repulper les peaux en manque de tonus, de combler les ridules des peaux ass\u00e9ch\u00e9es. En pr\u00e9servant l\u2019hydratation naturelle de la peau, elle unifie le teint et vous offre un effet bonne mine.\u00a0<\/span><\/p>\n<p><b>Pour les peaux s\u00e8ches et les peaux sensibles : <\/b><span style=\"font-weight: 400;\">l\u2019huile de Marula, en raison de ses vertus apaisantes et cicatrisantes, est id\u00e9ale pour les peaux sensibles. Si vous souffrez<\/span><\/p>\n<p><span style=\"font-weight: 400;\">d\u2019irritations, de tiraillements, de rougeurs ou de picotements, elle va calmer le feu et nourrir la peau en profondeur, tout en assainissant par son action anti-bact\u00e9rienne. Vous retrouvez ainsi une peau douce et confortable au quotidien.\u00a0<\/span><\/p>\n<p><span style=\"font-weight: 400;\">Il est \u00e9galement b\u00e9n\u00e9fique pour les <\/span><span style=\"font-weight: 400;\">Cheveux<\/span><span style=\"font-weight: 400;\"> et les <\/span><span style=\"font-weight: 400;\">Ongles<\/span><span style=\"font-weight: 400;\">, car il contribue \u00e0 les renforcer et \u00e0 pousser rapidement.\u00a0<\/span><\/p>\n","protected":false},"excerpt":{"rendered":"<p><span style=\"font-weight: 400;\">L\u2019huile de Marula est particuli\u00e8rement riche en vitamine C, en vitamine E, en antioxydants et en acide ol\u00e9ique. Son exceptionnelle stabilit\u00e9 chimique lui permet de se conserver tr\u00e8s longtemps et de s\u2019int\u00e9grer parfaitement dans les soins cosm\u00e9tiques, sans s\u2019oxyder.\u00a0<\/span><\/p>\n","protected":false},"featured_media":18302,"comment_status":"open","ping_status":"closed","template":"","meta":[],"product_brand":[],"product_cat":[217],"product_tag":[],"class_list":{"0":"post-18292","1":"product","2":"type-product","3":"status-publish","4":"has-post-thumbnail","6":"product_cat-huiles-naturelles","8":"first","9":"outofstock","10":"taxable","11":"shipping-taxable","12":"purchasable","13":"product-type-variable"},"_links":{"self":[{"href":"https:\/\/akcharcosmetics.com\/fr\/wp-json\/wp\/v2\/product\/18292","targetHints":{"allow":["GET"]}}],"collection":[{"href":"https:\/\/akcharcosmetics.com\/fr\/wp-json\/wp\/v2\/product"}],"about":[{"href":"https:\/\/akcharcosmetics.com\/fr\/wp-json\/wp\/v2\/types\/product"}],"replies":[{"embeddable":true,"href":"https:\/\/akcharcosmetics.com\/fr\/wp-json\/wp\/v2\/comments?post=18292"}],"version-history":[{"count":1,"href":"https:\/\/akcharcosmetics.com\/fr\/wp-json\/wp\/v2\/product\/18292\/revisions"}],"predecessor-version":[{"id":18300,"href":"https:\/\/akcharcosmetics.com\/fr\/wp-json\/wp\/v2\/product\/18292\/revisions\/18300"}],"wp:featuredmedia":[{"embeddable":true,"href":"https:\/\/akcharcosmetics.com\/fr\/wp-json\/wp\/v2\/media\/18302"}],"wp:attachment":[{"href":"https:\/\/akcharcosmetics.com\/fr\/wp-json\/wp\/v2\/media?parent=18292"}],"wp:term":[{"taxonomy":"product_brand","embeddable":true,"href":"https:\/\/akcharcosmetics.com\/fr\/wp-json\/wp\/v2\/product_brand?post=18292"},{"taxonomy":"product_cat","embeddable":true,"href":"https:\/\/akcharcosmetics.com\/fr\/wp-json\/wp\/v2\/product_cat?post=18292"},{"taxonomy":"product_tag","embeddable":true,"href":"https:\/\/akcharcosmetics.com\/fr\/wp-json\/wp\/v2\/product_tag?post=18292"}],"curies":[{"name":"wp","href":"https:\/\/api.w.org\/{rel}","templated":true}]}}