{"id":18243,"date":"2023-11-18T11:28:39","date_gmt":"2023-11-18T11:28:39","guid":{"rendered":"https:\/\/akcharcosmetics.com\/?post_type=product&#038;p=18243"},"modified":"2024-10-09T10:35:44","modified_gmt":"2024-10-09T10:35:44","slug":"multivitamax","status":"publish","type":"product","link":"https:\/\/akcharcosmetics.com\/fr\/produit\/multivitamax\/","title":{"rendered":"MultiVitaMax"},"content":{"rendered":"<p><b>Les avantages et les bienfaits du compl\u00e9ment alimentaire MultiVitaMax ?\u00a0<\/b><\/p>\n<p><span style=\"font-weight: 400;\">Sant\u00e9 Globale : Notre compl\u00e9ment \u00ab\u00a0MultiVitaMax\u00a0\u00bb est une source compl\u00e8te de vitamines et min\u00e9raux essentiels pour soutenir la sant\u00e9 globale.\u00a0<\/span><\/p>\n<p><span style=\"font-weight: 400;\">Nutrition Compl\u00e8te : Il vous fournit les nutriments essentiels dont votre corps a besoin pour fonctionner de mani\u00e8re optimale.<\/span><\/p>\n<p><span style=\"font-weight: 400;\">Formule Multivitamin\u00e9e : \u00ab\u00a0MultiVitaMax\u00a0\u00bb contient un large \u00e9ventail de vitamines et de min\u00e9raux dans des proportions \u00e9quilibr\u00e9es.\u00a0<\/span><\/p>\n<p><span style=\"font-weight: 400;\">\u00c9nergie et Vitalit\u00e9 : Ce compl\u00e9ment alimentaire offre un regain d&rsquo;\u00e9nergie naturelle pour une meilleure qualit\u00e9 de vie.\u00a0<\/span><\/p>\n<p><span style=\"font-weight: 400;\">Facile \u00e0 Int\u00e9grer : Les capsules de \u00ab\u00a0MultiVitaMax\u00a0\u00bb sont faciles \u00e0 avaler et peuvent devenir ais\u00e9ment une partie de votre routine quotidienne.\u00a0<\/span><\/p>\n<p><span style=\"font-weight: 400;\">Qualit\u00e9 et S\u00e9curit\u00e9 : Notre produit est fabriqu\u00e9 dans une installation certifi\u00e9e ONSSA , ISO pour garantir la qualit\u00e9, la puret\u00e9 et la s\u00e9curit\u00e9.\u00a0<\/span><\/p>\n<p><span style=\"font-weight: 400;\">Les vitamines et min\u00e9raux sont essentiels pour maintenir une sant\u00e9 optimale. \u00ab\u00a0MultiVitaMax\u00a0\u00bb est con\u00e7u pour vous aider \u00e0 combler vos besoins nutritionnels de mani\u00e8re pratique.\u00a0<\/span><\/p>\n","protected":false},"excerpt":{"rendered":"<p><span style=\"font-weight: 400;\">D\u00e9couvrez \u00ab\u00a0MultiVitaMax,\u00a0\u00bb notre compl\u00e9ment alimentaire multivitamin\u00e9 sp\u00e9cialement formul\u00e9 pour soutenir votre sant\u00e9 globale. Si vous cherchez une solution compl\u00e8te pour couvrir vos besoins en vitamines et min\u00e9raux essentiels, notre produit est con\u00e7u pour vous.\u00a0<\/span><\/p>\n","protected":false},"featured_media":18250,"comment_status":"open","ping_status":"closed","template":"","meta":[],"product_brand":[],"product_cat":[202],"product_tag":[],"class_list":{"0":"post-18243","1":"product","2":"type-product","3":"status-publish","4":"has-post-thumbnail","6":"product_cat-les-supplements-therapeutiques","8":"first","9":"instock","10":"taxable","11":"shipping-taxable","12":"purchasable","13":"product-type-variable"},"_links":{"self":[{"href":"https:\/\/akcharcosmetics.com\/fr\/wp-json\/wp\/v2\/product\/18243","targetHints":{"allow":["GET"]}}],"collection":[{"href":"https:\/\/akcharcosmetics.com\/fr\/wp-json\/wp\/v2\/product"}],"about":[{"href":"https:\/\/akcharcosmetics.com\/fr\/wp-json\/wp\/v2\/types\/product"}],"replies":[{"embeddable":true,"href":"https:\/\/akcharcosmetics.com\/fr\/wp-json\/wp\/v2\/comments?post=18243"}],"version-history":[{"count":0,"href":"https:\/\/akcharcosmetics.com\/fr\/wp-json\/wp\/v2\/product\/18243\/revisions"}],"wp:featuredmedia":[{"embeddable":true,"href":"https:\/\/akcharcosmetics.com\/fr\/wp-json\/wp\/v2\/media\/18250"}],"wp:attachment":[{"href":"https:\/\/akcharcosmetics.com\/fr\/wp-json\/wp\/v2\/media?parent=18243"}],"wp:term":[{"taxonomy":"product_brand","embeddable":true,"href":"https:\/\/akcharcosmetics.com\/fr\/wp-json\/wp\/v2\/product_brand?post=18243"},{"taxonomy":"product_cat","embeddable":true,"href":"https:\/\/akcharcosmetics.com\/fr\/wp-json\/wp\/v2\/product_cat?post=18243"},{"taxonomy":"product_tag","embeddable":true,"href":"https:\/\/akcharcosmetics.com\/fr\/wp-json\/wp\/v2\/product_tag?post=18243"}],"curies":[{"name":"wp","href":"https:\/\/api.w.org\/{rel}","templated":true}]}}