{"id":18224,"date":"2023-11-18T11:20:04","date_gmt":"2023-11-18T11:20:04","guid":{"rendered":"https:\/\/akcharcosmetics.com\/?post_type=product&#038;p=18224"},"modified":"2024-10-09T10:35:45","modified_gmt":"2024-10-09T10:35:45","slug":"moringa-vitality","status":"publish","type":"product","link":"https:\/\/akcharcosmetics.com\/fr\/produit\/moringa-vitality\/","title":{"rendered":"Moringa Vitality"},"content":{"rendered":"<p><b>Les avantages et les bienfaits de compl\u00e9ment alimentaire Moringa Vitality ?\u00a0<\/b><\/p>\n<p><span style=\"font-weight: 400;\">Vitalit\u00e9 Am\u00e9lior\u00e9e : Notre compl\u00e9ment \u00ab\u00a0Moringa Vitality\u00a0\u00bb est formul\u00e9 pour augmenter votre \u00e9nergie, vous permettant de profiter pleinement de la vie.<\/span><\/p>\n<p><span style=\"font-weight: 400;\">Bien-\u00eatre Global : Il contribue \u00e0 votre sant\u00e9 g\u00e9n\u00e9rale en fournissant des nutriments essentiels \u00e0 votre corps.\u00a0<\/span><\/p>\n<p><span style=\"font-weight: 400;\">Formule Naturelle : \u00ab\u00a0Moringa Vitality\u00a0\u00bb contient de la moringa, une plante reconnue pour ses propri\u00e9t\u00e9s b\u00e9n\u00e9fiques pour la sant\u00e9.\u00a0<\/span><\/p>\n<p><span style=\"font-weight: 400;\">\u00c9nergie et Vitalit\u00e9 : Ce compl\u00e9ment alimentaire offre un regain d&rsquo;\u00e9nergie naturelle pour une meilleure qualit\u00e9 de vie.\u00a0<\/span><\/p>\n<p><span style=\"font-weight: 400;\">Facile \u00e0 Int\u00e9grer : Les capsules de \u00ab\u00a0Moringa Vitality\u00a0\u00bb sont faciles \u00e0 avaler et peuvent devenir ais\u00e9ment une partie de votre routine quotidienne.\u00a0<\/span><\/p>\n<p><span style=\"font-weight: 400;\">Qualit\u00e9 et S\u00e9curit\u00e9 : Notre produit est fabriqu\u00e9 dans une installation certifi\u00e9e ONSSA , ISO pour garantir la qualit\u00e9, la puret\u00e9 et la s\u00e9curit\u00e9.\u00a0<\/span><\/p>\n<p><span style=\"font-weight: 400;\">La vitalit\u00e9 et le bien-\u00eatre sont essentiels pour une vie \u00e9panouissante. \u00ab\u00a0Moringa Vitality\u00a0\u00bb est con\u00e7u pour vous aider \u00e0 am\u00e9liorer votre vitalit\u00e9 de mani\u00e8re naturelle.\u00a0<\/span><\/p>\n","protected":false},"excerpt":{"rendered":"<p><span style=\"font-weight: 400;\">D\u00e9couvrez \u00ab\u00a0Moringa Vitality,\u00a0\u00bb notre compl\u00e9ment alimentaire sp\u00e9cialement formul\u00e9 pour vous aider \u00e0 renforcer votre vitalit\u00e9 et votre bien-\u00eatre global, Les feuilles de l&rsquo;arbre Moringa contiennent tous les acides amines et les acides gras essentiels ainsi qu&rsquo;une grandevariete de vitamines et de mineraux. Si vous cherchez une solution naturelle pour augmenter votre \u00e9nergie, am\u00e9liorer votre sant\u00e9 et stimuler votre vitalit\u00e9, notre produit est con\u00e7u pour vous.\u00a0<\/span><\/p>\n","protected":false},"featured_media":18234,"comment_status":"open","ping_status":"closed","template":"","meta":[],"product_brand":[],"product_cat":[201],"product_tag":[],"class_list":{"0":"post-18224","1":"product","2":"type-product","3":"status-publish","4":"has-post-thumbnail","6":"product_cat-complements-alimentaires","8":"first","9":"instock","10":"featured","11":"taxable","12":"shipping-taxable","13":"purchasable","14":"product-type-variable"},"_links":{"self":[{"href":"https:\/\/akcharcosmetics.com\/fr\/wp-json\/wp\/v2\/product\/18224","targetHints":{"allow":["GET"]}}],"collection":[{"href":"https:\/\/akcharcosmetics.com\/fr\/wp-json\/wp\/v2\/product"}],"about":[{"href":"https:\/\/akcharcosmetics.com\/fr\/wp-json\/wp\/v2\/types\/product"}],"replies":[{"embeddable":true,"href":"https:\/\/akcharcosmetics.com\/fr\/wp-json\/wp\/v2\/comments?post=18224"}],"version-history":[{"count":0,"href":"https:\/\/akcharcosmetics.com\/fr\/wp-json\/wp\/v2\/product\/18224\/revisions"}],"wp:featuredmedia":[{"embeddable":true,"href":"https:\/\/akcharcosmetics.com\/fr\/wp-json\/wp\/v2\/media\/18234"}],"wp:attachment":[{"href":"https:\/\/akcharcosmetics.com\/fr\/wp-json\/wp\/v2\/media?parent=18224"}],"wp:term":[{"taxonomy":"product_brand","embeddable":true,"href":"https:\/\/akcharcosmetics.com\/fr\/wp-json\/wp\/v2\/product_brand?post=18224"},{"taxonomy":"product_cat","embeddable":true,"href":"https:\/\/akcharcosmetics.com\/fr\/wp-json\/wp\/v2\/product_cat?post=18224"},{"taxonomy":"product_tag","embeddable":true,"href":"https:\/\/akcharcosmetics.com\/fr\/wp-json\/wp\/v2\/product_tag?post=18224"}],"curies":[{"name":"wp","href":"https:\/\/api.w.org\/{rel}","templated":true}]}}