{"id":18206,"date":"2023-11-18T11:15:50","date_gmt":"2023-11-18T11:15:50","guid":{"rendered":"https:\/\/akcharcosmetics.com\/?post_type=product&#038;p=18206"},"modified":"2026-01-05T22:45:58","modified_gmt":"2026-01-05T22:45:58","slug":"lungcleanse-for-smokers","status":"publish","type":"product","link":"https:\/\/akcharcosmetics.com\/fr\/produit\/lungcleanse-for-smokers\/","title":{"rendered":"LungCleanse (for smokers)"},"content":{"rendered":"<p><b>Les avantages et les bienfaits de compl\u00e9ment alimentaire LungCleanse (pour les fumeurs) ?\u00a0<\/b><\/p>\n<p><span style=\"font-weight: 400;\">Sant\u00e9 Pulmonaire Am\u00e9lior\u00e9e : Notre compl\u00e9ment \u00ab\u00a0LungCleanse\u00a0\u00bb est formul\u00e9 pour aider \u00e0 d\u00e9toxifier et \u00e0 revitaliser les poumons, soutenant ainsi une meilleure fonction respiratoire.<\/span><\/p>\n<p><span style=\"font-weight: 400;\">Soutien Respiratoire : Il favorise une respiration plus facile et plus claire, am\u00e9liorant ainsi le confort respiratoire.\u00a0<\/span><\/p>\n<p><span style=\"font-weight: 400;\">Formule Naturelle : \u00ab\u00a0LungCleanse (pour les fumeurs)\u00a0\u00bb contient des ingr\u00e9dients naturels soigneusement s\u00e9lectionn\u00e9s pour leur efficacit\u00e9.\u00a0<\/span><\/p>\n<p><span style=\"font-weight: 400;\">\u00c9nergie et Vitalit\u00e9 : Ce compl\u00e9ment alimentaire offre un regain d&rsquo;\u00e9nergie naturelle pour une meilleure qualit\u00e9 de vie.\u00a0<\/span><\/p>\n<p><span style=\"font-weight: 400;\">Facile \u00e0 Int\u00e9grer : Les capsules de \u00ab\u00a0LungCleanse (pour les fumeurs)\u00a0\u00bb sont faciles \u00e0 avaler et peuvent devenir ais\u00e9ment une partie de votre routine quotidienne.\u00a0<\/span><\/p>\n<p><span style=\"font-weight: 400;\">Qualit\u00e9 et S\u00e9curit\u00e9 : Notre produit est fabriqu\u00e9 dans une installation certifi\u00e9e ONSSA , ISO pour garantir la qualit\u00e9, la puret\u00e9 et la s\u00e9curit\u00e9.\u00a0<\/span><\/p>\n<p><span style=\"font-weight: 400;\">La sant\u00e9 pulmonaire est essentielle pour une vie active et \u00e9panouissante. \u00ab\u00a0LungCleanse (pour les fumeurs)\u00a0\u00bb est con\u00e7u pour aider les fumeurs \u00e0 prendre soin de leurs poumons de mani\u00e8re naturelle.\u00a0<\/span><\/p>\n","protected":false},"excerpt":{"rendered":"<p><span style=\"font-weight: 400;\">D\u00e9couvrez \u00ab\u00a0LungCleanse (pour les fumeurs)\u00a0\u00bb, notre compl\u00e9ment alimentaire sp\u00e9cialement formul\u00e9 pour soutenir la sant\u00e9 pulmonaire des fumeurs. Si vous cherchez une solution naturelle pour nettoyer et revitaliser vos poumons apr\u00e8s avoir fum\u00e9, notre produit est con\u00e7u pour vous.\u00a0<\/span><\/p>\n","protected":false},"featured_media":18213,"comment_status":"open","ping_status":"closed","template":"","meta":[],"product_brand":[],"product_cat":[202],"product_tag":[],"class_list":{"0":"post-18206","1":"product","2":"type-product","3":"status-publish","4":"has-post-thumbnail","6":"product_cat-les-supplements-therapeutiques","8":"first","9":"instock","10":"featured","11":"taxable","12":"shipping-taxable","13":"purchasable","14":"product-type-variable"},"_links":{"self":[{"href":"https:\/\/akcharcosmetics.com\/fr\/wp-json\/wp\/v2\/product\/18206","targetHints":{"allow":["GET"]}}],"collection":[{"href":"https:\/\/akcharcosmetics.com\/fr\/wp-json\/wp\/v2\/product"}],"about":[{"href":"https:\/\/akcharcosmetics.com\/fr\/wp-json\/wp\/v2\/types\/product"}],"replies":[{"embeddable":true,"href":"https:\/\/akcharcosmetics.com\/fr\/wp-json\/wp\/v2\/comments?post=18206"}],"version-history":[{"count":0,"href":"https:\/\/akcharcosmetics.com\/fr\/wp-json\/wp\/v2\/product\/18206\/revisions"}],"wp:featuredmedia":[{"embeddable":true,"href":"https:\/\/akcharcosmetics.com\/fr\/wp-json\/wp\/v2\/media\/18213"}],"wp:attachment":[{"href":"https:\/\/akcharcosmetics.com\/fr\/wp-json\/wp\/v2\/media?parent=18206"}],"wp:term":[{"taxonomy":"product_brand","embeddable":true,"href":"https:\/\/akcharcosmetics.com\/fr\/wp-json\/wp\/v2\/product_brand?post=18206"},{"taxonomy":"product_cat","embeddable":true,"href":"https:\/\/akcharcosmetics.com\/fr\/wp-json\/wp\/v2\/product_cat?post=18206"},{"taxonomy":"product_tag","embeddable":true,"href":"https:\/\/akcharcosmetics.com\/fr\/wp-json\/wp\/v2\/product_tag?post=18206"}],"curies":[{"name":"wp","href":"https:\/\/api.w.org\/{rel}","templated":true}]}}