{"id":18190,"date":"2023-11-18T11:12:30","date_gmt":"2023-11-18T11:12:30","guid":{"rendered":"https:\/\/akcharcosmetics.com\/?post_type=product&#038;p=18190"},"modified":"2025-06-06T01:05:33","modified_gmt":"2025-06-06T01:05:33","slug":"hair-renew-pro","status":"publish","type":"product","link":"https:\/\/akcharcosmetics.com\/fr\/produit\/hair-renew-pro\/","title":{"rendered":"Hair Renew Pro"},"content":{"rendered":"<p><b>Les avantages et les bienfaits du compl\u00e9ment alimentaire Cheveux Renouveler Pro ?\u00a0<\/b><\/p>\n<p><span style=\"font-weight: 400;\">Vitalit\u00e9 des Cheveux Am\u00e9lior\u00e9e : Notre compl\u00e9ment \u00ab\u00a0Hair Renew Pro\u00a0\u00bb est formul\u00e9 pour nourrir les cheveux de l&rsquo;int\u00e9rieur, favorisant ainsi leur force, leur brillance et leur croissance.\u00a0<\/span><\/p>\n<p><span style=\"font-weight: 400;\">Cheveux en Sant\u00e9 : Il contribue \u00e0 la sant\u00e9 globale des cheveux en fournissant les nutriments essentiels dont ils ont besoin.<\/span><\/p>\n<p><span style=\"font-weight: 400;\">Formule Naturelle : \u00ab\u00a0Hair Renew Pro\u00a0\u00bb contient des ingr\u00e9dients naturels soigneusement s\u00e9lectionn\u00e9s pour leur efficacit\u00e9.\u00a0<\/span><\/p>\n<p><span style=\"font-weight: 400;\">\u00c9nergie et Vitalit\u00e9 : Ce compl\u00e9ment alimentaire offre un regain d&rsquo;\u00e9nergie naturelle pour favoriser la vitalit\u00e9 globale.\u00a0<\/span><\/p>\n<p><span style=\"font-weight: 400;\">Facile \u00e0 Int\u00e9grer : Les capsules de \u00ab\u00a0Hair Renew Pro\u00a0\u00bb sont faciles \u00e0 avaler et peuvent devenir ais\u00e9ment une partie de votre routine quotidienne.\u00a0<\/span><\/p>\n<p><span style=\"font-weight: 400;\">Qualit\u00e9 et S\u00e9curit\u00e9 : Notre produit est fabriqu\u00e9 dans une installation certifi\u00e9e ONSSA , ISO pour garantir la qualit\u00e9, la puret\u00e9 et la s\u00e9curit\u00e9.\u00a0<\/span><\/p>\n<p><span style=\"font-weight: 400;\">Des cheveux sains et vibrants sont un \u00e9l\u00e9ment cl\u00e9 de votre apparence. \u00ab\u00a0Hair Renew Pro\u00a0\u00bb est con\u00e7u pour vous aider \u00e0 am\u00e9liorer la vitalit\u00e9 de vos cheveux de mani\u00e8re naturelle.\u00a0<\/span><\/p>\n","protected":false},"excerpt":{"rendered":"<p><span style=\"font-weight: 400;\">D\u00e9couvrez \u00ab\u00a0Hair Renew Pro\u00a0\u00bb, notre compl\u00e9ment alimentaire sp\u00e9cialement formul\u00e9 pour soutenir la vitalit\u00e9 des cheveux. Si vous cherchez une solution naturelle pour favoriser la croissance des cheveux, am\u00e9liorer leur sant\u00e9 et pr\u00e9venir leur affaiblissement, notre produit est con\u00e7u pour vous.\u00a0<\/span><\/p>\n","protected":false},"featured_media":18194,"comment_status":"open","ping_status":"closed","template":"","meta":[],"product_brand":[],"product_cat":[84,202],"product_tag":[],"class_list":{"0":"post-18190","1":"product","2":"type-product","3":"status-publish","4":"has-post-thumbnail","6":"product_cat-soin-des-cheveux","7":"product_cat-les-supplements-therapeutiques","9":"first","10":"instock","11":"taxable","12":"shipping-taxable","13":"purchasable","14":"product-type-variable"},"_links":{"self":[{"href":"https:\/\/akcharcosmetics.com\/fr\/wp-json\/wp\/v2\/product\/18190","targetHints":{"allow":["GET"]}}],"collection":[{"href":"https:\/\/akcharcosmetics.com\/fr\/wp-json\/wp\/v2\/product"}],"about":[{"href":"https:\/\/akcharcosmetics.com\/fr\/wp-json\/wp\/v2\/types\/product"}],"replies":[{"embeddable":true,"href":"https:\/\/akcharcosmetics.com\/fr\/wp-json\/wp\/v2\/comments?post=18190"}],"version-history":[{"count":0,"href":"https:\/\/akcharcosmetics.com\/fr\/wp-json\/wp\/v2\/product\/18190\/revisions"}],"wp:featuredmedia":[{"embeddable":true,"href":"https:\/\/akcharcosmetics.com\/fr\/wp-json\/wp\/v2\/media\/18194"}],"wp:attachment":[{"href":"https:\/\/akcharcosmetics.com\/fr\/wp-json\/wp\/v2\/media?parent=18190"}],"wp:term":[{"taxonomy":"product_brand","embeddable":true,"href":"https:\/\/akcharcosmetics.com\/fr\/wp-json\/wp\/v2\/product_brand?post=18190"},{"taxonomy":"product_cat","embeddable":true,"href":"https:\/\/akcharcosmetics.com\/fr\/wp-json\/wp\/v2\/product_cat?post=18190"},{"taxonomy":"product_tag","embeddable":true,"href":"https:\/\/akcharcosmetics.com\/fr\/wp-json\/wp\/v2\/product_tag?post=18190"}],"curies":[{"name":"wp","href":"https:\/\/api.w.org\/{rel}","templated":true}]}}