{"id":18172,"date":"2023-11-18T11:03:17","date_gmt":"2023-11-18T11:03:17","guid":{"rendered":"https:\/\/akcharcosmetics.com\/?post_type=product&#038;p=18172"},"modified":"2025-05-31T05:23:48","modified_gmt":"2025-05-31T05:23:48","slug":"sleepease-revive","status":"publish","type":"product","link":"https:\/\/akcharcosmetics.com\/fr\/produit\/sleepease-revive\/","title":{"rendered":"SleepEase &#038; Revive"},"content":{"rendered":"<p><b>Les avantages et les bienfaits de compl\u00e9ment alimentaire Dormir facilement &amp; revivre ?\u00a0<\/b><\/p>\n<p><span style=\"font-weight: 400;\">Sommeil R\u00e9parateur : Notre compl\u00e9ment \u00ab\u00a0Dormir facilement &amp; revivre\u00a0\u00bb favorise un sommeil profond et r\u00e9parateur, vous permettant de vous r\u00e9veiller frais et repos\u00e9.\u00a0<\/span><\/p>\n<p><span style=\"font-weight: 400;\">Revitalisation Corporelle : Il contribue \u00e0 la revitalisation du corps, favorisant ainsi une meilleure r\u00e9cup\u00e9ration.<\/span><\/p>\n<p><span style=\"font-weight: 400;\">Formule Naturelle : \u00ab\u00a0Dormir facilement &amp; revivre\u00a0\u00bb contient des ingr\u00e9dients naturels soigneusement s\u00e9lectionn\u00e9s pour leur efficacit\u00e9.\u00a0<\/span><\/p>\n<p><span style=\"font-weight: 400;\">\u00c9nergie et Vitalit\u00e9 : Ce compl\u00e9ment alimentaire offre un regain d&rsquo;\u00e9nergie naturelle pour des journ\u00e9es actives.\u00a0<\/span><\/p>\n<p><span style=\"font-weight: 400;\">Facile \u00e0 Int\u00e9grer : Les capsules de \u00ab\u00a0Dormir facilement &amp; revivre\u00a0\u00bb sont faciles \u00e0 avaler et peuvent devenir ais\u00e9ment une partie de votre routine quotidienne.\u00a0<\/span><\/p>\n<p><span style=\"font-weight: 400;\">Qualit\u00e9 et S\u00e9curit\u00e9 : Notre produit est fabriqu\u00e9 dans une installation certifi\u00e9e ONSSA , ISO pour garantir la qualit\u00e9, la puret\u00e9 et la s\u00e9curit\u00e9.\u00a0<\/span><\/p>\n<p><span style=\"font-weight: 400;\">Un sommeil de qualit\u00e9 est essentiel pour une vie \u00e9panouissante. \u00ab\u00a0Dormir facilement &amp; revivre\u00a0\u00bb est con\u00e7u pour vous aider \u00e0 am\u00e9liorer votre sommeil et \u00e0 vous revitaliser de mani\u00e8re naturelle.<\/span><\/p>\n","protected":false},"excerpt":{"rendered":"<p><span style=\"font-weight: 400;\">D\u00e9couvrez \u00ab\u00a0Dormir facilement &amp; revivre\u00a0\u00bb, notre compl\u00e9ment alimentaire sp\u00e9cialement formul\u00e9 pour favoriser un sommeil r\u00e9parateur et une revitalisation corporelle optimale. Si vous cherchez une solution naturelle pour am\u00e9liorer la qualit\u00e9 de votre sommeil et vous r\u00e9veiller rafra\u00eechi et revitalis\u00e9, notre produit est con\u00e7u pour vous.\u00a0<\/span><\/p>\n","protected":false},"featured_media":18176,"comment_status":"open","ping_status":"closed","template":"","meta":[],"product_brand":[],"product_cat":[202],"product_tag":[],"class_list":{"0":"post-18172","1":"product","2":"type-product","3":"status-publish","4":"has-post-thumbnail","6":"product_cat-les-supplements-therapeutiques","8":"first","9":"instock","10":"taxable","11":"shipping-taxable","12":"purchasable","13":"product-type-variable"},"_links":{"self":[{"href":"https:\/\/akcharcosmetics.com\/fr\/wp-json\/wp\/v2\/product\/18172","targetHints":{"allow":["GET"]}}],"collection":[{"href":"https:\/\/akcharcosmetics.com\/fr\/wp-json\/wp\/v2\/product"}],"about":[{"href":"https:\/\/akcharcosmetics.com\/fr\/wp-json\/wp\/v2\/types\/product"}],"replies":[{"embeddable":true,"href":"https:\/\/akcharcosmetics.com\/fr\/wp-json\/wp\/v2\/comments?post=18172"}],"version-history":[{"count":0,"href":"https:\/\/akcharcosmetics.com\/fr\/wp-json\/wp\/v2\/product\/18172\/revisions"}],"wp:featuredmedia":[{"embeddable":true,"href":"https:\/\/akcharcosmetics.com\/fr\/wp-json\/wp\/v2\/media\/18176"}],"wp:attachment":[{"href":"https:\/\/akcharcosmetics.com\/fr\/wp-json\/wp\/v2\/media?parent=18172"}],"wp:term":[{"taxonomy":"product_brand","embeddable":true,"href":"https:\/\/akcharcosmetics.com\/fr\/wp-json\/wp\/v2\/product_brand?post=18172"},{"taxonomy":"product_cat","embeddable":true,"href":"https:\/\/akcharcosmetics.com\/fr\/wp-json\/wp\/v2\/product_cat?post=18172"},{"taxonomy":"product_tag","embeddable":true,"href":"https:\/\/akcharcosmetics.com\/fr\/wp-json\/wp\/v2\/product_tag?post=18172"}],"curies":[{"name":"wp","href":"https:\/\/api.w.org\/{rel}","templated":true}]}}