{"id":18154,"date":"2023-11-18T10:57:27","date_gmt":"2023-11-18T10:57:27","guid":{"rendered":"https:\/\/akcharcosmetics.com\/?post_type=product&#038;p=18154"},"modified":"2024-10-09T10:35:46","modified_gmt":"2024-10-09T10:35:46","slug":"mindfocus-max","status":"publish","type":"product","link":"https:\/\/akcharcosmetics.com\/fr\/produit\/mindfocus-max\/","title":{"rendered":"MindFocus Max"},"content":{"rendered":"<p><b>Les avantages et les bienfaits du compl\u00e9ment alimentaire MindFocus Max ?\u00a0<\/b><\/p>\n<p><span style=\"font-weight: 400;\">Clart\u00e9 Mentale Am\u00e9lior\u00e9e : Notre compl\u00e9ment \u00ab\u00a0MindFocus Max\u00a0\u00bb est con\u00e7u pour optimiser la clart\u00e9 mentale, am\u00e9liorant ainsi la concentration et la prise de d\u00e9cision.\u00a0<\/span><\/p>\n<p><span style=\"font-weight: 400;\">M\u00e9moire Am\u00e9lior\u00e9e : Il renforce la m\u00e9moire \u00e0 court et \u00e0 long terme, vous aidant \u00e0 vous souvenir des d\u00e9tails importants.\u00a0<\/span><\/p>\n<p><span style=\"font-weight: 400;\">\u00c9nergie et Vitalit\u00e9 Mentale : Ce compl\u00e9ment alimentaire offre un regain d&rsquo;\u00e9nergie mentale naturelle pour des performances cognitives am\u00e9lior\u00e9es.<\/span><\/p>\n<p><span style=\"font-weight: 400;\">Formule Naturelle : \u00ab\u00a0MindFocus Max\u00a0\u00bb contient des ingr\u00e9dients naturels soigneusement s\u00e9lectionn\u00e9s pour leur efficacit\u00e9.\u00a0<\/span><\/p>\n<p><span style=\"font-weight: 400;\">Facile \u00e0 Int\u00e9grer : Les capsules de \u00ab\u00a0MindFocus Max\u00a0\u00bb sont faciles \u00e0 avaler et peuvent devenir ais\u00e9ment une partie de votre routine quotidienne.\u00a0<\/span><\/p>\n<p><span style=\"font-weight: 400;\">Qualit\u00e9 et S\u00e9curit\u00e9 : Notre produit est fabriqu\u00e9 dans une installation certifi\u00e9e ONSSA , ISO pour garantir la qualit\u00e9, la puret\u00e9 et la s\u00e9curit\u00e9.\u00a0<\/span><\/p>\n<p><span style=\"font-weight: 400;\">La clart\u00e9 mentale est essentielle pour des performances optimales au travail, \u00e0 l&rsquo;\u00e9cole ou dans la vie quotidienne. \u00ab\u00a0MindFocus Max\u00a0\u00bb est con\u00e7u pour vous aider \u00e0 am\u00e9liorer vos fonctions cognitives de mani\u00e8re naturelle. <\/span><\/p>\n","protected":false},"excerpt":{"rendered":"<p><span style=\"font-weight: 400;\">D\u00e9couvrez \u00ab\u00a0MindFocus Max\u00a0\u00bb, notre compl\u00e9ment alimentaire sp\u00e9cialement formul\u00e9 pour stimuler la clart\u00e9 mentale et optimiser les performances cognitives. Si vous cherchez une solution naturelle pour renforcer votre concentration, votre m\u00e9moire et votre acuit\u00e9 mentale, notre produit est con\u00e7u pour vous.\u00a0<\/span><\/p>\n","protected":false},"featured_media":18161,"comment_status":"open","ping_status":"closed","template":"","meta":[],"product_brand":[],"product_cat":[202],"product_tag":[],"class_list":{"0":"post-18154","1":"product","2":"type-product","3":"status-publish","4":"has-post-thumbnail","6":"product_cat-les-supplements-therapeutiques","8":"first","9":"instock","10":"taxable","11":"shipping-taxable","12":"purchasable","13":"product-type-variable"},"_links":{"self":[{"href":"https:\/\/akcharcosmetics.com\/fr\/wp-json\/wp\/v2\/product\/18154","targetHints":{"allow":["GET"]}}],"collection":[{"href":"https:\/\/akcharcosmetics.com\/fr\/wp-json\/wp\/v2\/product"}],"about":[{"href":"https:\/\/akcharcosmetics.com\/fr\/wp-json\/wp\/v2\/types\/product"}],"replies":[{"embeddable":true,"href":"https:\/\/akcharcosmetics.com\/fr\/wp-json\/wp\/v2\/comments?post=18154"}],"version-history":[{"count":0,"href":"https:\/\/akcharcosmetics.com\/fr\/wp-json\/wp\/v2\/product\/18154\/revisions"}],"wp:featuredmedia":[{"embeddable":true,"href":"https:\/\/akcharcosmetics.com\/fr\/wp-json\/wp\/v2\/media\/18161"}],"wp:attachment":[{"href":"https:\/\/akcharcosmetics.com\/fr\/wp-json\/wp\/v2\/media?parent=18154"}],"wp:term":[{"taxonomy":"product_brand","embeddable":true,"href":"https:\/\/akcharcosmetics.com\/fr\/wp-json\/wp\/v2\/product_brand?post=18154"},{"taxonomy":"product_cat","embeddable":true,"href":"https:\/\/akcharcosmetics.com\/fr\/wp-json\/wp\/v2\/product_cat?post=18154"},{"taxonomy":"product_tag","embeddable":true,"href":"https:\/\/akcharcosmetics.com\/fr\/wp-json\/wp\/v2\/product_tag?post=18154"}],"curies":[{"name":"wp","href":"https:\/\/api.w.org\/{rel}","templated":true}]}}