{"id":18136,"date":"2023-11-18T10:53:06","date_gmt":"2023-11-18T10:53:06","guid":{"rendered":"https:\/\/akcharcosmetics.com\/?post_type=product&#038;p=18136"},"modified":"2025-06-02T04:47:52","modified_gmt":"2025-06-02T04:47:52","slug":"erectistrength","status":"publish","type":"product","link":"https:\/\/akcharcosmetics.com\/fr\/produit\/erectistrength\/","title":{"rendered":"ErectiStrength"},"content":{"rendered":"<p><b>Les avantages et les bienfaits de compl\u00e9ment alimentaire ErectiStrength ?\u00a0<\/b><\/p>\n<p><span style=\"font-weight: 400;\">Puissance \u00c9rectile Am\u00e9lior\u00e9e : Notre compl\u00e9ment \u00ab\u00a0ErectiStrength\u00a0\u00bb est sp\u00e9cialement con\u00e7u pour renforcer la puissance \u00e9rectile, favorisant ainsi des \u00e9rections plus fortes et durables.\u00a0<\/span><\/p>\n<p><span style=\"font-weight: 400;\">Satisfaction Intime : Il am\u00e9liore la satisfaction sexuelle, tant pour vous que pour votre partenaire.<\/span><\/p>\n<p><span style=\"font-weight: 400;\">\u00c9nergie et Vitalit\u00e9 : Ce compl\u00e9ment alimentaire offre un regain d&rsquo;\u00e9nergie naturelle pour des performances intimes plus longues et plus satisfaisantes.\u00a0<\/span><\/p>\n<p><span style=\"font-weight: 400;\">Formule Naturelle : \u00ab\u00a0ErectiStrength\u00a0\u00bb contient des ingr\u00e9dients naturels soigneusement s\u00e9lectionn\u00e9s pour leur efficacit\u00e9.\u00a0<\/span><\/p>\n<p><span style=\"font-weight: 400;\">Facile \u00e0 Int\u00e9grer : Les capsules de \u00ab\u00a0ErectiStrength\u00a0\u00bb sont faciles \u00e0 avaler et peuvent devenir ais\u00e9ment une partie de votre routine quotidienne.\u00a0<\/span><\/p>\n<p><span style=\"font-weight: 400;\">Qualit\u00e9 et S\u00e9curit\u00e9 : Notre produit est fabriqu\u00e9 dans une installation certifi\u00e9e ONSSA , ISO pour garantir la qualit\u00e9, la puret\u00e9 et la s\u00e9curit\u00e9.\u00a0<\/span><\/p>\n<p><span style=\"font-weight: 400;\">La puissance \u00e9rectile est essentielle pour une vie intime \u00e9panouie. \u00ab\u00a0ErectiStrength\u00a0\u00bb est con\u00e7u pour vous aider \u00e0 am\u00e9liorer vos performances intimes de mani\u00e8re naturelle.\u00a0<\/span><\/p>\n","protected":false},"excerpt":{"rendered":"<p><span style=\"font-weight: 400;\">D\u00e9couvrez \u00ab\u00a0ErectiStrength\u00a0\u00bb, notre compl\u00e9ment alimentaire sp\u00e9cialement formul\u00e9 pour aider les hommes \u00e0 retrouver et \u00e0 renforcer leur puissance \u00e9rectile. Si vous cherchez une solution naturelle pour am\u00e9liorer vos performances intimes, notre produit est con\u00e7u pour vous.\u00a0<\/span><\/p>\n","protected":false},"featured_media":18146,"comment_status":"open","ping_status":"closed","template":"","meta":[],"product_brand":[],"product_cat":[202],"product_tag":[],"class_list":{"0":"post-18136","1":"product","2":"type-product","3":"status-publish","4":"has-post-thumbnail","6":"product_cat-les-supplements-therapeutiques","8":"first","9":"instock","10":"taxable","11":"shipping-taxable","12":"purchasable","13":"product-type-variable"},"_links":{"self":[{"href":"https:\/\/akcharcosmetics.com\/fr\/wp-json\/wp\/v2\/product\/18136","targetHints":{"allow":["GET"]}}],"collection":[{"href":"https:\/\/akcharcosmetics.com\/fr\/wp-json\/wp\/v2\/product"}],"about":[{"href":"https:\/\/akcharcosmetics.com\/fr\/wp-json\/wp\/v2\/types\/product"}],"replies":[{"embeddable":true,"href":"https:\/\/akcharcosmetics.com\/fr\/wp-json\/wp\/v2\/comments?post=18136"}],"version-history":[{"count":0,"href":"https:\/\/akcharcosmetics.com\/fr\/wp-json\/wp\/v2\/product\/18136\/revisions"}],"wp:featuredmedia":[{"embeddable":true,"href":"https:\/\/akcharcosmetics.com\/fr\/wp-json\/wp\/v2\/media\/18146"}],"wp:attachment":[{"href":"https:\/\/akcharcosmetics.com\/fr\/wp-json\/wp\/v2\/media?parent=18136"}],"wp:term":[{"taxonomy":"product_brand","embeddable":true,"href":"https:\/\/akcharcosmetics.com\/fr\/wp-json\/wp\/v2\/product_brand?post=18136"},{"taxonomy":"product_cat","embeddable":true,"href":"https:\/\/akcharcosmetics.com\/fr\/wp-json\/wp\/v2\/product_cat?post=18136"},{"taxonomy":"product_tag","embeddable":true,"href":"https:\/\/akcharcosmetics.com\/fr\/wp-json\/wp\/v2\/product_tag?post=18136"}],"curies":[{"name":"wp","href":"https:\/\/api.w.org\/{rel}","templated":true}]}}