{"id":18118,"date":"2023-11-18T10:49:09","date_gmt":"2023-11-18T10:49:09","guid":{"rendered":"https:\/\/akcharcosmetics.com\/?post_type=product&#038;p=18118"},"modified":"2025-06-02T07:38:57","modified_gmt":"2025-06-02T07:38:57","slug":"rapid-climax-control","status":"publish","type":"product","link":"https:\/\/akcharcosmetics.com\/fr\/produit\/rapid-climax-control\/","title":{"rendered":"Rapid Climax Control"},"content":{"rendered":"<p><b>Les avantages et les bienfaits de compl\u00e9ment alimentaire Rapid Climax Control ?\u00a0<\/b><\/p>\n<p><span style=\"font-weight: 400;\">Contr\u00f4le Am\u00e9lior\u00e9 : Notre compl\u00e9ment \u00ab\u00a0Rapid Climax Control\u00a0\u00bb est con\u00e7u pour aider \u00e0 prolonger l&rsquo;acte sexuel en favorisant un meilleur contr\u00f4le de l&rsquo;\u00e9jaculation.\u00a0<\/span><\/p>\n<p><span style=\"font-weight: 400;\">Satisfaction Intime : Il am\u00e9liore la satisfaction sexuelle, tant pour vous que pour votre partenaire.<\/span><\/p>\n<p><span style=\"font-weight: 400;\">\u00c9nergie et Vitalit\u00e9 : Ce compl\u00e9ment alimentaire offre un regain d&rsquo;\u00e9nergie naturelle pour des performances sexuelles plus longues et plus satisfaisantes.\u00a0<\/span><\/p>\n<p><span style=\"font-weight: 400;\">Formule Naturelle : \u00ab\u00a0Rapid Climax Control\u00a0\u00bb contient des ingr\u00e9dients naturels soigneusement s\u00e9lectionn\u00e9s pour leur efficacit\u00e9.\u00a0<\/span><\/p>\n<p><span style=\"font-weight: 400;\">Facile \u00e0 Int\u00e9grer : Les capsules de \u00ab\u00a0Rapid Climax Control\u00a0\u00bb sont faciles \u00e0 avaler et peuvent devenir ais\u00e9ment une partie de votre routine quotidienne.\u00a0<\/span><\/p>\n<p><span style=\"font-weight: 400;\">Qualit\u00e9 et S\u00e9curit\u00e9 : Notre produit est fabriqu\u00e9 dans une installation certifi\u00e9e ONSSA , ISO pour garantir la qualit\u00e9, la puret\u00e9 et la s\u00e9curit\u00e9.\u00a0<\/span><\/p>\n<p><span style=\"font-weight: 400;\">Le contr\u00f4le de l&rsquo;\u00e9jaculation est un aspect essentiel de la satisfaction sexuelle. \u00ab\u00a0Rapid Climax Control\u00a0\u00bb est con\u00e7u pour vous aider \u00e0 prolonger et \u00e0 am\u00e9liorer vos moments intimes de mani\u00e8re naturelle.\u00a0<\/span><\/p>\n","protected":false},"excerpt":{"rendered":"<p><span style=\"font-weight: 400;\">D\u00e9couvrez \u00ab\u00a0Rapid Climax Control\u00a0\u00bb, notre compl\u00e9ment alimentaire sp\u00e9cialement formul\u00e9 pour aider les hommes \u00e0 mieux contr\u00f4ler leur \u00e9jaculation et \u00e0 prolonger leur plaisir intime. Si vous recherchez une solution naturelle pour am\u00e9liorer votre endurance sexuelle, notre produit est con\u00e7u pour vous.\u00a0<\/span><\/p>\n","protected":false},"featured_media":18122,"comment_status":"open","ping_status":"closed","template":"","meta":[],"product_brand":[],"product_cat":[202],"product_tag":[],"class_list":{"0":"post-18118","1":"product","2":"type-product","3":"status-publish","4":"has-post-thumbnail","6":"product_cat-les-supplements-therapeutiques","8":"first","9":"instock","10":"taxable","11":"shipping-taxable","12":"purchasable","13":"product-type-variable"},"_links":{"self":[{"href":"https:\/\/akcharcosmetics.com\/fr\/wp-json\/wp\/v2\/product\/18118","targetHints":{"allow":["GET"]}}],"collection":[{"href":"https:\/\/akcharcosmetics.com\/fr\/wp-json\/wp\/v2\/product"}],"about":[{"href":"https:\/\/akcharcosmetics.com\/fr\/wp-json\/wp\/v2\/types\/product"}],"replies":[{"embeddable":true,"href":"https:\/\/akcharcosmetics.com\/fr\/wp-json\/wp\/v2\/comments?post=18118"}],"version-history":[{"count":0,"href":"https:\/\/akcharcosmetics.com\/fr\/wp-json\/wp\/v2\/product\/18118\/revisions"}],"wp:featuredmedia":[{"embeddable":true,"href":"https:\/\/akcharcosmetics.com\/fr\/wp-json\/wp\/v2\/media\/18122"}],"wp:attachment":[{"href":"https:\/\/akcharcosmetics.com\/fr\/wp-json\/wp\/v2\/media?parent=18118"}],"wp:term":[{"taxonomy":"product_brand","embeddable":true,"href":"https:\/\/akcharcosmetics.com\/fr\/wp-json\/wp\/v2\/product_brand?post=18118"},{"taxonomy":"product_cat","embeddable":true,"href":"https:\/\/akcharcosmetics.com\/fr\/wp-json\/wp\/v2\/product_cat?post=18118"},{"taxonomy":"product_tag","embeddable":true,"href":"https:\/\/akcharcosmetics.com\/fr\/wp-json\/wp\/v2\/product_tag?post=18118"}],"curies":[{"name":"wp","href":"https:\/\/api.w.org\/{rel}","templated":true}]}}