{"id":18099,"date":"2023-11-18T10:45:18","date_gmt":"2023-11-18T10:45:18","guid":{"rendered":"https:\/\/akcharcosmetics.com\/?post_type=product&#038;p=18099"},"modified":"2026-01-05T22:44:00","modified_gmt":"2026-01-05T22:44:00","slug":"feminine-desire-for-women","status":"publish","type":"product","link":"https:\/\/akcharcosmetics.com\/fr\/produit\/feminine-desire-for-women\/","title":{"rendered":"Feminine Desire (for women)"},"content":{"rendered":"<p><b>Les avantages et les bienfaits de compl\u00e9ment alimentaire Feminine Desire (pour les femmes) ?\u00a0<\/b><\/p>\n<p><span style=\"font-weight: 400;\">Adapt\u00e9 aux Femmes : Notre compl\u00e9ment alimentaire \u00ab\u00a0Feminine Desire \u00a0\u00bb a \u00e9t\u00e9 minutieusement \u00e9labor\u00e9 pour r\u00e9pondre aux besoins distincts des femmes.\u00a0<\/span><\/p>\n<p><span style=\"font-weight: 400;\">Libido Am\u00e9lior\u00e9e : Il favorise le d\u00e9sir sexuel et la libido, soutenant une vie sexuelle saine et \u00e9panouie.<\/span><\/p>\n<p><span style=\"font-weight: 400;\">\u00c9quilibre Hormonal : Ce compl\u00e9ment aide \u00e0 maintenir l&rsquo;\u00e9quilibre hormonal, essentiel pour le bien-\u00eatre g\u00e9n\u00e9ral.\u00a0<\/span><\/p>\n<p><span style=\"font-weight: 400;\">\u00c9nergie et Vitalit\u00e9 : \u00ab\u00a0Feminine Desire\u00a0\u00bb offre un regain d&rsquo;\u00e9nergie naturelle pour rester active et concentr\u00e9e tout au long de la journ\u00e9e.\u00a0<\/span><\/p>\n<p><span style=\"font-weight: 400;\">R\u00e9duction du Stress : Il contribue \u00e0 r\u00e9duire le stress et \u00e0 favoriser la relaxation, am\u00e9liorant ainsi la qualit\u00e9 de vie.\u00a0<\/span><\/p>\n<p><span style=\"font-weight: 400;\">Facile \u00e0 Int\u00e9grer : Les capsules de \u00ab\u00a0Feminine Desire (pour les femmes)\u00a0\u00bb sont faciles \u00e0 avaler et peuvent devenir ais\u00e9ment une partie de votre routine quotidienne.\u00a0<\/span><\/p>\n<p><span style=\"font-weight: 400;\">Qualit\u00e9 et S\u00e9curit\u00e9 : Notre produit est fabriqu\u00e9 dans une installation certifi\u00e9e ONSSA , ISO pour garantir la qualit\u00e9, la puret\u00e9 et la s\u00e9curit\u00e9.\u00a0<\/span><\/p>\n<p><span style=\"font-weight: 400;\">Le bien-\u00eatre f\u00e9minin est essentiel pour mener une vie \u00e9panouie. \u00ab\u00a0Feminine Desire \u00a0\u00bb est con\u00e7u pour r\u00e9pondre aux besoins uniques des femmes et promouvoir leur bien-\u00eatre g\u00e9n\u00e9ral.\u00a0<\/span><\/p>\n","protected":false},"excerpt":{"rendered":"<p><span style=\"font-weight: 400;\">D\u00e9couvrez \u00ab\u00a0Feminine Desire (pour les femmes)\u00a0\u00bb, notre compl\u00e9ment alimentaire sp\u00e9cialement formul\u00e9 pour soutenir le bien-\u00eatre des femmes. Cette formule unique a \u00e9t\u00e9 cr\u00e9\u00e9e pour r\u00e9pondre aux besoins sp\u00e9cifiques des femmes et favoriser la sant\u00e9 sexuelle et la vitalit\u00e9.\u00a0<\/span><\/p>\n","protected":false},"featured_media":18109,"comment_status":"open","ping_status":"closed","template":"","meta":[],"product_brand":[],"product_cat":[202],"product_tag":[],"class_list":{"0":"post-18099","1":"product","2":"type-product","3":"status-publish","4":"has-post-thumbnail","6":"product_cat-les-supplements-therapeutiques","8":"first","9":"instock","10":"taxable","11":"shipping-taxable","12":"purchasable","13":"product-type-variable"},"_links":{"self":[{"href":"https:\/\/akcharcosmetics.com\/fr\/wp-json\/wp\/v2\/product\/18099","targetHints":{"allow":["GET"]}}],"collection":[{"href":"https:\/\/akcharcosmetics.com\/fr\/wp-json\/wp\/v2\/product"}],"about":[{"href":"https:\/\/akcharcosmetics.com\/fr\/wp-json\/wp\/v2\/types\/product"}],"replies":[{"embeddable":true,"href":"https:\/\/akcharcosmetics.com\/fr\/wp-json\/wp\/v2\/comments?post=18099"}],"version-history":[{"count":0,"href":"https:\/\/akcharcosmetics.com\/fr\/wp-json\/wp\/v2\/product\/18099\/revisions"}],"wp:featuredmedia":[{"embeddable":true,"href":"https:\/\/akcharcosmetics.com\/fr\/wp-json\/wp\/v2\/media\/18109"}],"wp:attachment":[{"href":"https:\/\/akcharcosmetics.com\/fr\/wp-json\/wp\/v2\/media?parent=18099"}],"wp:term":[{"taxonomy":"product_brand","embeddable":true,"href":"https:\/\/akcharcosmetics.com\/fr\/wp-json\/wp\/v2\/product_brand?post=18099"},{"taxonomy":"product_cat","embeddable":true,"href":"https:\/\/akcharcosmetics.com\/fr\/wp-json\/wp\/v2\/product_cat?post=18099"},{"taxonomy":"product_tag","embeddable":true,"href":"https:\/\/akcharcosmetics.com\/fr\/wp-json\/wp\/v2\/product_tag?post=18099"}],"curies":[{"name":"wp","href":"https:\/\/api.w.org\/{rel}","templated":true}]}}