{"id":18081,"date":"2023-11-18T10:40:51","date_gmt":"2023-11-18T10:40:51","guid":{"rendered":"https:\/\/akcharcosmetics.com\/?post_type=product&#038;p=18081"},"modified":"2026-01-05T22:49:10","modified_gmt":"2026-01-05T22:49:10","slug":"virility-boost-for-men","status":"publish","type":"product","link":"https:\/\/akcharcosmetics.com\/fr\/produit\/virility-boost-for-men\/","title":{"rendered":"Virility Boost (for men)"},"content":{"rendered":"<p><b>Les avantages et les bienfaits de compl\u00e9ment alimentaire \u00ab\u00a0Virility Boost (for men)\u00a0\u00bb ?\u00a0<\/b><\/p>\n<p><span style=\"font-weight: 400;\">Performance au Maximum : Notre formule unique est sp\u00e9cialement con\u00e7ue pour am\u00e9liorer les performances masculines, y compris la vitalit\u00e9 sexuelle.\u00a0<\/span><\/p>\n<p><span style=\"font-weight: 400;\">\u00c9nergie et Vitalit\u00e9 : \u00ab\u00a0Virility Boost\u00a0\u00bb offre un coup de pouce naturel d&rsquo;\u00e9nergie pour que vous restiez actif toute la journ\u00e9e.<\/span><\/p>\n<p><span style=\"font-weight: 400;\">\u00c9quilibre Hormonal : Il soutient l&rsquo;\u00e9quilibre hormonal, ce qui peut am\u00e9liorer le bien-\u00eatre g\u00e9n\u00e9ral des hommes.\u00a0<\/span><\/p>\n<p><span style=\"font-weight: 400;\">R\u00e9duction du Stress : Notre compl\u00e9ment aide \u00e0 r\u00e9duire le stress, favorisant ainsi une meilleure relaxation.\u00a0<\/span><\/p>\n<p><span style=\"font-weight: 400;\">Incorporation Facile : Les capsules de \u00ab\u00a0Virility Boost (for men)\u00a0\u00bb sont faciles \u00e0 avaler et peuvent \u00eatre int\u00e9gr\u00e9es en toute simplicit\u00e9 dans votre routine quotidienne.\u00a0<\/span><\/p>\n<p><span style=\"font-weight: 400;\">Qualit\u00e9 et S\u00e9curit\u00e9 : Notre produit est fabriqu\u00e9 dans une installation certifi\u00e9e ONSSA , ISO pour garantir la qualit\u00e9, la puret\u00e9 et la s\u00e9curit\u00e9.\u00a0<\/span><\/p>\n<p><span style=\"font-weight: 400;\">La vitalit\u00e9 masculine est essentielle pour maintenir un mode de vie actif et \u00e9panoui. \u00ab\u00a0Virility Boost (for men)\u00a0\u00bb est con\u00e7u pour vous aider \u00e0 retrouver votre vitalit\u00e9 masculine de mani\u00e8re naturelle.\u00a0<\/span><\/p>\n","protected":false},"excerpt":{"rendered":"<p><span style=\"font-weight: 400;\">\u00ab\u00a0Virility Boost (for men)\u00a0\u00bb est une formule de compl\u00e9ment alimentaire sp\u00e9cialement con\u00e7ue pour soutenir la vitalit\u00e9 masculine. Formul\u00e9 avec soin pour r\u00e9pondre aux besoins des hommes actifs et modernes, ce compl\u00e9ment combine des ingr\u00e9dients naturels tels que l&rsquo;\u00e9pim\u00e8de (aussi connue sous le nom d&rsquo;herbe du bouc cornu), le muira puama, le maca et le tribulus, tous connus pour leurs bienfaits pour la sant\u00e9 masculine.\u00a0<\/span><\/p>\n","protected":false},"featured_media":18088,"comment_status":"open","ping_status":"closed","template":"","meta":[],"product_brand":[],"product_cat":[202],"product_tag":[],"class_list":{"0":"post-18081","1":"product","2":"type-product","3":"status-publish","4":"has-post-thumbnail","6":"product_cat-les-supplements-therapeutiques","8":"first","9":"instock","10":"taxable","11":"shipping-taxable","12":"purchasable","13":"product-type-variable"},"_links":{"self":[{"href":"https:\/\/akcharcosmetics.com\/fr\/wp-json\/wp\/v2\/product\/18081","targetHints":{"allow":["GET"]}}],"collection":[{"href":"https:\/\/akcharcosmetics.com\/fr\/wp-json\/wp\/v2\/product"}],"about":[{"href":"https:\/\/akcharcosmetics.com\/fr\/wp-json\/wp\/v2\/types\/product"}],"replies":[{"embeddable":true,"href":"https:\/\/akcharcosmetics.com\/fr\/wp-json\/wp\/v2\/comments?post=18081"}],"version-history":[{"count":0,"href":"https:\/\/akcharcosmetics.com\/fr\/wp-json\/wp\/v2\/product\/18081\/revisions"}],"wp:featuredmedia":[{"embeddable":true,"href":"https:\/\/akcharcosmetics.com\/fr\/wp-json\/wp\/v2\/media\/18088"}],"wp:attachment":[{"href":"https:\/\/akcharcosmetics.com\/fr\/wp-json\/wp\/v2\/media?parent=18081"}],"wp:term":[{"taxonomy":"product_brand","embeddable":true,"href":"https:\/\/akcharcosmetics.com\/fr\/wp-json\/wp\/v2\/product_brand?post=18081"},{"taxonomy":"product_cat","embeddable":true,"href":"https:\/\/akcharcosmetics.com\/fr\/wp-json\/wp\/v2\/product_cat?post=18081"},{"taxonomy":"product_tag","embeddable":true,"href":"https:\/\/akcharcosmetics.com\/fr\/wp-json\/wp\/v2\/product_tag?post=18081"}],"curies":[{"name":"wp","href":"https:\/\/api.w.org\/{rel}","templated":true}]}}