{"id":18057,"date":"2023-11-18T10:32:42","date_gmt":"2023-11-18T10:32:42","guid":{"rendered":"https:\/\/akcharcosmetics.com\/?post_type=product&#038;p=18057"},"modified":"2025-05-31T17:44:27","modified_gmt":"2025-05-31T17:44:27","slug":"maca-marvel","status":"publish","type":"product","link":"https:\/\/akcharcosmetics.com\/fr\/produit\/maca-marvel\/","title":{"rendered":"Maca Marvel"},"content":{"rendered":"<p><span style=\"font-weight: 400;\">De nos jours, la maca est plus connue pour ses propri\u00e9t\u00e9s b\u00e9n\u00e9fiques sur l\u2019organisme que pour ses utilisations alimentaires. Cette popularit\u00e9 est en partie due \u00e0 ses propri\u00e9t\u00e9s stimulantes sur les performances physiques et mentales et ses qualit\u00e9s aphrodisiaques. V\u00e9ritable source d\u2019\u00e9nergie, la maca est surtout reconnue pour stimuler le d\u00e9sir sexuel des hommes et des femmes. En raison de ses vertus, la maca est aussi connue sous le nom de \u00ab ginseng p\u00e9ruvien \u00bb. Que vous cherchiez \u00e0 augmenter votre \u00e9nergie, \u00e0 am\u00e9liorer la vitalit\u00e9, ou \u00e0 soutenir la sant\u00e9 hormonale, notre produit est con\u00e7u pour vous aider \u00e0 retrouver votre bien-\u00eatre naturel.\u00a0<\/span><\/p>\n<p><b>Les avantages et les bienfaits du compl\u00e9ment alimentaire Maca Marvel ?<\/b><\/p>\n<p><span style=\"font-weight: 400;\">Maca de Qualit\u00e9 : Notre compl\u00e9ment \u00ab\u00a0Maca Marvel\u00a0\u00bb est \u00e9labor\u00e9 avec de la maca de haute qualit\u00e9, r\u00e9put\u00e9e pour sa teneur en nutriments b\u00e9n\u00e9fiques.\u00a0<\/span><\/p>\n<p><span style=\"font-weight: 400;\">Vitalit\u00e9 Am\u00e9lior\u00e9e : Il favorise la vitalit\u00e9 en stimulant l&rsquo;\u00e9nergie naturelle de votre corps.\u00a0<\/span><\/p>\n<p><span style=\"font-weight: 400;\">\u00c9quilibre Hormonal : La maca est connue pour ses bienfaits sur l&rsquo;\u00e9quilibre hormonal, favorisant la sant\u00e9 hormonale.\u00a0<\/span><\/p>\n<p><span style=\"font-weight: 400;\">Soutien de la Libido : Il augmente la libido et am\u00e9liore la vie sexuelle pour les femmes et les hommes.\u00a0<\/span><\/p>\n<p><span style=\"font-weight: 400;\">R\u00e9duction du Stress : \u00ab\u00a0Maca Marvel\u00a0\u00bb contribue \u00e0 r\u00e9duire le stress et \u00e0 favoriser la relaxation.\u00a0<\/span><\/p>\n<p><span style=\"font-weight: 400;\">Facile \u00e0 Int\u00e9grer : Les capsules de \u00ab\u00a0Maca Marvel\u00a0\u00bb sont faciles \u00e0 avaler et peuvent \u00eatre int\u00e9gr\u00e9es ais\u00e9ment \u00e0 votre routine quotidienne.\u00a0<\/span><\/p>\n<p><span style=\"font-weight: 400;\">Qualit\u00e9 et S\u00e9curit\u00e9 : Notre produit est fabriqu\u00e9 dans une installation certifi\u00e9e ONSSA , ISO pour garantir la qualit\u00e9, la puret\u00e9 et la s\u00e9curit\u00e9.\u00a0<\/span><\/p>\n<p><span style=\"font-weight: 400;\">La maca est une racine polyvalente pour favoriser la vitalit\u00e9 et l&rsquo;\u00e9quilibre hormonal. \u00ab\u00a0Maca Marvel\u00a0\u00bb est con\u00e7u pour vous aider \u00e0 retrouver votre bien-\u00eatre naturel.\u00a0<\/span><\/p>\n","protected":false},"excerpt":{"rendered":"<p><span style=\"font-weight: 400;\">D\u00e9couvrez \u00ab\u00a0Maca Marvel\u00a0\u00bb, notre compl\u00e9ment alimentaire \u00e0 base de maca, une racine v\u00e9n\u00e9r\u00e9e depuis des si\u00e8cles pour ses propri\u00e9t\u00e9s revigorantes et ses bienfaits pour la sant\u00e9. <\/span><\/p>\n","protected":false},"featured_media":18061,"comment_status":"open","ping_status":"closed","template":"","meta":[],"product_brand":[],"product_cat":[201],"product_tag":[],"class_list":{"0":"post-18057","1":"product","2":"type-product","3":"status-publish","4":"has-post-thumbnail","6":"product_cat-complements-alimentaires","8":"first","9":"instock","10":"taxable","11":"shipping-taxable","12":"purchasable","13":"product-type-variable"},"_links":{"self":[{"href":"https:\/\/akcharcosmetics.com\/fr\/wp-json\/wp\/v2\/product\/18057","targetHints":{"allow":["GET"]}}],"collection":[{"href":"https:\/\/akcharcosmetics.com\/fr\/wp-json\/wp\/v2\/product"}],"about":[{"href":"https:\/\/akcharcosmetics.com\/fr\/wp-json\/wp\/v2\/types\/product"}],"replies":[{"embeddable":true,"href":"https:\/\/akcharcosmetics.com\/fr\/wp-json\/wp\/v2\/comments?post=18057"}],"version-history":[{"count":0,"href":"https:\/\/akcharcosmetics.com\/fr\/wp-json\/wp\/v2\/product\/18057\/revisions"}],"wp:featuredmedia":[{"embeddable":true,"href":"https:\/\/akcharcosmetics.com\/fr\/wp-json\/wp\/v2\/media\/18061"}],"wp:attachment":[{"href":"https:\/\/akcharcosmetics.com\/fr\/wp-json\/wp\/v2\/media?parent=18057"}],"wp:term":[{"taxonomy":"product_brand","embeddable":true,"href":"https:\/\/akcharcosmetics.com\/fr\/wp-json\/wp\/v2\/product_brand?post=18057"},{"taxonomy":"product_cat","embeddable":true,"href":"https:\/\/akcharcosmetics.com\/fr\/wp-json\/wp\/v2\/product_cat?post=18057"},{"taxonomy":"product_tag","embeddable":true,"href":"https:\/\/akcharcosmetics.com\/fr\/wp-json\/wp\/v2\/product_tag?post=18057"}],"curies":[{"name":"wp","href":"https:\/\/api.w.org\/{rel}","templated":true}]}}