{"id":18037,"date":"2023-11-18T09:58:11","date_gmt":"2023-11-18T09:58:11","guid":{"rendered":"https:\/\/akcharcosmetics.com\/?post_type=product&#038;p=18037"},"modified":"2024-12-17T14:04:15","modified_gmt":"2024-12-17T14:04:15","slug":"garlic-extract-vitality","status":"publish","type":"product","link":"https:\/\/akcharcosmetics.com\/fr\/produit\/garlic-extract-vitality\/","title":{"rendered":"Garlic Extract Vitality"},"content":{"rendered":"<p><b>Les avantages et les bienfaits de compl\u00e9ment alimentaire Garlic Extract Vitality ?\u00a0<\/b><\/p>\n<p><span style=\"font-weight: 400;\">Extrait d&rsquo;Ail de Qualit\u00e9 : Notre compl\u00e9ment \u00ab\u00a0Garlic Extract Vitality\u00a0\u00bb est \u00e9labor\u00e9 avec un extrait d&rsquo;ail de haute qualit\u00e9, riche en allicine, le compos\u00e9 actif de l&rsquo;ail.\u00a0<\/span><\/p>\n<p><span style=\"font-weight: 400;\">Vitalit\u00e9 Am\u00e9lior\u00e9e : Il favorise la vitalit\u00e9 en stimulant l&rsquo;\u00e9nergie naturelle de votre corps.\u00a0<\/span><\/p>\n<p><span style=\"font-weight: 400;\">Soutien Cardiovasculaire : L&rsquo;ail est connu pour ses bienfaits pour la sant\u00e9 cardiovasculaire en favorisant un c\u0153ur sain.<\/span><\/p>\n<p><span style=\"font-weight: 400;\">Soutien Immunitaire : Les nutriments contenus dans l&rsquo;ail renforcent le syst\u00e8me immunitaire, aidant votre corps \u00e0 mieux r\u00e9sister aux infections.\u00a0<\/span><\/p>\n<p><span style=\"font-weight: 400;\">Antioxydant Naturel : L&rsquo;ail est riche en antioxydants qui prot\u00e8gent les cellules du corps contre les dommages oxydatifs.\u00a0<\/span><\/p>\n<p><span style=\"font-weight: 400;\">Facile \u00e0 Int\u00e9grer : Les capsules de \u00ab\u00a0Garlic Extract Vitality\u00a0\u00bb sont faciles \u00e0 avaler et peuvent \u00eatre int\u00e9gr\u00e9es ais\u00e9ment \u00e0 votre routine quotidienne.\u00a0<\/span><\/p>\n<p><span style=\"font-weight: 400;\">Qualit\u00e9 et S\u00e9curit\u00e9 : Notre produit est fabriqu\u00e9 dans une installation certifi\u00e9e ONSSA , ISO pour garantir la qualit\u00e9, la puret\u00e9, et la s\u00e9curit\u00e9.\u00a0<\/span><\/p>\n<p><span style=\"font-weight: 400;\">L&rsquo;ail est une source naturelle de vitalit\u00e9 et de bien-\u00eatre. \u00ab\u00a0Garlic Extract Vitality\u00a0\u00bb est con\u00e7u pour vous aider \u00e0 profiter de tous les bienfaits de l&rsquo;ail de mani\u00e8re pratique.\u00a0<\/span><\/p>\n","protected":false},"excerpt":{"rendered":"<p><span style=\"font-weight: 400;\">D\u00e9couvrez \u00ab\u00a0Garlic Extract Vitality\u00a0\u00bb, notre compl\u00e9ment alimentaire \u00e0 base d&rsquo;extrait d&rsquo;ail, une source naturelle de vitalit\u00e9 et de bienfaits pour la sant\u00e9. L&rsquo;ail est r\u00e9put\u00e9 pour ses propri\u00e9t\u00e9s b\u00e9n\u00e9fiques depuis des si\u00e8cles. Notre produit est con\u00e7u pour vous aider \u00e0 soutenir votre bien-\u00eatre g\u00e9n\u00e9ral.\u00a0<\/span><\/p>\n","protected":false},"featured_media":18041,"comment_status":"open","ping_status":"closed","template":"","meta":[],"product_brand":[],"product_cat":[201],"product_tag":[],"class_list":{"0":"post-18037","1":"product","2":"type-product","3":"status-publish","4":"has-post-thumbnail","6":"product_cat-complements-alimentaires","8":"first","9":"instock","10":"taxable","11":"shipping-taxable","12":"purchasable","13":"product-type-variable"},"_links":{"self":[{"href":"https:\/\/akcharcosmetics.com\/fr\/wp-json\/wp\/v2\/product\/18037","targetHints":{"allow":["GET"]}}],"collection":[{"href":"https:\/\/akcharcosmetics.com\/fr\/wp-json\/wp\/v2\/product"}],"about":[{"href":"https:\/\/akcharcosmetics.com\/fr\/wp-json\/wp\/v2\/types\/product"}],"replies":[{"embeddable":true,"href":"https:\/\/akcharcosmetics.com\/fr\/wp-json\/wp\/v2\/comments?post=18037"}],"version-history":[{"count":0,"href":"https:\/\/akcharcosmetics.com\/fr\/wp-json\/wp\/v2\/product\/18037\/revisions"}],"wp:featuredmedia":[{"embeddable":true,"href":"https:\/\/akcharcosmetics.com\/fr\/wp-json\/wp\/v2\/media\/18041"}],"wp:attachment":[{"href":"https:\/\/akcharcosmetics.com\/fr\/wp-json\/wp\/v2\/media?parent=18037"}],"wp:term":[{"taxonomy":"product_brand","embeddable":true,"href":"https:\/\/akcharcosmetics.com\/fr\/wp-json\/wp\/v2\/product_brand?post=18037"},{"taxonomy":"product_cat","embeddable":true,"href":"https:\/\/akcharcosmetics.com\/fr\/wp-json\/wp\/v2\/product_cat?post=18037"},{"taxonomy":"product_tag","embeddable":true,"href":"https:\/\/akcharcosmetics.com\/fr\/wp-json\/wp\/v2\/product_tag?post=18037"}],"curies":[{"name":"wp","href":"https:\/\/api.w.org\/{rel}","templated":true}]}}