{"id":18022,"date":"2023-11-18T09:49:42","date_gmt":"2023-11-18T09:49:42","guid":{"rendered":"https:\/\/akcharcosmetics.com\/?post_type=product&#038;p=18022"},"modified":"2025-05-31T10:03:25","modified_gmt":"2025-05-31T10:03:25","slug":"jointease-plus","status":"publish","type":"product","link":"https:\/\/akcharcosmetics.com\/fr\/produit\/jointease-plus\/","title":{"rendered":"JointEase Plus"},"content":{"rendered":"<p><b>Les avantages et les bienfaits de compl\u00e9ment alimentaire JointEase Plus ?\u00a0<\/b><\/p>\n<p><span style=\"font-weight: 400;\">Soutien Articulaire : Notre compl\u00e9ment \u00ab\u00a0JointEase Plus\u00a0\u00bb est formul\u00e9 pour aider \u00e0 maintenir la sant\u00e9 de vos articulations, favorisant ainsi la mobilit\u00e9.\u00a0<\/span><\/p>\n<p><span style=\"font-weight: 400;\">Confort Articulaire : Il contribue \u00e0 r\u00e9duire l&rsquo;inconfort articulaire, vous permettant de profiter pleinement de vos activit\u00e9s quotidiennes.\u00a0<\/span><\/p>\n<p><span style=\"font-weight: 400;\">Formule Naturelle : \u00ab\u00a0JointEase Plus\u00a0\u00bb contient des ingr\u00e9dients naturels soigneusement s\u00e9lectionn\u00e9s pour leur efficacit\u00e9.\u00a0<\/span><\/p>\n<p><span style=\"font-weight: 400;\">\u00c9nergie et Mobilit\u00e9 : Ce compl\u00e9ment alimentaire offre un regain d&rsquo;\u00e9nergie naturelle pour des journ\u00e9es actives.\u00a0<\/span><\/p>\n<p><span style=\"font-weight: 400;\">Facile \u00e0 Int\u00e9grer : Les capsules de \u00ab\u00a0JointEase Plus\u00a0\u00bb sont faciles \u00e0 avaler et peuvent devenir ais\u00e9ment une partie de votre routine quotidienne.\u00a0<\/span><\/p>\n<p><span style=\"font-weight: 400;\">Qualit\u00e9 et S\u00e9curit\u00e9 : Notre produit est fabriqu\u00e9 dans une installation certifi\u00e9e ONSSA , ISO pour garantir la qualit\u00e9, la puret\u00e9 et la s\u00e9curit\u00e9.\u00a0<\/span><\/p>\n<p><span style=\"font-weight: 400;\">La mobilit\u00e9 et la sant\u00e9 des articulations sont essentielles pour une vie active et \u00e9panouissante. \u00ab\u00a0JointEase Plus\u00a0\u00bb est con\u00e7u pour vous aider \u00e0 maintenir la sant\u00e9 de vos articulations de mani\u00e8re naturelle.<\/span><\/p>\n","protected":false},"excerpt":{"rendered":"<p><span style=\"font-weight: 400;\">D\u00e9couvrez \u00ab\u00a0JointEase Plus,\u00a0\u00bb notre compl\u00e9ment alimentaire sp\u00e9cialement formul\u00e9 pour soutenir la sant\u00e9 et la mobilit\u00e9 de vos articulations. Si vous cherchez une <\/span><span style=\"font-weight: 400;\">solution naturelle pour pr\u00e9server la souplesse de vos articulations, r\u00e9duire l&rsquo;inconfort et favoriser une meilleure qualit\u00e9 de vie, notre produit est con\u00e7u pour vous. <\/span><\/p>\n","protected":false},"featured_media":18026,"comment_status":"open","ping_status":"closed","template":"","meta":[],"product_brand":[],"product_cat":[202],"product_tag":[],"class_list":{"0":"post-18022","1":"product","2":"type-product","3":"status-publish","4":"has-post-thumbnail","6":"product_cat-les-supplements-therapeutiques","8":"first","9":"instock","10":"taxable","11":"shipping-taxable","12":"purchasable","13":"product-type-variable"},"_links":{"self":[{"href":"https:\/\/akcharcosmetics.com\/fr\/wp-json\/wp\/v2\/product\/18022","targetHints":{"allow":["GET"]}}],"collection":[{"href":"https:\/\/akcharcosmetics.com\/fr\/wp-json\/wp\/v2\/product"}],"about":[{"href":"https:\/\/akcharcosmetics.com\/fr\/wp-json\/wp\/v2\/types\/product"}],"replies":[{"embeddable":true,"href":"https:\/\/akcharcosmetics.com\/fr\/wp-json\/wp\/v2\/comments?post=18022"}],"version-history":[{"count":0,"href":"https:\/\/akcharcosmetics.com\/fr\/wp-json\/wp\/v2\/product\/18022\/revisions"}],"wp:featuredmedia":[{"embeddable":true,"href":"https:\/\/akcharcosmetics.com\/fr\/wp-json\/wp\/v2\/media\/18026"}],"wp:attachment":[{"href":"https:\/\/akcharcosmetics.com\/fr\/wp-json\/wp\/v2\/media?parent=18022"}],"wp:term":[{"taxonomy":"product_brand","embeddable":true,"href":"https:\/\/akcharcosmetics.com\/fr\/wp-json\/wp\/v2\/product_brand?post=18022"},{"taxonomy":"product_cat","embeddable":true,"href":"https:\/\/akcharcosmetics.com\/fr\/wp-json\/wp\/v2\/product_cat?post=18022"},{"taxonomy":"product_tag","embeddable":true,"href":"https:\/\/akcharcosmetics.com\/fr\/wp-json\/wp\/v2\/product_tag?post=18022"}],"curies":[{"name":"wp","href":"https:\/\/api.w.org\/{rel}","templated":true}]}}