{"id":18006,"date":"2023-11-18T09:42:27","date_gmt":"2023-11-18T09:42:27","guid":{"rendered":"https:\/\/akcharcosmetics.com\/?post_type=product&#038;p=18006"},"modified":"2024-10-09T10:36:33","modified_gmt":"2024-10-09T10:36:33","slug":"musclerelax-bliss","status":"publish","type":"product","link":"https:\/\/akcharcosmetics.com\/fr\/produit\/musclerelax-bliss\/","title":{"rendered":"MuscleRelax Bliss"},"content":{"rendered":"<p><b>Les avantages et les bienfaits de compl\u00e9ment alimentaire MuscleRelax Bliss ?\u00a0<\/b><\/p>\n<p><span style=\"font-weight: 400;\">Formule Sp\u00e9ciale : Notre compl\u00e9ment \u00ab\u00a0MuscleRelax Bliss\u00a0\u00bb renferme une formule unique qui combine des nutriments essentiels pour la d\u00e9tente musculaire, notamment le magn\u00e9sium, la vitamine D, le curcuma et d&rsquo;autres \u00e9l\u00e9ments b\u00e9n\u00e9fiques.\u00a0<\/span><\/p>\n<p><span style=\"font-weight: 400;\">Relaxation Musculaire : Il favorise la d\u00e9tente musculaire en r\u00e9duisant les tensions et en soulageant les douleurs musculaires.\u00a0<\/span><\/p>\n<p><span style=\"font-weight: 400;\">Flexibilit\u00e9 Am\u00e9lior\u00e9e : \u00ab\u00a0MuscleRelax Bliss\u00a0\u00bb contribue \u00e0 am\u00e9liorer la flexibilit\u00e9 musculaire, favorisant ainsi une meilleure mobilit\u00e9.\u00a0<\/span><\/p>\n<p><span style=\"font-weight: 400;\">Soutien de la Sant\u00e9 Articulaire : Il aide \u00e0 maintenir des articulations saines et \u00e0 r\u00e9duire l&rsquo;inconfort articulaire.\u00a0<\/span><\/p>\n<p><span style=\"font-weight: 400;\">R\u00e9duction du Stress : Notre compl\u00e9ment apaise le corps et l&rsquo;esprit, r\u00e9duisant ainsi le stress et favorisant la relaxation.\u00a0<\/span><\/p>\n<p><span style=\"font-weight: 400;\">Facile \u00e0 Int\u00e9grer : Les capsules de \u00ab\u00a0MuscleRelax Bliss\u00a0\u00bb sont faciles \u00e0 avaler et peuvent \u00eatre int\u00e9gr\u00e9es ais\u00e9ment \u00e0 votre routine quotidienne.\u00a0<\/span><\/p>\n<p><span style=\"font-weight: 400;\">Qualit\u00e9 et S\u00e9curit\u00e9 : Notre produit est fabriqu\u00e9 dans une installation certifi\u00e9e ONSSA , ISO pour garantir la qualit\u00e9, la puret\u00e9 et la s\u00e9curit\u00e9.\u00a0<\/span><\/p>\n<p><span style=\"font-weight: 400;\">Le bien-\u00eatre musculaire est essentiel pour une vie active et \u00e9quilibr\u00e9e. \u00ab\u00a0MuscleRelax Bliss\u00a0\u00bb est con\u00e7u pour vous aider \u00e0 retrouver la d\u00e9tente musculaire naturelle.\u00a0<\/span><\/p>\n","protected":false},"excerpt":{"rendered":"<p><span style=\"font-weight: 400;\">D\u00e9couvrez \u00ab\u00a0MuscleRelax Bliss\u00a0\u00bb, notre compl\u00e9ment alimentaire sp\u00e9cialement con\u00e7u pour favoriser la d\u00e9tente musculaire et soulager les tensions. Que vous cherchiez \u00e0 apaiser les muscles fatigu\u00e9s, \u00e0 am\u00e9liorer votre flexibilit\u00e9, ou \u00e0 soulager les douleurs <\/span><span style=\"font-weight: 400;\">musculaires, notre produit est con\u00e7u pour vous aider \u00e0 retrouver le bien-\u00eatre musculaire. <\/span><\/p>\n","protected":false},"featured_media":18010,"comment_status":"open","ping_status":"closed","template":"","meta":[],"product_brand":[],"product_cat":[202],"product_tag":[],"class_list":{"0":"post-18006","1":"product","2":"type-product","3":"status-publish","4":"has-post-thumbnail","6":"product_cat-les-supplements-therapeutiques","8":"first","9":"instock","10":"taxable","11":"shipping-taxable","12":"purchasable","13":"product-type-variable"},"_links":{"self":[{"href":"https:\/\/akcharcosmetics.com\/fr\/wp-json\/wp\/v2\/product\/18006","targetHints":{"allow":["GET"]}}],"collection":[{"href":"https:\/\/akcharcosmetics.com\/fr\/wp-json\/wp\/v2\/product"}],"about":[{"href":"https:\/\/akcharcosmetics.com\/fr\/wp-json\/wp\/v2\/types\/product"}],"replies":[{"embeddable":true,"href":"https:\/\/akcharcosmetics.com\/fr\/wp-json\/wp\/v2\/comments?post=18006"}],"version-history":[{"count":0,"href":"https:\/\/akcharcosmetics.com\/fr\/wp-json\/wp\/v2\/product\/18006\/revisions"}],"wp:featuredmedia":[{"embeddable":true,"href":"https:\/\/akcharcosmetics.com\/fr\/wp-json\/wp\/v2\/media\/18010"}],"wp:attachment":[{"href":"https:\/\/akcharcosmetics.com\/fr\/wp-json\/wp\/v2\/media?parent=18006"}],"wp:term":[{"taxonomy":"product_brand","embeddable":true,"href":"https:\/\/akcharcosmetics.com\/fr\/wp-json\/wp\/v2\/product_brand?post=18006"},{"taxonomy":"product_cat","embeddable":true,"href":"https:\/\/akcharcosmetics.com\/fr\/wp-json\/wp\/v2\/product_cat?post=18006"},{"taxonomy":"product_tag","embeddable":true,"href":"https:\/\/akcharcosmetics.com\/fr\/wp-json\/wp\/v2\/product_tag?post=18006"}],"curies":[{"name":"wp","href":"https:\/\/api.w.org\/{rel}","templated":true}]}}