{"id":17978,"date":"2023-11-17T18:09:46","date_gmt":"2023-11-17T18:09:46","guid":{"rendered":"https:\/\/akcharcosmetics.com\/?post_type=product&#038;p=17978"},"modified":"2025-06-01T17:31:23","modified_gmt":"2025-06-01T17:31:23","slug":"nervease-coloncare","status":"publish","type":"product","link":"https:\/\/akcharcosmetics.com\/fr\/produit\/nervease-coloncare\/","title":{"rendered":"NervEase ColonCare"},"content":{"rendered":"<p><b>Les avantages et les bienfaits de compl\u00e9ment alimentaire NervEase ColonCare ?\u00a0<\/b><\/p>\n<p><span style=\"font-weight: 400;\">Formule Sp\u00e9ciale : Notre compl\u00e9ment \u00ab\u00a0NervEase ColonCare\u00a0\u00bb renferme une formule unique qui combine des nutriments essentiels pour la sant\u00e9 du syst\u00e8me nerveux et du c\u00f4lon.\u00a0<\/span><\/p>\n<p><span style=\"font-weight: 400;\">Soutien du Syst\u00e8me Nerveux : Il favorise la relaxation, r\u00e9duit les sensations de nervosit\u00e9 et am\u00e9liore le bien-\u00eatre mental.\u00a0<\/span><\/p>\n<p><span style=\"font-weight: 400;\">Soutien Digestif : \u00ab\u00a0NervEase ColonCare\u00a0\u00bb soutient la sant\u00e9 digestive en favorisant le fonctionnement du c\u00f4lon.\u00a0<\/span><\/p>\n<p><span style=\"font-weight: 400;\">R\u00e9duction des Inconforts Digestifs : Il r\u00e9duit les inconforts digestifs tels que les ballonnements et les gaz.\u00a0<\/span><\/p>\n<p><span style=\"font-weight: 400;\">\u00c9quilibre \u00c9motionnel : Notre compl\u00e9ment contribue \u00e0 un \u00e9quilibre \u00e9motionnel en apaisant le syst\u00e8me nerveux.\u00a0<\/span><\/p>\n<p><span style=\"font-weight: 400;\">Facile \u00e0 Int\u00e9grer : Les capsules de \u00ab\u00a0NervEase ColonCare\u00a0\u00bb sont faciles \u00e0 avaler et peuvent \u00eatre int\u00e9gr\u00e9es ais\u00e9ment \u00e0 votre routine quotidienne.\u00a0<\/span><\/p>\n<p><span style=\"font-weight: 400;\">Qualit\u00e9 et S\u00e9curit\u00e9 : Notre produit est fabriqu\u00e9 dans une installation certifi\u00e9e ONSSA , ISO pour garantir la qualit\u00e9, la puret\u00e9, et la s\u00e9curit\u00e9.\u00a0<\/span><\/p>\n<p><span style=\"font-weight: 400;\">Le bien-\u00eatre du syst\u00e8me nerveux et du c\u00f4lon est essentiel pour une vie saine et \u00e9quilibr\u00e9e. \u00ab\u00a0NervEase ColonCare\u00a0\u00bb est con\u00e7u pour vous aider \u00e0 retrouver cet \u00e9quilibre naturel.\u00a0<\/span><\/p>\n","protected":false},"excerpt":{"rendered":"<p><span style=\"font-weight: 400;\">D\u00e9couvrez \u00ab\u00a0NervEase ColonCare\u00a0\u00bb, notre compl\u00e9ment alimentaire sp\u00e9cialement con\u00e7u pour favoriser la sant\u00e9 du syst\u00e8me nerveux et du c\u00f4lon. Que vous cherchiez \u00e0 apaiser les sensations de nervosit\u00e9, \u00e0 soutenir la fonction du c\u00f4lon, ou \u00e0 am\u00e9liorer la sant\u00e9 digestive, notre produit est con\u00e7u pour vous aider \u00e0 retrouver l&rsquo;\u00e9quilibre.<\/span><\/p>\n","protected":false},"featured_media":17979,"comment_status":"open","ping_status":"closed","template":"","meta":[],"product_brand":[],"product_cat":[202],"product_tag":[],"class_list":{"0":"post-17978","1":"product","2":"type-product","3":"status-publish","4":"has-post-thumbnail","6":"product_cat-les-supplements-therapeutiques","8":"first","9":"instock","10":"taxable","11":"shipping-taxable","12":"purchasable","13":"product-type-variable"},"_links":{"self":[{"href":"https:\/\/akcharcosmetics.com\/fr\/wp-json\/wp\/v2\/product\/17978","targetHints":{"allow":["GET"]}}],"collection":[{"href":"https:\/\/akcharcosmetics.com\/fr\/wp-json\/wp\/v2\/product"}],"about":[{"href":"https:\/\/akcharcosmetics.com\/fr\/wp-json\/wp\/v2\/types\/product"}],"replies":[{"embeddable":true,"href":"https:\/\/akcharcosmetics.com\/fr\/wp-json\/wp\/v2\/comments?post=17978"}],"version-history":[{"count":0,"href":"https:\/\/akcharcosmetics.com\/fr\/wp-json\/wp\/v2\/product\/17978\/revisions"}],"wp:featuredmedia":[{"embeddable":true,"href":"https:\/\/akcharcosmetics.com\/fr\/wp-json\/wp\/v2\/media\/17979"}],"wp:attachment":[{"href":"https:\/\/akcharcosmetics.com\/fr\/wp-json\/wp\/v2\/media?parent=17978"}],"wp:term":[{"taxonomy":"product_brand","embeddable":true,"href":"https:\/\/akcharcosmetics.com\/fr\/wp-json\/wp\/v2\/product_brand?post=17978"},{"taxonomy":"product_cat","embeddable":true,"href":"https:\/\/akcharcosmetics.com\/fr\/wp-json\/wp\/v2\/product_cat?post=17978"},{"taxonomy":"product_tag","embeddable":true,"href":"https:\/\/akcharcosmetics.com\/fr\/wp-json\/wp\/v2\/product_tag?post=17978"}],"curies":[{"name":"wp","href":"https:\/\/api.w.org\/{rel}","templated":true}]}}