{"id":17961,"date":"2023-11-17T18:02:54","date_gmt":"2023-11-17T18:02:54","guid":{"rendered":"https:\/\/akcharcosmetics.com\/?post_type=product&#038;p=17961"},"modified":"2026-01-05T22:48:20","modified_gmt":"2026-01-05T22:48:20","slug":"slimfusion","status":"publish","type":"product","link":"https:\/\/akcharcosmetics.com\/fr\/produit\/slimfusion\/","title":{"rendered":"SlimFusion"},"content":{"rendered":"<p><b>Les avantages et les bienfaits du compl\u00e9ment alimentaire SlimFusion ?\u00a0<\/b><\/p>\n<p><span style=\"font-weight: 400;\">Formule Unique : Notre compl\u00e9ment \u00ab\u00a0SlimFusion\u00a0\u00bb est \u00e9labor\u00e9 avec une formule sp\u00e9ciale, combinant des ingr\u00e9dients soigneusement s\u00e9lectionn\u00e9s pour favoriser la gestion du poids.\u00a0<\/span><\/p>\n<p><span style=\"font-weight: 400;\">Br\u00fblage des Graisses : Il favorise la combustion des graisses en stimulant le m\u00e9tabolisme.\u00a0<\/span><\/p>\n<p><span style=\"font-weight: 400;\">R\u00e9duction de l&rsquo;App\u00e9tit : Il r\u00e9duit l&rsquo;app\u00e9tit, vous aidant \u00e0 contr\u00f4ler les portions et \u00e0 \u00e9viter les grignotages.\u00a0<\/span><\/p>\n<p><span style=\"font-weight: 400;\">\u00c9nergie et Vitalit\u00e9 : \u00ab\u00a0SlimFusion\u00a0\u00bb offre un coup de pouce d&rsquo;\u00e9nergie pour vous maintenir actif tout au long de la journ\u00e9e.\u00a0<\/span><\/p>\n<p><span style=\"font-weight: 400;\">Soutien Digestif : Il favorise une digestion saine et apaise le tractus gastro-intestinal.\u00a0<\/span><\/p>\n<p><span style=\"font-weight: 400;\">Facile \u00e0 Int\u00e9grer : Les capsules de \u00ab\u00a0SlimFusion\u00a0\u00bb sont faciles \u00e0 avaler et peuvent \u00eatre int\u00e9gr\u00e9es ais\u00e9ment \u00e0 votre routine quotidienne.\u00a0<\/span><\/p>\n<p><span style=\"font-weight: 400;\">Qualit\u00e9 et S\u00e9curit\u00e9 : Notre produit est fabriqu\u00e9 dans une installation certifi\u00e9e ONSSA , ISO pour garantir la qualit\u00e9, la puret\u00e9 et la s\u00e9curit\u00e9.\u00a0<\/span><\/p>\n<p><span style=\"font-weight: 400;\">La gestion du poids peut \u00eatre un d\u00e9fi, mais \u00ab\u00a0SlimFusion\u00a0\u00bb est con\u00e7u pour vous aider \u00e0 atteindre vos objectifs de mani\u00e8re naturelle. <\/span><\/p>\n","protected":false},"excerpt":{"rendered":"<p><span style=\"font-weight: 400;\">D\u00e9couvrez \u00ab\u00a0SlimFusion\u00a0\u00bb, notre compl\u00e9ment alimentaire sp\u00e9cialement formul\u00e9 pour vous aider dans votre parcours de gestion du poids. Que vous cherchiez \u00e0 perdre du poids, \u00e0 br\u00fbler les graisses, ou \u00e0 maintenir un mode de vie sain, notre produit est con\u00e7u pour vous aider \u00e0 atteindre vos objectifs de mani\u00e8re naturelle.\u00a0<\/span><\/p>\n","protected":false},"featured_media":17962,"comment_status":"open","ping_status":"closed","template":"","meta":[],"product_brand":[],"product_cat":[202],"product_tag":[],"class_list":{"0":"post-17961","1":"product","2":"type-product","3":"status-publish","4":"has-post-thumbnail","6":"product_cat-les-supplements-therapeutiques","8":"first","9":"instock","10":"taxable","11":"shipping-taxable","12":"purchasable","13":"product-type-variable"},"_links":{"self":[{"href":"https:\/\/akcharcosmetics.com\/fr\/wp-json\/wp\/v2\/product\/17961","targetHints":{"allow":["GET"]}}],"collection":[{"href":"https:\/\/akcharcosmetics.com\/fr\/wp-json\/wp\/v2\/product"}],"about":[{"href":"https:\/\/akcharcosmetics.com\/fr\/wp-json\/wp\/v2\/types\/product"}],"replies":[{"embeddable":true,"href":"https:\/\/akcharcosmetics.com\/fr\/wp-json\/wp\/v2\/comments?post=17961"}],"version-history":[{"count":0,"href":"https:\/\/akcharcosmetics.com\/fr\/wp-json\/wp\/v2\/product\/17961\/revisions"}],"wp:featuredmedia":[{"embeddable":true,"href":"https:\/\/akcharcosmetics.com\/fr\/wp-json\/wp\/v2\/media\/17962"}],"wp:attachment":[{"href":"https:\/\/akcharcosmetics.com\/fr\/wp-json\/wp\/v2\/media?parent=17961"}],"wp:term":[{"taxonomy":"product_brand","embeddable":true,"href":"https:\/\/akcharcosmetics.com\/fr\/wp-json\/wp\/v2\/product_brand?post=17961"},{"taxonomy":"product_cat","embeddable":true,"href":"https:\/\/akcharcosmetics.com\/fr\/wp-json\/wp\/v2\/product_cat?post=17961"},{"taxonomy":"product_tag","embeddable":true,"href":"https:\/\/akcharcosmetics.com\/fr\/wp-json\/wp\/v2\/product_tag?post=17961"}],"curies":[{"name":"wp","href":"https:\/\/api.w.org\/{rel}","templated":true}]}}