{"id":17946,"date":"2023-11-17T17:57:49","date_gmt":"2023-11-17T17:57:49","guid":{"rendered":"https:\/\/akcharcosmetics.com\/?post_type=product&#038;p=17946"},"modified":"2025-05-31T22:49:22","modified_gmt":"2025-05-31T22:49:22","slug":"iron-boost-max","status":"publish","type":"product","link":"https:\/\/akcharcosmetics.com\/fr\/produit\/iron-boost-max\/","title":{"rendered":"Iron Boost Max"},"content":{"rendered":"<p><b>Les avantages et les bienfaits de compl\u00e9ment alimentaire Iron Boost Max ?\u00a0<\/b><\/p>\n<p><span style=\"font-weight: 400;\">Fer de Qualit\u00e9 : Notre compl\u00e9ment \u00ab\u00a0Iron Boost Max\u00a0\u00bb contient du fer de haute qualit\u00e9, essentiel pour une sant\u00e9 optimale.\u00a0<\/span><\/p>\n<p><span style=\"font-weight: 400;\">Vitalit\u00e9 Am\u00e9lior\u00e9e : Il favorise la production d&rsquo;\u00e9nergie en aidant \u00e0 transporter l&rsquo;oxyg\u00e8ne dans tout le corps.\u00a0<\/span><\/p>\n<p><span style=\"font-weight: 400;\">Pr\u00e9vention de l&rsquo;An\u00e9mie : Il pr\u00e9vient et traite l&rsquo;an\u00e9mie en maintenant des niveaux de fer ad\u00e9quats.\u00a0<\/span><\/p>\n<p><span style=\"font-weight: 400;\">Soutien du Syst\u00e8me Immunitaire : Les nutriments contenus dans le compl\u00e9ment renforcent le syst\u00e8me immunitaire pour une meilleure r\u00e9sistance aux infections.\u00a0<\/span><\/p>\n<p><span style=\"font-weight: 400;\">Facile \u00e0 Int\u00e9grer : Les capsules d&rsquo;Iron Boost Max\u00a0\u00bb sont faciles \u00e0 avaler et peuvent \u00eatre int\u00e9gr\u00e9es ais\u00e9ment \u00e0 votre routine quotidienne.\u00a0<\/span><\/p>\n<p><span style=\"font-weight: 400;\">Qualit\u00e9 et S\u00e9curit\u00e9 : Notre produit est fabriqu\u00e9 dans une installation certifi\u00e9e ONSSA , ISO pour garantir la qualit\u00e9, la puret\u00e9 et la s\u00e9curit\u00e9.\u00a0<\/span><\/p>\n<p><span style=\"font-weight: 400;\">Le fer est un min\u00e9ral essentiel pour la production d&rsquo;\u00e9nergie et le maintien d&rsquo;une sant\u00e9 optimale. \u00ab\u00a0Iron Boost Max\u00a0\u00bb est con\u00e7u pour vous aider \u00e0 maintenir des niveaux de fer ad\u00e9quats et \u00e0 favoriser votre vitalit\u00e9.\u00a0<\/span><\/p>\n","protected":false},"excerpt":{"rendered":"<p><span style=\"font-weight: 400;\">D\u00e9couvrez \u00ab\u00a0Iron Boost Max\u00a0\u00bb, notre compl\u00e9ment alimentaire \u00e0 base de fer, con\u00e7u pour vous aider \u00e0 maintenir des niveaux de fer sains, favorisant ainsi votre vitalit\u00e9 et votre bien-\u00eatre. Le fer est essentiel pour la production d&rsquo;\u00e9nergie, le transport de l&rsquo;oxyg\u00e8ne, et le soutien de la sant\u00e9 globale.<\/span><\/p>\n","protected":false},"featured_media":17950,"comment_status":"open","ping_status":"closed","template":"","meta":[],"product_brand":[],"product_cat":[202],"product_tag":[],"class_list":{"0":"post-17946","1":"product","2":"type-product","3":"status-publish","4":"has-post-thumbnail","6":"product_cat-les-supplements-therapeutiques","8":"first","9":"instock","10":"taxable","11":"shipping-taxable","12":"purchasable","13":"product-type-variable"},"_links":{"self":[{"href":"https:\/\/akcharcosmetics.com\/fr\/wp-json\/wp\/v2\/product\/17946","targetHints":{"allow":["GET"]}}],"collection":[{"href":"https:\/\/akcharcosmetics.com\/fr\/wp-json\/wp\/v2\/product"}],"about":[{"href":"https:\/\/akcharcosmetics.com\/fr\/wp-json\/wp\/v2\/types\/product"}],"replies":[{"embeddable":true,"href":"https:\/\/akcharcosmetics.com\/fr\/wp-json\/wp\/v2\/comments?post=17946"}],"version-history":[{"count":0,"href":"https:\/\/akcharcosmetics.com\/fr\/wp-json\/wp\/v2\/product\/17946\/revisions"}],"wp:featuredmedia":[{"embeddable":true,"href":"https:\/\/akcharcosmetics.com\/fr\/wp-json\/wp\/v2\/media\/17950"}],"wp:attachment":[{"href":"https:\/\/akcharcosmetics.com\/fr\/wp-json\/wp\/v2\/media?parent=17946"}],"wp:term":[{"taxonomy":"product_brand","embeddable":true,"href":"https:\/\/akcharcosmetics.com\/fr\/wp-json\/wp\/v2\/product_brand?post=17946"},{"taxonomy":"product_cat","embeddable":true,"href":"https:\/\/akcharcosmetics.com\/fr\/wp-json\/wp\/v2\/product_cat?post=17946"},{"taxonomy":"product_tag","embeddable":true,"href":"https:\/\/akcharcosmetics.com\/fr\/wp-json\/wp\/v2\/product_tag?post=17946"}],"curies":[{"name":"wp","href":"https:\/\/api.w.org\/{rel}","templated":true}]}}