{"id":17930,"date":"2023-11-17T17:52:42","date_gmt":"2023-11-17T17:52:42","guid":{"rendered":"https:\/\/akcharcosmetics.com\/?post_type=product&#038;p=17930"},"modified":"2024-10-09T10:36:35","modified_gmt":"2024-10-09T10:36:35","slug":"ashwagandha-revive","status":"publish","type":"product","link":"https:\/\/akcharcosmetics.com\/fr\/produit\/ashwagandha-revive\/","title":{"rendered":"Ashwagandha Revive"},"content":{"rendered":"<p><b>Les avantages et les bienfaits de compl\u00e9ment alimentaire Ashwagandha Revive ?\u00a0<\/b><\/p>\n<p><span style=\"font-weight: 400;\">Ashwagandha de Qualit\u00e9 : Notre compl\u00e9ment \u00ab\u00a0Ashwagandha Revive\u00a0\u00bb contient de l&rsquo;ashwagandha de haute qualit\u00e9, standardis\u00e9e pour sa teneur en withanolides, les composants actifs de la plante.\u00a0<\/span><\/p>\n<p><span style=\"font-weight: 400;\">Gestion du Stress : L&rsquo;ashwagandha est r\u00e9put\u00e9e pour sa capacit\u00e9 \u00e0 r\u00e9duire le stress, favorisant ainsi la d\u00e9tente et la s\u00e9r\u00e9nit\u00e9.\u00a0<\/span><\/p>\n<p><span style=\"font-weight: 400;\">Boost \u00c9nerg\u00e9tique : Elle stimule l&rsquo;\u00e9nergie et la vitalit\u00e9, vous aidant \u00e0 rester actif et alerte.\u00a0<\/span><\/p>\n<p><span style=\"font-weight: 400;\">Soutien Cognitif : L&rsquo;ashwagandha favorise la clart\u00e9 mentale et la concentration.\u00a0<\/span><\/p>\n<p><span style=\"font-weight: 400;\">Soutien du Syst\u00e8me Immunitaire : Les nutriments contenus dans le compl\u00e9ment renforcent le syst\u00e8me immunitaire pour une meilleure r\u00e9sistance aux infections.\u00a0<\/span><\/p>\n<p><span style=\"font-weight: 400;\">Soutien de la Sant\u00e9 Hormonale : Elle contribue \u00e0 l&rsquo;\u00e9quilibre hormonal, soutenant ainsi la sant\u00e9 globale.\u00a0<\/span><\/p>\n<p><span style=\"font-weight: 400;\">Facile \u00e0 Int\u00e9grer : Les capsules d&rsquo;Ashwagandha Revive\u00a0\u00bb sont faciles \u00e0 avaler et peuvent \u00eatre int\u00e9gr\u00e9es ais\u00e9ment \u00e0 votre routine quotidienne.\u00a0<\/span><\/p>\n<p><span style=\"font-weight: 400;\">Qualit\u00e9 et S\u00e9curit\u00e9 : Notre produit est fabriqu\u00e9 dans une installation certifi\u00e9e ONSSA , ISO pour garantir la qualit\u00e9, la puret\u00e9 et la s\u00e9curit\u00e9.\u00a0<\/span><\/p>\n<p><span style=\"font-weight: 400;\">L&rsquo;ashwagandha est une plante adaptog\u00e8ne polyvalente pour favoriser la relaxation, r\u00e9duire le stress, et augmenter la vitalit\u00e9. \u00ab\u00a0Ashwagandha Revive\u00a0\u00bb est con\u00e7u pour vous aider \u00e0 r\u00e9tablir l&rsquo;\u00e9quilibre naturel de votre corps.<\/span><\/p>\n","protected":false},"excerpt":{"rendered":"<p><span style=\"font-weight: 400;\">D\u00e9couvrez \u00ab\u00a0Ashwagandha Revive\u00a0\u00bb, notre compl\u00e9ment alimentaire \u00e0 base d&rsquo;ashwagandha, une plante adaptog\u00e8ne reconnue pour ses propri\u00e9t\u00e9s revitalisantes et b\u00e9n\u00e9fiques pour la sant\u00e9. Que vous cherchiez \u00e0 g\u00e9rer le stress, \u00e0 am\u00e9liorer votre \u00e9nergie, ou \u00e0 favoriser la relaxation, notre produit est con\u00e7u pour vous aider \u00e0 retrouver l&rsquo;\u00e9quilibre.<\/span><\/p>\n","protected":false},"featured_media":17934,"comment_status":"open","ping_status":"closed","template":"","meta":[],"product_brand":[],"product_cat":[201],"product_tag":[],"class_list":{"0":"post-17930","1":"product","2":"type-product","3":"status-publish","4":"has-post-thumbnail","6":"product_cat-complements-alimentaires","8":"first","9":"instock","10":"taxable","11":"shipping-taxable","12":"purchasable","13":"product-type-variable"},"_links":{"self":[{"href":"https:\/\/akcharcosmetics.com\/fr\/wp-json\/wp\/v2\/product\/17930","targetHints":{"allow":["GET"]}}],"collection":[{"href":"https:\/\/akcharcosmetics.com\/fr\/wp-json\/wp\/v2\/product"}],"about":[{"href":"https:\/\/akcharcosmetics.com\/fr\/wp-json\/wp\/v2\/types\/product"}],"replies":[{"embeddable":true,"href":"https:\/\/akcharcosmetics.com\/fr\/wp-json\/wp\/v2\/comments?post=17930"}],"version-history":[{"count":1,"href":"https:\/\/akcharcosmetics.com\/fr\/wp-json\/wp\/v2\/product\/17930\/revisions"}],"predecessor-version":[{"id":21157,"href":"https:\/\/akcharcosmetics.com\/fr\/wp-json\/wp\/v2\/product\/17930\/revisions\/21157"}],"wp:featuredmedia":[{"embeddable":true,"href":"https:\/\/akcharcosmetics.com\/fr\/wp-json\/wp\/v2\/media\/17934"}],"wp:attachment":[{"href":"https:\/\/akcharcosmetics.com\/fr\/wp-json\/wp\/v2\/media?parent=17930"}],"wp:term":[{"taxonomy":"product_brand","embeddable":true,"href":"https:\/\/akcharcosmetics.com\/fr\/wp-json\/wp\/v2\/product_brand?post=17930"},{"taxonomy":"product_cat","embeddable":true,"href":"https:\/\/akcharcosmetics.com\/fr\/wp-json\/wp\/v2\/product_cat?post=17930"},{"taxonomy":"product_tag","embeddable":true,"href":"https:\/\/akcharcosmetics.com\/fr\/wp-json\/wp\/v2\/product_tag?post=17930"}],"curies":[{"name":"wp","href":"https:\/\/api.w.org\/{rel}","templated":true}]}}