{"id":17912,"date":"2023-11-17T17:47:11","date_gmt":"2023-11-17T17:47:11","guid":{"rendered":"https:\/\/akcharcosmetics.com\/?post_type=product&#038;p=17912"},"modified":"2025-06-06T06:09:20","modified_gmt":"2025-06-06T06:09:20","slug":"green-coffee-energize","status":"publish","type":"product","link":"https:\/\/akcharcosmetics.com\/fr\/produit\/green-coffee-energize\/","title":{"rendered":"Green Coffee Energize"},"content":{"rendered":"<p><b>Les avantages et les bienfaits du compl\u00e9ment alimentaire Green Coffee Energize ?\u00a0<\/b><\/p>\n<p><span style=\"font-weight: 400;\">Caf\u00e9 Vert de Qualit\u00e9 : Notre compl\u00e9ment \u00ab\u00a0Green Coffee Energize\u00a0\u00bb est formul\u00e9 avec du caf\u00e9 vert de haute qualit\u00e9, riche en acide chlorog\u00e9nique, un composant cl\u00e9 pour la sant\u00e9 et l&rsquo;\u00e9nergie.\u00a0<\/span><\/p>\n<p><span style=\"font-weight: 400;\">Boost \u00c9nerg\u00e9tique : Il vous donne un coup de pouce d&rsquo;\u00e9nergie naturelle pour rester actif et alerte.\u00a0<\/span><\/p>\n<p><span style=\"font-weight: 400;\">Soutien M\u00e9tabolique : Les acides chlorog\u00e9niques favorisent un m\u00e9tabolisme sain, ce qui peut contribuer \u00e0 la perte de poids.\u00a0<\/span><\/p>\n<p><span style=\"font-weight: 400;\">Antioxydant Naturel : Le caf\u00e9 vert est riche en antioxydants qui prot\u00e8gent les cellules du corps contre les dommages oxydatifs.\u00a0<\/span><\/p>\n<p><span style=\"font-weight: 400;\">R\u00e9duction de la Fatigue : Il r\u00e9duit la sensation de fatigue, vous aidant \u00e0 rester concentr\u00e9 tout au long de la journ\u00e9e.\u00a0<\/span><\/p>\n<p><span style=\"font-weight: 400;\">Facile \u00e0 Int\u00e9grer : Les capsules de \u00ab\u00a0Green Coffee Energize\u00a0\u00bb sont faciles \u00e0 avaler et peuvent \u00eatre int\u00e9gr\u00e9es ais\u00e9ment \u00e0 votre routine quotidienne.\u00a0<\/span><\/p>\n<p><span style=\"font-weight: 400;\">Qualit\u00e9 et S\u00e9curit\u00e9 : Notre produit est fabriqu\u00e9 dans une installation certifi\u00e9e ONSSA , ISO pour garantir la qualit\u00e9, la puret\u00e9 et la s\u00e9curit\u00e9.\u00a0<\/span><\/p>\n<p><span style=\"font-weight: 400;\">Le caf\u00e9 vert est une source naturelle d&rsquo;\u00e9nergie et d&rsquo;antioxydants. \u00ab\u00a0Green Coffee Energize\u00a0\u00bb est con\u00e7u pour vous aider \u00e0 maintenir votre vitalit\u00e9 et votre \u00e9nergie de mani\u00e8re naturelle.\u00a0<\/span><\/p>\n","protected":false},"excerpt":{"rendered":"<p><span style=\"font-weight: 400;\">D\u00e9couvrez \u00ab\u00a0Green Coffee Energize\u00a0\u00bb, notre compl\u00e9ment alimentaire \u00e0 base de caf\u00e9 vert, une source naturelle de revitalisation et d&rsquo;\u00e9nergie. Que vous cherchiez \u00e0 stimuler votre m\u00e9tabolisme, \u00e0 rester alerte tout au long de la journ\u00e9e, ou \u00e0 favoriser la perte de poids, notre produit est con\u00e7u pour vous aider \u00e0 atteindre vos objectifs.<\/span><\/p>\n","protected":false},"featured_media":17919,"comment_status":"open","ping_status":"closed","template":"","meta":[],"product_brand":[],"product_cat":[201],"product_tag":[],"class_list":{"0":"post-17912","1":"product","2":"type-product","3":"status-publish","4":"has-post-thumbnail","6":"product_cat-complements-alimentaires","8":"first","9":"instock","10":"taxable","11":"shipping-taxable","12":"purchasable","13":"product-type-variable"},"_links":{"self":[{"href":"https:\/\/akcharcosmetics.com\/fr\/wp-json\/wp\/v2\/product\/17912","targetHints":{"allow":["GET"]}}],"collection":[{"href":"https:\/\/akcharcosmetics.com\/fr\/wp-json\/wp\/v2\/product"}],"about":[{"href":"https:\/\/akcharcosmetics.com\/fr\/wp-json\/wp\/v2\/types\/product"}],"replies":[{"embeddable":true,"href":"https:\/\/akcharcosmetics.com\/fr\/wp-json\/wp\/v2\/comments?post=17912"}],"version-history":[{"count":0,"href":"https:\/\/akcharcosmetics.com\/fr\/wp-json\/wp\/v2\/product\/17912\/revisions"}],"wp:featuredmedia":[{"embeddable":true,"href":"https:\/\/akcharcosmetics.com\/fr\/wp-json\/wp\/v2\/media\/17919"}],"wp:attachment":[{"href":"https:\/\/akcharcosmetics.com\/fr\/wp-json\/wp\/v2\/media?parent=17912"}],"wp:term":[{"taxonomy":"product_brand","embeddable":true,"href":"https:\/\/akcharcosmetics.com\/fr\/wp-json\/wp\/v2\/product_brand?post=17912"},{"taxonomy":"product_cat","embeddable":true,"href":"https:\/\/akcharcosmetics.com\/fr\/wp-json\/wp\/v2\/product_cat?post=17912"},{"taxonomy":"product_tag","embeddable":true,"href":"https:\/\/akcharcosmetics.com\/fr\/wp-json\/wp\/v2\/product_tag?post=17912"}],"curies":[{"name":"wp","href":"https:\/\/api.w.org\/{rel}","templated":true}]}}