{"id":17893,"date":"2023-11-17T17:41:55","date_gmt":"2023-11-17T17:41:55","guid":{"rendered":"https:\/\/akcharcosmetics.com\/?post_type=product&#038;p=17893"},"modified":"2025-06-01T11:47:12","modified_gmt":"2025-06-01T11:47:12","slug":"bone-guard-fortify","status":"publish","type":"product","link":"https:\/\/akcharcosmetics.com\/fr\/produit\/bone-guard-fortify\/","title":{"rendered":"Bone Guard Fortify"},"content":{"rendered":"<p><b>Les avantages et les bienfaits du compl\u00e9ment alimentaire Bone Guard Fortify ?\u00a0<\/b><\/p>\n<p><span style=\"font-weight: 400;\">Formule Sp\u00e9ciale : Notre compl\u00e9ment \u00ab\u00a0Bone Guard Fortify\u00a0\u00bb renferme une formule unique qui combine des nutriments essentiels pour la sant\u00e9 osseuse, notamment le calcium, la vitamine D, le magn\u00e9sium, et d&rsquo;autres \u00e9l\u00e9ments b\u00e9n\u00e9fiques.\u00a0<\/span><\/p>\n<p><span style=\"font-weight: 400;\">Renforcement Osseux : Il favorise la sant\u00e9 osseuse en am\u00e9liorant la densit\u00e9 osseuse et en renfor\u00e7ant la structure osseuse.\u00a0<\/span><\/p>\n<p><span style=\"font-weight: 400;\">Pr\u00e9vention de la Fragilit\u00e9 Osseuse : \u00ab\u00a0Bone Guard Fortify\u00a0\u00bb est un alli\u00e9 pr\u00e9cieux pour pr\u00e9venir la fragilit\u00e9 osseuse et l&rsquo;ost\u00e9oporose.\u00a0<\/span><\/p>\n<p><span style=\"font-weight: 400;\">Soutien au Syst\u00e8me Immunitaire : Les nutriments contenus dans le compl\u00e9ment renforcent le syst\u00e8me immunitaire, aidant votre corps \u00e0 mieux r\u00e9sister aux infections.\u00a0<\/span><\/p>\n<p><span style=\"font-weight: 400;\">Facile \u00e0 Int\u00e9grer : Les capsules de \u00ab\u00a0Bone Guard Fortify\u00a0\u00bb sont faciles \u00e0 avaler et peuvent \u00eatre int\u00e9gr\u00e9es ais\u00e9ment \u00e0 votre routine quotidienne.\u00a0<\/span><\/p>\n<p><span style=\"font-weight: 400;\">Convient \u00e0 Tous les \u00c2ges : Que vous soyez un adolescent en pleine croissance, un adulte actif, ou un s\u00e9nior soucieux de sa sant\u00e9 osseuse, notre produit est adapt\u00e9 \u00e0 tous.\u00a0<\/span><\/p>\n<p><span style=\"font-weight: 400;\">Qualit\u00e9 et S\u00e9curit\u00e9 : Notre produit est fabriqu\u00e9 dans une installation certifi\u00e9e ONSSA , ISO pour garantir la qualit\u00e9, la puret\u00e9 et la s\u00e9curit\u00e9.\u00a0<\/span><\/p>\n<p><span style=\"font-weight: 400;\">La sant\u00e9 osseuse est essentielle pour maintenir une vie active et confortable. \u00ab\u00a0Bone Guard Fortify\u00a0\u00bb est con\u00e7u pour vous aider \u00e0 renforcer vos os et \u00e0 les maintenir en bonne sant\u00e9 tout au long de votre vie.\u00a0<\/span><\/p>\n","protected":false},"excerpt":{"rendered":"<p><span style=\"font-weight: 400;\">D\u00e9couvrez \u00ab\u00a0Bone Guard Fortify\u00a0\u00bb, notre compl\u00e9ment alimentaire sp\u00e9cialement con\u00e7u pour renforcer la sant\u00e9 de vos os. Que vous cherchiez \u00e0 maintenir des os solides et en bonne sant\u00e9 ou \u00e0 am\u00e9liorer leur densit\u00e9 osseuse, notre produit offre un soutien essentiel pour votre bien-\u00eatre.<\/span><\/p>\n","protected":false},"featured_media":17900,"comment_status":"open","ping_status":"closed","template":"","meta":[],"product_brand":[],"product_cat":[202],"product_tag":[],"class_list":{"0":"post-17893","1":"product","2":"type-product","3":"status-publish","4":"has-post-thumbnail","6":"product_cat-les-supplements-therapeutiques","8":"first","9":"instock","10":"taxable","11":"shipping-taxable","12":"purchasable","13":"product-type-variable"},"_links":{"self":[{"href":"https:\/\/akcharcosmetics.com\/fr\/wp-json\/wp\/v2\/product\/17893","targetHints":{"allow":["GET"]}}],"collection":[{"href":"https:\/\/akcharcosmetics.com\/fr\/wp-json\/wp\/v2\/product"}],"about":[{"href":"https:\/\/akcharcosmetics.com\/fr\/wp-json\/wp\/v2\/types\/product"}],"replies":[{"embeddable":true,"href":"https:\/\/akcharcosmetics.com\/fr\/wp-json\/wp\/v2\/comments?post=17893"}],"version-history":[{"count":0,"href":"https:\/\/akcharcosmetics.com\/fr\/wp-json\/wp\/v2\/product\/17893\/revisions"}],"wp:featuredmedia":[{"embeddable":true,"href":"https:\/\/akcharcosmetics.com\/fr\/wp-json\/wp\/v2\/media\/17900"}],"wp:attachment":[{"href":"https:\/\/akcharcosmetics.com\/fr\/wp-json\/wp\/v2\/media?parent=17893"}],"wp:term":[{"taxonomy":"product_brand","embeddable":true,"href":"https:\/\/akcharcosmetics.com\/fr\/wp-json\/wp\/v2\/product_brand?post=17893"},{"taxonomy":"product_cat","embeddable":true,"href":"https:\/\/akcharcosmetics.com\/fr\/wp-json\/wp\/v2\/product_cat?post=17893"},{"taxonomy":"product_tag","embeddable":true,"href":"https:\/\/akcharcosmetics.com\/fr\/wp-json\/wp\/v2\/product_tag?post=17893"}],"curies":[{"name":"wp","href":"https:\/\/api.w.org\/{rel}","templated":true}]}}