{"id":17877,"date":"2023-11-17T17:36:50","date_gmt":"2023-11-17T17:36:50","guid":{"rendered":"https:\/\/akcharcosmetics.com\/?post_type=product&#038;p=17877"},"modified":"2024-10-09T10:36:35","modified_gmt":"2024-10-09T10:36:35","slug":"height-rise","status":"publish","type":"product","link":"https:\/\/akcharcosmetics.com\/fr\/produit\/height-rise\/","title":{"rendered":"Height Rise"},"content":{"rendered":"<p><b>Les avantages et les bienfaits du compl\u00e9ment alimentaire Height Rise ?<\/b><\/p>\n<p><span style=\"font-weight: 400;\">Formule Unique : Notre compl\u00e9ment \u00ab\u00a0Height Rise\u00a0\u00bb est \u00e9labor\u00e9 avec une formule sp\u00e9ciale, combinant des nutriments essentiels pour la croissance, tels que la vitamine D, le calcium, le zinc, et d&rsquo;autres \u00e9l\u00e9ments b\u00e9n\u00e9fiques.\u00a0<\/span><\/p>\n<p><span style=\"font-weight: 400;\">Soutien \u00e0 la Croissance : Il aide \u00e0 maximiser le potentiel de croissance en favorisant la sant\u00e9 des os et en soutenant la production d&rsquo;hormones de croissance.\u00a0<\/span><\/p>\n<p><span style=\"font-weight: 400;\">Stimulation du Syst\u00e8me Immunitaire : Les nutriments contenus dans \u00ab\u00a0Height Rise\u00a0\u00bb renforcent le syst\u00e8me immunitaire, aidant votre corps \u00e0 mieux r\u00e9sister aux infections.\u00a0<\/span><\/p>\n<p><span style=\"font-weight: 400;\">Qualit\u00e9 et S\u00e9curit\u00e9 : Notre produit est fabriqu\u00e9 dans une installation certifi\u00e9e ONSSA , ISO pour garantir la qualit\u00e9, la puret\u00e9 et la s\u00e9curit\u00e9.\u00a0<\/span><\/p>\n<p><span style=\"font-weight: 400;\">Facile \u00e0 Int\u00e9grer : Les capsules \u00ab\u00a0Height Rise\u00a0\u00bb sont faciles \u00e0 avaler et peuvent \u00eatre int\u00e9gr\u00e9es ais\u00e9ment \u00e0 votre routine quotidienne.\u00a0<\/span><\/p>\n<p><span style=\"font-weight: 400;\">Convient \u00e0 Diff\u00e9rents Groupes d&rsquo;\u00c2ge : Notre compl\u00e9ment convient aux adolescents en phase de croissance et aux adultes cherchant \u00e0 maximiser leur potentiel de taille.\u00a0<\/span><\/p>\n<p><span style=\"font-weight: 400;\">Atteindre la taille que vous d\u00e9sirez peut \u00eatre un objectif personnel important. \u00ab\u00a0Height Rise\u00a0\u00bb est con\u00e7u pour vous aider \u00e0 r\u00e9aliser votre r\u00eave de croissance en taille naturelle.\u00a0<\/span><\/p>\n","protected":false},"excerpt":{"rendered":"<p><span style=\"font-weight: 400;\">D\u00e9couvrez \u00ab\u00a0Height Rise\u00a0\u00bb, notre compl\u00e9ment alimentaire sp\u00e9cialement formul\u00e9 pour favoriser la croissance en taille naturelle. Que ce soit pour les adolescents en phase de croissance ou pour les adultes cherchant \u00e0 maximiser leur potentiel de taille, notre produit est con\u00e7u pour vous aider \u00e0 atteindre vos objectifs de hauteur.\u00a0<\/span><\/p>\n","protected":false},"featured_media":17884,"comment_status":"open","ping_status":"closed","template":"","meta":[],"product_brand":[],"product_cat":[202],"product_tag":[],"class_list":{"0":"post-17877","1":"product","2":"type-product","3":"status-publish","4":"has-post-thumbnail","6":"product_cat-les-supplements-therapeutiques","8":"first","9":"instock","10":"taxable","11":"shipping-taxable","12":"purchasable","13":"product-type-variable"},"_links":{"self":[{"href":"https:\/\/akcharcosmetics.com\/fr\/wp-json\/wp\/v2\/product\/17877","targetHints":{"allow":["GET"]}}],"collection":[{"href":"https:\/\/akcharcosmetics.com\/fr\/wp-json\/wp\/v2\/product"}],"about":[{"href":"https:\/\/akcharcosmetics.com\/fr\/wp-json\/wp\/v2\/types\/product"}],"replies":[{"embeddable":true,"href":"https:\/\/akcharcosmetics.com\/fr\/wp-json\/wp\/v2\/comments?post=17877"}],"version-history":[{"count":1,"href":"https:\/\/akcharcosmetics.com\/fr\/wp-json\/wp\/v2\/product\/17877\/revisions"}],"predecessor-version":[{"id":18288,"href":"https:\/\/akcharcosmetics.com\/fr\/wp-json\/wp\/v2\/product\/17877\/revisions\/18288"}],"wp:featuredmedia":[{"embeddable":true,"href":"https:\/\/akcharcosmetics.com\/fr\/wp-json\/wp\/v2\/media\/17884"}],"wp:attachment":[{"href":"https:\/\/akcharcosmetics.com\/fr\/wp-json\/wp\/v2\/media?parent=17877"}],"wp:term":[{"taxonomy":"product_brand","embeddable":true,"href":"https:\/\/akcharcosmetics.com\/fr\/wp-json\/wp\/v2\/product_brand?post=17877"},{"taxonomy":"product_cat","embeddable":true,"href":"https:\/\/akcharcosmetics.com\/fr\/wp-json\/wp\/v2\/product_cat?post=17877"},{"taxonomy":"product_tag","embeddable":true,"href":"https:\/\/akcharcosmetics.com\/fr\/wp-json\/wp\/v2\/product_tag?post=17877"}],"curies":[{"name":"wp","href":"https:\/\/api.w.org\/{rel}","templated":true}]}}