{"id":17861,"date":"2023-11-17T17:25:25","date_gmt":"2023-11-17T17:25:25","guid":{"rendered":"https:\/\/akcharcosmetics.com\/?post_type=product&#038;p=17861"},"modified":"2025-06-01T15:52:44","modified_gmt":"2025-06-01T15:52:44","slug":"wheat-germ","status":"publish","type":"product","link":"https:\/\/akcharcosmetics.com\/fr\/produit\/wheat-germ\/","title":{"rendered":"Wheat Germ"},"content":{"rendered":"<p><b>Les avantages et les bienfaits de compl\u00e9ment alimentaire de germe de bl\u00e9 ?<\/b><\/p>\n<p><span style=\"font-weight: 400;\">Puret\u00e9 Maximale : Notre germe de bl\u00e9 est soigneusement s\u00e9lectionn\u00e9 pour pr\u00e9server sa puret\u00e9 et sa richesse en nutriments, notamment la vitamine E, le fer, et le zinc.\u00a0<\/span><\/p>\n<p><span style=\"font-weight: 400;\">Soutien Cardiovasculaire : Les nutriments contenus dans le germe de bl\u00e9 favorisent la sant\u00e9 cardiaque en r\u00e9gulant la pression art\u00e9rielle et en maintenant un taux de cholest\u00e9rol sain.\u00a0<\/span><\/p>\n<p><span style=\"font-weight: 400;\">Antioxydant Naturel : Le germe de bl\u00e9 est riche en antioxydants qui prot\u00e8gent les cellules du corps contre les dommages oxydatifs.\u00a0<\/span><\/p>\n<p><span style=\"font-weight: 400;\">Soutien \u00c9nerg\u00e9tique : Il stimule l&rsquo;\u00e9nergie et la vitalit\u00e9, vous aidant \u00e0 rester actif et alerte tout au long de la journ\u00e9e.\u00a0<\/span><\/p>\n<p><span style=\"font-weight: 400;\">Soutien Immunitaire : Les nutriments renforcent le syst\u00e8me immunitaire, favorisant une meilleure r\u00e9sistance aux infections.\u00a0<\/span><\/p>\n<p><span style=\"font-weight: 400;\">Soutien Digestif : Il favorise une digestion saine en apaisant le tractus gastro-intestinal.\u00a0<\/span><\/p>\n<p><span style=\"font-weight: 400;\">Soutien \u00e0 la Sant\u00e9 de la Peau : Le germe de bl\u00e9 contribue \u00e0 une peau saine, favorisant un teint radieux.\u00a0<\/span><\/p>\n<p><span style=\"font-weight: 400;\">Facile \u00e0 Int\u00e9grer : Les capsules de germe de bl\u00e9 sont faciles \u00e0 avaler et peuvent \u00eatre int\u00e9gr\u00e9es ais\u00e9ment \u00e0 votre routine quotidienne de bien-\u00eatre.\u00a0<\/span><\/p>\n<p><span style=\"font-weight: 400;\">Qualit\u00e9 et S\u00e9curit\u00e9 : Notre produit est fabriqu\u00e9 dans une installation certifi\u00e9e ONSSA , ISO pour garantir la qualit\u00e9, la puret\u00e9 et la s\u00e9curit\u00e9.\u00a0<\/span><\/p>\n<p><span style=\"font-weight: 400;\">Le germe de bl\u00e9 est une source naturelle de nutriments essentiels pour favoriser la sant\u00e9 cardiovasculaire, la vitalit\u00e9, et la protection contre les dommages oxydatifs. Optez pour notre Wheat Germ et prenez soin de votre bien-\u00eatre de mani\u00e8re naturelle.\u00a0<\/span><\/p>\n","protected":false},"excerpt":{"rendered":"<p><span style=\"font-weight: 400;\">D\u00e9couvrez les bienfaits naturels de notre compl\u00e9ment alimentaire \u00e0 base de germe de bl\u00e9, une source pr\u00e9cieuse de nutriments essentiels pour la sant\u00e9. Le germe de bl\u00e9 est appr\u00e9ci\u00e9 pour sa richesse en vitamines, min\u00e9raux, et antioxydants qui favorisent le bien-\u00eatre global.\u00a0<\/span><\/p>\n","protected":false},"featured_media":17865,"comment_status":"open","ping_status":"closed","template":"","meta":[],"product_brand":[],"product_cat":[201],"product_tag":[],"class_list":{"0":"post-17861","1":"product","2":"type-product","3":"status-publish","4":"has-post-thumbnail","6":"product_cat-complements-alimentaires","8":"first","9":"instock","10":"taxable","11":"shipping-taxable","12":"purchasable","13":"product-type-variable"},"_links":{"self":[{"href":"https:\/\/akcharcosmetics.com\/fr\/wp-json\/wp\/v2\/product\/17861","targetHints":{"allow":["GET"]}}],"collection":[{"href":"https:\/\/akcharcosmetics.com\/fr\/wp-json\/wp\/v2\/product"}],"about":[{"href":"https:\/\/akcharcosmetics.com\/fr\/wp-json\/wp\/v2\/types\/product"}],"replies":[{"embeddable":true,"href":"https:\/\/akcharcosmetics.com\/fr\/wp-json\/wp\/v2\/comments?post=17861"}],"version-history":[{"count":0,"href":"https:\/\/akcharcosmetics.com\/fr\/wp-json\/wp\/v2\/product\/17861\/revisions"}],"wp:featuredmedia":[{"embeddable":true,"href":"https:\/\/akcharcosmetics.com\/fr\/wp-json\/wp\/v2\/media\/17865"}],"wp:attachment":[{"href":"https:\/\/akcharcosmetics.com\/fr\/wp-json\/wp\/v2\/media?parent=17861"}],"wp:term":[{"taxonomy":"product_brand","embeddable":true,"href":"https:\/\/akcharcosmetics.com\/fr\/wp-json\/wp\/v2\/product_brand?post=17861"},{"taxonomy":"product_cat","embeddable":true,"href":"https:\/\/akcharcosmetics.com\/fr\/wp-json\/wp\/v2\/product_cat?post=17861"},{"taxonomy":"product_tag","embeddable":true,"href":"https:\/\/akcharcosmetics.com\/fr\/wp-json\/wp\/v2\/product_tag?post=17861"}],"curies":[{"name":"wp","href":"https:\/\/api.w.org\/{rel}","templated":true}]}}