{"id":17846,"date":"2023-11-17T17:21:13","date_gmt":"2023-11-17T17:21:13","guid":{"rendered":"https:\/\/akcharcosmetics.com\/?post_type=product&#038;p=17846"},"modified":"2024-10-09T10:36:36","modified_gmt":"2024-10-09T10:36:36","slug":"omega-3-6-9","status":"publish","type":"product","link":"https:\/\/akcharcosmetics.com\/fr\/produit\/omega-3-6-9\/","title":{"rendered":"Omega 3-6-9"},"content":{"rendered":"<p><b>Les avantages et les bienfaits de compl\u00e9ment alimentaire de Omega 3-6-9 ?<\/b><\/p>\n<p><span style=\"font-weight: 400;\">\u00c9quilibre Optimal : Notre formule offre une combinaison \u00e9quilibr\u00e9e d&rsquo;acides gras essentiels, y compris l&rsquo;acide alpha-linol\u00e9nique (ALA), l&rsquo;acide linol\u00e9ique (LA), l&rsquo;acide ol\u00e9ique et les acides eicosapenta\u00e9no\u00efque (EPA) et docosahexa\u00e9no\u00efque (DHA).\u00a0<\/span><\/p>\n<p><span style=\"font-weight: 400;\">Soutien Cardiovasculaire : Les Omega-3 favorisent la sant\u00e9 cardiaque en r\u00e9gulant la pression art\u00e9rielle et en maintenant un taux de cholest\u00e9rol sain.\u00a0<\/span><\/p>\n<p><span style=\"font-weight: 400;\">Fonction C\u00e9r\u00e9brale Am\u00e9lior\u00e9e : Les Omega-3 stimulent la sant\u00e9 c\u00e9r\u00e9brale, am\u00e9liorant la m\u00e9moire, la concentration et l&rsquo;humeur.\u00a0<\/span><\/p>\n<p><span style=\"font-weight: 400;\">Soutien Cutan\u00e9 : Les Omega-6 et 9 contribuent \u00e0 une peau saine, favorisant un teint radieux.\u00a0<\/span><\/p>\n<p><span style=\"font-weight: 400;\">Soutien Articulaire : Les Omega-9 contribuent au confort articulaire et musculaire.\u00a0<\/span><\/p>\n<p><span style=\"font-weight: 400;\">Antioxydant Naturel : Les Omega-6 et 9 sont riches en antioxydants qui prot\u00e8gent les cellules du corps contre les dommages oxydatifs.\u00a0<\/span><\/p>\n<p><span style=\"font-weight: 400;\">Soutien Digestif : Les Omega-9 favorisent une digestion saine, apaisant le tractus gastro-intestinal.\u00a0<\/span><\/p>\n<p><span style=\"font-weight: 400;\">Facile \u00e0 Int\u00e9grer : Nos capsules d&rsquo;Omega 3-6-9 sont faciles \u00e0 avaler et peuvent \u00eatre int\u00e9gr\u00e9es ais\u00e9ment \u00e0 votre routine quotidienne de bien-\u00eatre.\u00a0<\/span><\/p>\n<p><span style=\"font-weight: 400;\">Qualit\u00e9 et S\u00e9curit\u00e9 : Notre produit est fabriqu\u00e9 dans une installation certifi\u00e9e ONSSA , ISO pour garantir la qualit\u00e9, la puret\u00e9 et la s\u00e9curit\u00e9.\u00a0<\/span><\/p>\n<p><span style=\"font-weight: 400;\">L&rsquo;Omega 3-6-9 est une solution compl\u00e8te pour maintenir une sant\u00e9 optimale, que ce soit pour votre c\u0153ur, votre cerveau, votre peau, vos articulations ou votre digestion. Optez pour notre Omega 3-6-9 et prenez soin de votre bien-\u00eatre de mani\u00e8re naturelle.\u00a0<\/span><\/p>\n","protected":false},"excerpt":{"rendered":"<p><span style=\"font-weight: 400;\">D\u00e9couvrez les bienfaits de notre compl\u00e9ment alimentaire Omega 3-6-9, une formule \u00e9quilibr\u00e9e qui combine les avantages des acides gras essentiels pour promouvoir votre sant\u00e9 globale. Les Omega 3, 6 et 9 sont cruciaux pour la sant\u00e9 cardiaque, c\u00e9r\u00e9brale, cutan\u00e9e, et articulaire.\u00a0<\/span><\/p>\n","protected":false},"featured_media":17850,"comment_status":"open","ping_status":"closed","template":"","meta":[],"product_brand":[],"product_cat":[201],"product_tag":[],"class_list":{"0":"post-17846","1":"product","2":"type-product","3":"status-publish","4":"has-post-thumbnail","6":"product_cat-complements-alimentaires","8":"first","9":"instock","10":"taxable","11":"shipping-taxable","12":"purchasable","13":"product-type-variable"},"_links":{"self":[{"href":"https:\/\/akcharcosmetics.com\/fr\/wp-json\/wp\/v2\/product\/17846","targetHints":{"allow":["GET"]}}],"collection":[{"href":"https:\/\/akcharcosmetics.com\/fr\/wp-json\/wp\/v2\/product"}],"about":[{"href":"https:\/\/akcharcosmetics.com\/fr\/wp-json\/wp\/v2\/types\/product"}],"replies":[{"embeddable":true,"href":"https:\/\/akcharcosmetics.com\/fr\/wp-json\/wp\/v2\/comments?post=17846"}],"version-history":[{"count":1,"href":"https:\/\/akcharcosmetics.com\/fr\/wp-json\/wp\/v2\/product\/17846\/revisions"}],"predecessor-version":[{"id":18282,"href":"https:\/\/akcharcosmetics.com\/fr\/wp-json\/wp\/v2\/product\/17846\/revisions\/18282"}],"wp:featuredmedia":[{"embeddable":true,"href":"https:\/\/akcharcosmetics.com\/fr\/wp-json\/wp\/v2\/media\/17850"}],"wp:attachment":[{"href":"https:\/\/akcharcosmetics.com\/fr\/wp-json\/wp\/v2\/media?parent=17846"}],"wp:term":[{"taxonomy":"product_brand","embeddable":true,"href":"https:\/\/akcharcosmetics.com\/fr\/wp-json\/wp\/v2\/product_brand?post=17846"},{"taxonomy":"product_cat","embeddable":true,"href":"https:\/\/akcharcosmetics.com\/fr\/wp-json\/wp\/v2\/product_cat?post=17846"},{"taxonomy":"product_tag","embeddable":true,"href":"https:\/\/akcharcosmetics.com\/fr\/wp-json\/wp\/v2\/product_tag?post=17846"}],"curies":[{"name":"wp","href":"https:\/\/api.w.org\/{rel}","templated":true}]}}