{"id":17831,"date":"2023-11-17T17:17:20","date_gmt":"2023-11-17T17:17:20","guid":{"rendered":"https:\/\/akcharcosmetics.com\/?post_type=product&#038;p=17831"},"modified":"2024-10-09T10:36:36","modified_gmt":"2024-10-09T10:36:36","slug":"black-cumin-seed","status":"publish","type":"product","link":"https:\/\/akcharcosmetics.com\/fr\/produit\/black-cumin-seed\/","title":{"rendered":"Black Cumin Seed"},"content":{"rendered":"<p><b>Les avantages et les bienfaits de compl\u00e9mnt alimentaire de graines de cumin noir ?\u00a0<\/b><\/p>\n<p><span style=\"font-weight: 400;\">Soutien Immunitaire : Les graines de cumin noir renforcent le syst\u00e8me immunitaire, aidant votre corps \u00e0 mieux r\u00e9sister aux infections.\u00a0<\/span><\/p>\n<p><span style=\"font-weight: 400;\">Soutien Anti-Inflammatoire : Elles poss\u00e8dent des propri\u00e9t\u00e9s anti-inflammatoires qui contribuent au soulagement des douleurs articulaires et musculaires.\u00a0<\/span><\/p>\n<p><span style=\"font-weight: 400;\">Antioxydant Naturel : Les graines de cumin noir sont riches en antioxydants qui prot\u00e8gent les cellules du corps contre les dommages oxydatifs.\u00a0<\/span><\/p>\n<p><span style=\"font-weight: 400;\">Bien-\u00eatre Respiratoire : Elles peuvent apaiser les voies respiratoires, favorisant la sant\u00e9 des poumons.\u00a0<\/span><\/p>\n<p><span style=\"font-weight: 400;\">Soutien Digestif : Les graines de cumin noir favorisent une digestion saine en apaisant le tractus gastro-intestinal.\u00a0<\/span><\/p>\n<p><span style=\"font-weight: 400;\">Facile \u00e0 Int\u00e9grer : Les capsules de graines de cumin noir sont faciles \u00e0 avaler et peuvent \u00eatre int\u00e9gr\u00e9es ais\u00e9ment \u00e0 votre routine quotidienne de bien-\u00eatre.\u00a0<\/span><\/p>\n<p><span style=\"font-weight: 400;\">Qualit\u00e9 et S\u00e9curit\u00e9 : Notre produit est fabriqu\u00e9 dans une installation certifi\u00e9e ONSSA , ISO pour garantir la qualit\u00e9, la puret\u00e9 et la s\u00e9curit\u00e9.\u00a0<\/span><\/p>\n<p><span style=\"font-weight: 400;\">Les graines de cumin noir sont une solution naturelle pour renforcer le syst\u00e8me immunitaire, r\u00e9duire l&rsquo;inflammation, et prot\u00e9ger le corps contre les dommages oxydatifs. Optez pour notre Black Cumin Seed et prenez soin de votre bien-\u00eatre de mani\u00e8re naturelle .<\/span><\/p>\n","protected":false},"excerpt":{"rendered":"<p><span style=\"font-weight: 400;\">D\u00e9couvrez les bienfaits naturels de notre compl\u00e9ment alimentaire \u00e0 base de graines de cumin noir, un tr\u00e9sor de la nature utilis\u00e9 depuis des si\u00e8cles pour ses propri\u00e9t\u00e9s b\u00e9n\u00e9fiques pour la sant\u00e9. Les graines de cumin noir sont r\u00e9put\u00e9es pour leur soutien au syst\u00e8me immunitaire, leur potentiel anti-inflammatoire, et leur contribution au bien-\u00eatre g\u00e9n\u00e9ral.<\/span><\/p>\n","protected":false},"featured_media":17838,"comment_status":"open","ping_status":"closed","template":"","meta":[],"product_brand":[],"product_cat":[201],"product_tag":[],"class_list":{"0":"post-17831","1":"product","2":"type-product","3":"status-publish","4":"has-post-thumbnail","6":"product_cat-complements-alimentaires","8":"first","9":"instock","10":"taxable","11":"shipping-taxable","12":"purchasable","13":"product-type-variable"},"_links":{"self":[{"href":"https:\/\/akcharcosmetics.com\/fr\/wp-json\/wp\/v2\/product\/17831","targetHints":{"allow":["GET"]}}],"collection":[{"href":"https:\/\/akcharcosmetics.com\/fr\/wp-json\/wp\/v2\/product"}],"about":[{"href":"https:\/\/akcharcosmetics.com\/fr\/wp-json\/wp\/v2\/types\/product"}],"replies":[{"embeddable":true,"href":"https:\/\/akcharcosmetics.com\/fr\/wp-json\/wp\/v2\/comments?post=17831"}],"version-history":[{"count":0,"href":"https:\/\/akcharcosmetics.com\/fr\/wp-json\/wp\/v2\/product\/17831\/revisions"}],"wp:featuredmedia":[{"embeddable":true,"href":"https:\/\/akcharcosmetics.com\/fr\/wp-json\/wp\/v2\/media\/17838"}],"wp:attachment":[{"href":"https:\/\/akcharcosmetics.com\/fr\/wp-json\/wp\/v2\/media?parent=17831"}],"wp:term":[{"taxonomy":"product_brand","embeddable":true,"href":"https:\/\/akcharcosmetics.com\/fr\/wp-json\/wp\/v2\/product_brand?post=17831"},{"taxonomy":"product_cat","embeddable":true,"href":"https:\/\/akcharcosmetics.com\/fr\/wp-json\/wp\/v2\/product_cat?post=17831"},{"taxonomy":"product_tag","embeddable":true,"href":"https:\/\/akcharcosmetics.com\/fr\/wp-json\/wp\/v2\/product_tag?post=17831"}],"curies":[{"name":"wp","href":"https:\/\/api.w.org\/{rel}","templated":true}]}}