{"id":17816,"date":"2023-11-17T17:10:30","date_gmt":"2023-11-17T17:10:30","guid":{"rendered":"https:\/\/akcharcosmetics.com\/?post_type=product&#038;p=17816"},"modified":"2024-10-09T10:36:37","modified_gmt":"2024-10-09T10:36:37","slug":"papaya","status":"publish","type":"product","link":"https:\/\/akcharcosmetics.com\/fr\/produit\/papaya\/","title":{"rendered":"Papaya"},"content":{"rendered":"<p><b>Les avantages et les bienfaits du compl\u00e9ment alimentaire de Papaye?<\/b><\/p>\n<p><span style=\"font-weight: 400;\">Soutien Digestif : La papaye est r\u00e9put\u00e9e pour ses propri\u00e9t\u00e9s b\u00e9n\u00e9fiques pour la digestion, favorisant une digestion saine.\u00a0<\/span><\/p>\n<p><span style=\"font-weight: 400;\">Riche en Nutriments : Elle est une source de vitamine C, vitamine A, et de nombreux min\u00e9raux essentiels pour votre bien-\u00eatre.\u00a0<\/span><\/p>\n<p><span style=\"font-weight: 400;\">Antioxydant Naturel : La papaye est riche en antioxydants qui prot\u00e8gent les cellules du corps contre les dommages oxydatifs.\u00a0<\/span><\/p>\n<p><span style=\"font-weight: 400;\">Soutien Immunitaire : Les nutriments contenus dans la papaye renforcent le syst\u00e8me immunitaire pour une meilleure r\u00e9sistance aux infections.\u00a0<\/span><\/p>\n<p><span style=\"font-weight: 400;\">Soutien \u00e0 la Sant\u00e9 de la Peau : Elle favorise la sant\u00e9 de la peau en contribuant \u00e0 un teint radieux.\u00a0<\/span><\/p>\n<p><span style=\"font-weight: 400;\">Facile \u00e0 Int\u00e9grer : Les capsules de papaye sont faciles \u00e0 avaler et peuvent \u00eatre int\u00e9gr\u00e9es ais\u00e9ment \u00e0 votre routine quotidienne de bien-\u00eatre.\u00a0<\/span><\/p>\n<p><span style=\"font-weight: 400;\">Qualit\u00e9 et S\u00e9curit\u00e9 : Notre produit est fabriqu\u00e9 dans une installation certifi\u00e9e ONSSA , ISO pour garantir la qualit\u00e9, la puret\u00e9 et la s\u00e9curit\u00e9.\u00a0<\/span><\/p>\n<p><span style=\"font-weight: 400;\">La papaye est une solution naturelle pour favoriser une digestion saine, renforcer le syst\u00e8me immunitaire, et prendre soin de votre bien-\u00eatre g\u00e9n\u00e9ral. Optez pour notre Papaya et d\u00e9couvrez les bienfaits de ce fruit tropical.\u00a0<\/span><\/p>\n","protected":false},"excerpt":{"rendered":"<p><span style=\"font-weight: 400;\">D\u00e9couvrez les bienfaits de notre compl\u00e9ment alimentaire \u00e0 base de papaye, un fruit tropical exquis reconnu pour sa d\u00e9licieuse saveur et ses propri\u00e9t\u00e9s b\u00e9n\u00e9fiques pour la sant\u00e9. La papaye est appr\u00e9ci\u00e9e pour son soutien \u00e0 la digestion, sa richesse en vitamines, et ses antioxydants naturels.<\/span><\/p>\n","protected":false},"featured_media":17823,"comment_status":"open","ping_status":"closed","template":"","meta":[],"product_brand":[],"product_cat":[201],"product_tag":[],"class_list":{"0":"post-17816","1":"product","2":"type-product","3":"status-publish","4":"has-post-thumbnail","6":"product_cat-complements-alimentaires","8":"first","9":"instock","10":"taxable","11":"shipping-taxable","12":"purchasable","13":"product-type-variable"},"_links":{"self":[{"href":"https:\/\/akcharcosmetics.com\/fr\/wp-json\/wp\/v2\/product\/17816","targetHints":{"allow":["GET"]}}],"collection":[{"href":"https:\/\/akcharcosmetics.com\/fr\/wp-json\/wp\/v2\/product"}],"about":[{"href":"https:\/\/akcharcosmetics.com\/fr\/wp-json\/wp\/v2\/types\/product"}],"replies":[{"embeddable":true,"href":"https:\/\/akcharcosmetics.com\/fr\/wp-json\/wp\/v2\/comments?post=17816"}],"version-history":[{"count":0,"href":"https:\/\/akcharcosmetics.com\/fr\/wp-json\/wp\/v2\/product\/17816\/revisions"}],"wp:featuredmedia":[{"embeddable":true,"href":"https:\/\/akcharcosmetics.com\/fr\/wp-json\/wp\/v2\/media\/17823"}],"wp:attachment":[{"href":"https:\/\/akcharcosmetics.com\/fr\/wp-json\/wp\/v2\/media?parent=17816"}],"wp:term":[{"taxonomy":"product_brand","embeddable":true,"href":"https:\/\/akcharcosmetics.com\/fr\/wp-json\/wp\/v2\/product_brand?post=17816"},{"taxonomy":"product_cat","embeddable":true,"href":"https:\/\/akcharcosmetics.com\/fr\/wp-json\/wp\/v2\/product_cat?post=17816"},{"taxonomy":"product_tag","embeddable":true,"href":"https:\/\/akcharcosmetics.com\/fr\/wp-json\/wp\/v2\/product_tag?post=17816"}],"curies":[{"name":"wp","href":"https:\/\/api.w.org\/{rel}","templated":true}]}}