{"id":17751,"date":"2023-11-17T16:30:32","date_gmt":"2023-11-17T16:30:32","guid":{"rendered":"https:\/\/akcharcosmetics.com\/?post_type=product&#038;p=17751"},"modified":"2025-06-06T23:47:09","modified_gmt":"2025-06-06T23:47:09","slug":"oregano","status":"publish","type":"product","link":"https:\/\/akcharcosmetics.com\/fr\/produit\/oregano\/","title":{"rendered":"Oregano"},"content":{"rendered":"<p><b>Les avantages et les bienfaits de compl\u00e9ment alimentaire d&rsquo;origan?<\/b><\/p>\n<p><span style=\"font-weight: 400;\">Soutien Digestif : L&rsquo;origan favorise une digestion saine en apaisant le tractus gastro-intestinal.\u00a0<\/span><\/p>\n<p><span style=\"font-weight: 400;\">Soutien Immunitaire : Les nutriments de l&rsquo;origan renforcent le syst\u00e8me immunitaire, favorisant ainsi une meilleure r\u00e9sistance aux infections.\u00a0<\/span><\/p>\n<p><span style=\"font-weight: 400;\">Soutien Respiratoire : Il apaise les voies respiratoires, contribuant \u00e0 la sant\u00e9 des poumons.\u00a0<\/span><\/p>\n<p><span style=\"font-weight: 400;\">Antioxydant Naturel : L&rsquo;origan est riche en antioxydants qui prot\u00e8gent les cellules du corps contre les dommages oxydatifs.\u00a0<\/span><\/p>\n<p><span style=\"font-weight: 400;\">Soutien Anti-Inflammatoire : Il poss\u00e8de des propri\u00e9t\u00e9s anti-inflammatoires qui contribuent au soulagement des douleurs articulaires et musculaires.\u00a0<\/span><\/p>\n<p><span style=\"font-weight: 400;\">Bien-\u00eatre G\u00e9n\u00e9ral : L&rsquo;origan favorise le bien-\u00eatre g\u00e9n\u00e9ral en stimulant votre \u00e9nergie et vitalit\u00e9.\u00a0<\/span><\/p>\n<p><span style=\"font-weight: 400;\">Facile \u00e0 Int\u00e9grer : Les capsules d&rsquo;origan sont faciles \u00e0 avaler et peuvent \u00eatre int\u00e9gr\u00e9es ais\u00e9ment \u00e0 votre routine quotidienne de bien-\u00eatre.\u00a0<\/span><\/p>\n<p><span style=\"font-weight: 400;\">Qualit\u00e9 et S\u00e9curit\u00e9 : Notre produit est fabriqu\u00e9 dans une installation certifi\u00e9e ONSSA , ISO pour garantir la qualit\u00e9, la puret\u00e9 et la s\u00e9curit\u00e9.\u00a0<\/span><\/p>\n<p><span style=\"font-weight: 400;\">L&rsquo;origan est une solution naturelle pour favoriser une digestion saine, renforcer le syst\u00e8me immunitaire et apaiser le corps. Optez pour notre Oregano et prenez soin de votre bien-\u00eatre de mani\u00e8re naturelle.\u00a0<\/span><\/p>\n","protected":false},"excerpt":{"rendered":"<p><span style=\"font-weight: 400;\">D\u00e9couvrez les bienfaits de notre compl\u00e9ment alimentaire \u00e0 base d&rsquo;origan, une herbe aromatique populaire non seulement pour ses qualit\u00e9s culinaires, mais aussi pour ses propri\u00e9t\u00e9s b\u00e9n\u00e9fiques pour la sant\u00e9. L&rsquo;origan est reconnu pour ses avantages en mati\u00e8re de bien-\u00eatre digestif, de soutien immunitaire, et de sant\u00e9 respiratoire. <\/span><\/p>\n","protected":false},"featured_media":17758,"comment_status":"open","ping_status":"closed","template":"","meta":[],"product_brand":[],"product_cat":[201],"product_tag":[],"class_list":{"0":"post-17751","1":"product","2":"type-product","3":"status-publish","4":"has-post-thumbnail","6":"product_cat-complements-alimentaires","8":"first","9":"instock","10":"taxable","11":"shipping-taxable","12":"purchasable","13":"product-type-variable"},"_links":{"self":[{"href":"https:\/\/akcharcosmetics.com\/fr\/wp-json\/wp\/v2\/product\/17751","targetHints":{"allow":["GET"]}}],"collection":[{"href":"https:\/\/akcharcosmetics.com\/fr\/wp-json\/wp\/v2\/product"}],"about":[{"href":"https:\/\/akcharcosmetics.com\/fr\/wp-json\/wp\/v2\/types\/product"}],"replies":[{"embeddable":true,"href":"https:\/\/akcharcosmetics.com\/fr\/wp-json\/wp\/v2\/comments?post=17751"}],"version-history":[{"count":0,"href":"https:\/\/akcharcosmetics.com\/fr\/wp-json\/wp\/v2\/product\/17751\/revisions"}],"wp:featuredmedia":[{"embeddable":true,"href":"https:\/\/akcharcosmetics.com\/fr\/wp-json\/wp\/v2\/media\/17758"}],"wp:attachment":[{"href":"https:\/\/akcharcosmetics.com\/fr\/wp-json\/wp\/v2\/media?parent=17751"}],"wp:term":[{"taxonomy":"product_brand","embeddable":true,"href":"https:\/\/akcharcosmetics.com\/fr\/wp-json\/wp\/v2\/product_brand?post=17751"},{"taxonomy":"product_cat","embeddable":true,"href":"https:\/\/akcharcosmetics.com\/fr\/wp-json\/wp\/v2\/product_cat?post=17751"},{"taxonomy":"product_tag","embeddable":true,"href":"https:\/\/akcharcosmetics.com\/fr\/wp-json\/wp\/v2\/product_tag?post=17751"}],"curies":[{"name":"wp","href":"https:\/\/api.w.org\/{rel}","templated":true}]}}