{"id":17735,"date":"2023-11-17T16:17:06","date_gmt":"2023-11-17T16:17:06","guid":{"rendered":"https:\/\/akcharcosmetics.com\/?post_type=product&#038;p=17735"},"modified":"2025-06-03T20:05:20","modified_gmt":"2025-06-03T20:05:20","slug":"omega-3","status":"publish","type":"product","link":"https:\/\/akcharcosmetics.com\/fr\/produit\/omega-3\/","title":{"rendered":"Omega-3"},"content":{"rendered":"<p><b>Les avantages et les bienfaits du compl\u00e9ment alimentaire Omega-3 ?<\/b><\/p>\n<p><span style=\"font-weight: 400;\">Haute Concentration en EPA et DHA : Notre formule est sp\u00e9cialement con\u00e7ue pour offrir une haute concentration en EPA (acide eicosapenta\u00e9no\u00efque) et DHA (acide docosahexa\u00e9no\u00efque), les acides gras essentiels les plus importants.\u00a0<\/span><\/p>\n<p><span style=\"font-weight: 400;\">Soutien Cardiovasculaire : Les om\u00e9ga-3 sont reconnus pour leur r\u00f4le dans la r\u00e9gulation de la pression art\u00e9rielle, le maintien d&rsquo;un taux de cholest\u00e9rol sain, et la sant\u00e9 du c\u0153ur.\u00a0<\/span><\/p>\n<p><span style=\"font-weight: 400;\">Fonction C\u00e9r\u00e9brale Am\u00e9lior\u00e9e : Ils favorisent la sant\u00e9 c\u00e9r\u00e9brale, am\u00e9liorant la m\u00e9moire, la concentration, et le bien-\u00eatre mental.\u00a0<\/span><\/p>\n<p><span style=\"font-weight: 400;\">Soutien Articulaire : Les om\u00e9ga-3 contribuent au confort des articulations en r\u00e9duisant l&rsquo;inflammation.\u00a0<\/span><\/p>\n<p><span style=\"font-weight: 400;\">Soutien Immunitaire : Ils renforcent le syst\u00e8me immunitaire, aidant \u00e0 mieux r\u00e9sister aux infections.\u00a0<\/span><\/p>\n<p><span style=\"font-weight: 400;\">Antioxydant Naturel : Les om\u00e9ga-3 sont riches en antioxydants qui prot\u00e8gent les cellules du corps contre les dommages oxydatifs.\u00a0<\/span><\/p>\n<p><span style=\"font-weight: 400;\">Facile \u00e0 Int\u00e9grer : Nos capsules d&rsquo;om\u00e9ga-3 sont faciles \u00e0 avaler et peuvent \u00eatre int\u00e9gr\u00e9es ais\u00e9ment \u00e0 votre routine quotidienne de bien-\u00eatre.\u00a0<\/span><\/p>\n<p><span style=\"font-weight: 400;\">Qualit\u00e9 et S\u00e9curit\u00e9 : Notre produit est fabriqu\u00e9 dans une installation certifi\u00e9e ONSSA ,ISO pour garantir la qualit\u00e9, la puret\u00e9 et la s\u00e9curit\u00e9.\u00a0<\/span><\/p>\n<p><span style=\"font-weight: 400;\">Les om\u00e9ga-3 sont essentiels pour maintenir une sant\u00e9 optimale, que ce soit pour votre c\u0153ur, votre cerveau, vos articulations ou votre syst\u00e8me immunitaire. Optez pour notre Omega-3 et prenez soin de votre bien-\u00eatre de mani\u00e8re naturelle.\u00a0<\/span><\/p>\n","protected":false},"excerpt":{"rendered":"<p><span style=\"font-weight: 400;\">D\u00e9couvrez les nombreux bienfaits de notre compl\u00e9ment alimentaire riche en om\u00e9ga-3, une source naturelle d&rsquo;acides gras essentiels qui sont cruciaux pour la sant\u00e9. Les om\u00e9ga-3 sont associ\u00e9s \u00e0 un large \u00e9ventail d&rsquo;avantages, notamment pour la sant\u00e9 cardiovasculaire, la fonction c\u00e9r\u00e9brale, et le soutien des articulations.\u00a0<\/span><\/p>\n","protected":false},"featured_media":17736,"comment_status":"open","ping_status":"closed","template":"","meta":[],"product_brand":[],"product_cat":[201],"product_tag":[],"class_list":{"0":"post-17735","1":"product","2":"type-product","3":"status-publish","4":"has-post-thumbnail","6":"product_cat-complements-alimentaires","8":"first","9":"instock","10":"taxable","11":"shipping-taxable","12":"purchasable","13":"product-type-variable"},"_links":{"self":[{"href":"https:\/\/akcharcosmetics.com\/fr\/wp-json\/wp\/v2\/product\/17735","targetHints":{"allow":["GET"]}}],"collection":[{"href":"https:\/\/akcharcosmetics.com\/fr\/wp-json\/wp\/v2\/product"}],"about":[{"href":"https:\/\/akcharcosmetics.com\/fr\/wp-json\/wp\/v2\/types\/product"}],"replies":[{"embeddable":true,"href":"https:\/\/akcharcosmetics.com\/fr\/wp-json\/wp\/v2\/comments?post=17735"}],"version-history":[{"count":1,"href":"https:\/\/akcharcosmetics.com\/fr\/wp-json\/wp\/v2\/product\/17735\/revisions"}],"predecessor-version":[{"id":18283,"href":"https:\/\/akcharcosmetics.com\/fr\/wp-json\/wp\/v2\/product\/17735\/revisions\/18283"}],"wp:featuredmedia":[{"embeddable":true,"href":"https:\/\/akcharcosmetics.com\/fr\/wp-json\/wp\/v2\/media\/17736"}],"wp:attachment":[{"href":"https:\/\/akcharcosmetics.com\/fr\/wp-json\/wp\/v2\/media?parent=17735"}],"wp:term":[{"taxonomy":"product_brand","embeddable":true,"href":"https:\/\/akcharcosmetics.com\/fr\/wp-json\/wp\/v2\/product_brand?post=17735"},{"taxonomy":"product_cat","embeddable":true,"href":"https:\/\/akcharcosmetics.com\/fr\/wp-json\/wp\/v2\/product_cat?post=17735"},{"taxonomy":"product_tag","embeddable":true,"href":"https:\/\/akcharcosmetics.com\/fr\/wp-json\/wp\/v2\/product_tag?post=17735"}],"curies":[{"name":"wp","href":"https:\/\/api.w.org\/{rel}","templated":true}]}}