{"id":17697,"date":"2023-11-17T16:03:12","date_gmt":"2023-11-17T16:03:12","guid":{"rendered":"https:\/\/akcharcosmetics.com\/?post_type=product&#038;p=17697"},"modified":"2024-12-17T14:04:16","modified_gmt":"2024-12-17T14:04:16","slug":"saffron","status":"publish","type":"product","link":"https:\/\/akcharcosmetics.com\/fr\/produit\/saffron\/","title":{"rendered":"Saffron"},"content":{"rendered":"<p><b>Les avantages et les bienfaits du compl\u00e9ment alimentaire de Safran ?\u00a0<\/b><\/p>\n<p><span style=\"font-weight: 400;\">Soutien Mental : Le safran est r\u00e9put\u00e9 pour son potentiel \u00e0 favoriser la s\u00e9r\u00e9nit\u00e9 mentale, \u00e0 r\u00e9duire le stress et \u00e0 am\u00e9liorer l&rsquo;humeur.\u00a0<\/span><\/p>\n<p><span style=\"font-weight: 400;\">Antioxydant Naturel : Il est riche en antioxydants qui prot\u00e8gent les cellules du corps contre les dommages oxydatifs.\u00a0<\/span><\/p>\n<p><span style=\"font-weight: 400;\">Soutien \u00e0 la Sant\u00e9 Oculaire : Le safran est associ\u00e9 \u00e0 des bienfaits pour la sant\u00e9 oculaire, contribuant \u00e0 une vision saine.\u00a0<\/span><\/p>\n<p><span style=\"font-weight: 400;\">Soutien Digestif : Il favorise une digestion saine, apaisant le tractus gastro-intestinal.\u00a0<\/span><\/p>\n<p><span style=\"font-weight: 400;\">Bien-\u00eatre Respiratoire : Le safran permet d&rsquo;apaiser les voies respiratoires, favorisant la sant\u00e9 des poumons.\u00a0<\/span><\/p>\n<p><span style=\"font-weight: 400;\">Facile \u00e0 Int\u00e9grer : Les capsules de safran sont faciles \u00e0 avaler et peuvent \u00eatre int\u00e9gr\u00e9es ais\u00e9ment \u00e0 votre routine quotidienne de bien-\u00eatre.\u00a0<\/span><\/p>\n<p><span style=\"font-weight: 400;\">Qualit\u00e9 et S\u00e9curit\u00e9 : Notre produit est fabriqu\u00e9 dans une installation certifi\u00e9e ONSSA , ISO pour garantir la qualit\u00e9, la puret\u00e9 et la s\u00e9curit\u00e9.\u00a0<\/span><\/p>\n<p><span style=\"font-weight: 400;\">Le safran est une solution naturelle pour favoriser la s\u00e9r\u00e9nit\u00e9 mentale, am\u00e9liorer l&rsquo;humeur et soutenir la sant\u00e9 globale. Optez pour notre Saffron et prenez soin de votre bien-\u00eatre de mani\u00e8re naturelle.\u00a0<\/span><\/p>\n","protected":false},"excerpt":{"rendered":"<p><span style=\"font-weight: 400;\">D\u00e9couvrez les bienfaits naturels de notre compl\u00e9ment alimentaire \u00e0 base de safran, l&rsquo;une des \u00e9pices les plus pr\u00e9cieuses au monde, appr\u00e9ci\u00e9e non seulement pour sa saveur, mais aussi pour ses propri\u00e9t\u00e9s b\u00e9n\u00e9fiques pour la sant\u00e9. Recent research indicates that saffron may help to support a balanced immune response and is a powerful free radical neutralizer.<\/span><span style=\"font-weight: 400;\">Le safran est une source de bien-\u00eatre, de soutien mental et de relaxation. <\/span><\/p>\n","protected":false},"featured_media":17710,"comment_status":"open","ping_status":"closed","template":"","meta":[],"product_brand":[],"product_cat":[201],"product_tag":[],"class_list":{"0":"post-17697","1":"product","2":"type-product","3":"status-publish","4":"has-post-thumbnail","6":"product_cat-complements-alimentaires","8":"first","9":"instock","10":"taxable","11":"shipping-taxable","12":"purchasable","13":"product-type-variable"},"_links":{"self":[{"href":"https:\/\/akcharcosmetics.com\/fr\/wp-json\/wp\/v2\/product\/17697","targetHints":{"allow":["GET"]}}],"collection":[{"href":"https:\/\/akcharcosmetics.com\/fr\/wp-json\/wp\/v2\/product"}],"about":[{"href":"https:\/\/akcharcosmetics.com\/fr\/wp-json\/wp\/v2\/types\/product"}],"replies":[{"embeddable":true,"href":"https:\/\/akcharcosmetics.com\/fr\/wp-json\/wp\/v2\/comments?post=17697"}],"version-history":[{"count":0,"href":"https:\/\/akcharcosmetics.com\/fr\/wp-json\/wp\/v2\/product\/17697\/revisions"}],"wp:featuredmedia":[{"embeddable":true,"href":"https:\/\/akcharcosmetics.com\/fr\/wp-json\/wp\/v2\/media\/17710"}],"wp:attachment":[{"href":"https:\/\/akcharcosmetics.com\/fr\/wp-json\/wp\/v2\/media?parent=17697"}],"wp:term":[{"taxonomy":"product_brand","embeddable":true,"href":"https:\/\/akcharcosmetics.com\/fr\/wp-json\/wp\/v2\/product_brand?post=17697"},{"taxonomy":"product_cat","embeddable":true,"href":"https:\/\/akcharcosmetics.com\/fr\/wp-json\/wp\/v2\/product_cat?post=17697"},{"taxonomy":"product_tag","embeddable":true,"href":"https:\/\/akcharcosmetics.com\/fr\/wp-json\/wp\/v2\/product_tag?post=17697"}],"curies":[{"name":"wp","href":"https:\/\/api.w.org\/{rel}","templated":true}]}}