{"id":17680,"date":"2023-11-17T15:55:11","date_gmt":"2023-11-17T15:55:11","guid":{"rendered":"https:\/\/akcharcosmetics.com\/?post_type=product&#038;p=17680"},"modified":"2025-06-01T14:27:49","modified_gmt":"2025-06-01T14:27:49","slug":"holy-basil","status":"publish","type":"product","link":"https:\/\/akcharcosmetics.com\/fr\/produit\/holy-basil\/","title":{"rendered":"Holy Basil"},"content":{"rendered":"<p><span style=\"font-weight: 400;\">De plus, des \u00e9tudes scientifiques ont montr\u00e9 que la basilique sacr\u00e9e peut soutenir un m\u00e9tabolisme sain des glucides et une gestion normale de la glyc\u00e9mie. Le basilic<\/span><\/p>\n<p><span style=\"font-weight: 400;\">sacr\u00e9 est une source de tranquillit\u00e9, de bien-\u00eatre et de soutien au syst\u00e8me immunitaire.\u00a0<\/span><\/p>\n<p><b>Les avantages et les bienfaits de compl\u00e9ment alimentaire de basilic sacr\u00e9?\u00a0<\/b><\/p>\n<p><span style=\"font-weight: 400;\">Soutien au Bien-\u00eatre Mental : Le basilic sacr\u00e9 est renomm\u00e9 pour son potentiel \u00e0 favoriser la s\u00e9r\u00e9nit\u00e9 mentale, r\u00e9duire le stress et l&rsquo;anxi\u00e9t\u00e9, et favoriser une humeur \u00e9quilibr\u00e9e.\u00a0<\/span><\/p>\n<p><span style=\"font-weight: 400;\">Soutien Immunitaire : Les nutriments contenus dans le basilic sacr\u00e9 renforcent le syst\u00e8me immunitaire, aidant votre corps \u00e0 mieux r\u00e9sister aux infections.\u00a0<\/span><\/p>\n<p><span style=\"font-weight: 400;\">Antioxydant Naturel : Il est riche en antioxydants qui prot\u00e8gent les cellules du corps contre les dommages oxydatifs.\u00a0<\/span><\/p>\n<p><span style=\"font-weight: 400;\">Soutien Respiratoire : Le basilic sacr\u00e9 apaise les voies respiratoires et contribue \u00e0 la sant\u00e9 des poumons.\u00a0<\/span><\/p>\n<p><span style=\"font-weight: 400;\">Soutien Digestif : Il favorise une digestion saine et apaise le tractus gastro-intestinal.\u00a0<\/span><\/p>\n<p><span style=\"font-weight: 400;\">Facile \u00e0 Int\u00e9grer : Les capsules de basilic sacr\u00e9 sont faciles \u00e0 avaler et peuvent \u00eatre int\u00e9gr\u00e9es ais\u00e9ment \u00e0 votre routine quotidienne de bien-\u00eatre.\u00a0<\/span><\/p>\n<p><span style=\"font-weight: 400;\">Qualit\u00e9 et S\u00e9curit\u00e9 : Notre produit est fabriqu\u00e9 dans une installation certifi\u00e9e ONSSA , ISO pour garantir la qualit\u00e9, la puret\u00e9 et la s\u00e9curit\u00e9.\u00a0<\/span><\/p>\n<p><span style=\"font-weight: 400;\">Le basilic sacr\u00e9 est une solution naturelle pour favoriser la s\u00e9r\u00e9nit\u00e9 mentale, renforcer le syst\u00e8me immunitaire et apaiser le corps. Optez pour notre Holy Basil et prenez soin de votre bien-\u00eatre de mani\u00e8re naturelle. <\/span><\/p>\n","protected":false},"excerpt":{"rendered":"<p><span style=\"font-weight: 400;\">D\u00e9couvrez les bienfaits naturels de notre compl\u00e9ment alimentaire \u00e0 base de basilic sacr\u00e9, une plante v\u00e9n\u00e9r\u00e9e depuis des si\u00e8cles pour ses propri\u00e9t\u00e9s b\u00e9n\u00e9fiques pour la sant\u00e9.La basilique sacr\u00e9e a plus r\u00e9cemment \u00e9t\u00e9 d\u00e9montr\u00e9e comme ayant des propri\u00e9t\u00e9s adaptog\u00e8nes puissantes, avec la capacit\u00e9 d&rsquo;am\u00e9liorer la r\u00e9ponse saine du corps au stress de la vie quotidienne normale.\u00a0<\/span><\/p>\n","protected":false},"featured_media":17684,"comment_status":"open","ping_status":"closed","template":"","meta":[],"product_brand":[],"product_cat":[201],"product_tag":[],"class_list":{"0":"post-17680","1":"product","2":"type-product","3":"status-publish","4":"has-post-thumbnail","6":"product_cat-complements-alimentaires","8":"first","9":"instock","10":"taxable","11":"shipping-taxable","12":"purchasable","13":"product-type-variable"},"_links":{"self":[{"href":"https:\/\/akcharcosmetics.com\/fr\/wp-json\/wp\/v2\/product\/17680","targetHints":{"allow":["GET"]}}],"collection":[{"href":"https:\/\/akcharcosmetics.com\/fr\/wp-json\/wp\/v2\/product"}],"about":[{"href":"https:\/\/akcharcosmetics.com\/fr\/wp-json\/wp\/v2\/types\/product"}],"replies":[{"embeddable":true,"href":"https:\/\/akcharcosmetics.com\/fr\/wp-json\/wp\/v2\/comments?post=17680"}],"version-history":[{"count":0,"href":"https:\/\/akcharcosmetics.com\/fr\/wp-json\/wp\/v2\/product\/17680\/revisions"}],"wp:featuredmedia":[{"embeddable":true,"href":"https:\/\/akcharcosmetics.com\/fr\/wp-json\/wp\/v2\/media\/17684"}],"wp:attachment":[{"href":"https:\/\/akcharcosmetics.com\/fr\/wp-json\/wp\/v2\/media?parent=17680"}],"wp:term":[{"taxonomy":"product_brand","embeddable":true,"href":"https:\/\/akcharcosmetics.com\/fr\/wp-json\/wp\/v2\/product_brand?post=17680"},{"taxonomy":"product_cat","embeddable":true,"href":"https:\/\/akcharcosmetics.com\/fr\/wp-json\/wp\/v2\/product_cat?post=17680"},{"taxonomy":"product_tag","embeddable":true,"href":"https:\/\/akcharcosmetics.com\/fr\/wp-json\/wp\/v2\/product_tag?post=17680"}],"curies":[{"name":"wp","href":"https:\/\/api.w.org\/{rel}","templated":true}]}}