{"id":17664,"date":"2023-11-17T15:49:40","date_gmt":"2023-11-17T15:49:40","guid":{"rendered":"https:\/\/akcharcosmetics.com\/?post_type=product&#038;p=17664"},"modified":"2025-06-03T16:04:46","modified_gmt":"2025-06-03T16:04:46","slug":"ginger-root-extract","status":"publish","type":"product","link":"https:\/\/akcharcosmetics.com\/fr\/produit\/ginger-root-extract\/","title":{"rendered":"Ginger Root Extract"},"content":{"rendered":"<p><b>Les avantages et les bienfaits de compl\u00e9ment alimentaire de racine de gingembre ?\u00a0<\/b><\/p>\n<p><span style=\"font-weight: 400;\">Soutien Digestif : La racine de gingembre favorise une digestion saine en apaisant le tractus gastro-intestinal.\u00a0<\/span><\/p>\n<p><span style=\"font-weight: 400;\">Soutien au Syst\u00e8me Immunitaire : Les nutriments contenus dans le gingembre renforcent le syst\u00e8me immunitaire, favorisant une meilleure r\u00e9sistance aux infections.\u00a0<\/span><\/p>\n<p><span style=\"font-weight: 400;\">Soulagement des Naus\u00e9es : Le gingembre est r\u00e9put\u00e9 pour son potentiel \u00e0 soulager les naus\u00e9es, notamment celles li\u00e9es au mal des transports et \u00e0 la grossesse.\u00a0<\/span><\/p>\n<p><span style=\"font-weight: 400;\">Antioxydant Naturel : Le gingembre est riche en antioxydants qui prot\u00e8gent les cellules du corps contre les dommages oxydatifs.\u00a0<\/span><\/p>\n<p><span style=\"font-weight: 400;\">Soutien Anti-Inflammatoire : Il poss\u00e8de des propri\u00e9t\u00e9s anti-inflammatoires qui contribuent au soulagement des douleurs articulaires et musculaires.\u00a0<\/span><\/p>\n<p><span style=\"font-weight: 400;\">Facile \u00e0 Int\u00e9grer : Les capsules de racine de gingembre sont faciles \u00e0 avaler et peuvent \u00eatre int\u00e9gr\u00e9es ais\u00e9ment \u00e0 votre routine quotidienne de bien-\u00eatre.\u00a0<\/span><\/p>\n<p><span style=\"font-weight: 400;\">Qualit\u00e9 et S\u00e9curit\u00e9 : Notre produit est fabriqu\u00e9 dans une installation certifi\u00e9e ONSSA ,ISO pour garantir la qualit\u00e9, la puret\u00e9 et la s\u00e9curit\u00e9.\u00a0<\/span><\/p>\n<p><span style=\"font-weight: 400;\">La racine de gingembre est une solution naturelle pour am\u00e9liorer la digestion, renforcer le syst\u00e8me immunitaire, et soulager les naus\u00e9es. Optez pour notre Ginger Root et prenez soin de votre bien-\u00eatre de mani\u00e8re naturelle.\u00a0<\/span><\/p>\n","protected":false},"excerpt":{"rendered":"<p><span style=\"font-weight: 400;\">D\u00e9couvrez les bienfaits naturels de notre compl\u00e9ment alimentaire \u00e0 base de racine de gingembre, Le gingembre (Zingiber officinale) a une longue histoire d&rsquo;utilisation par les herboristes traditionnels et est couramment utilis\u00e9 comme \u00e9pice culinaire. Plus r\u00e9cemment, il a \u00e9t\u00e9 d\u00e9montr\u00e9 que le gingembre favorise la sant\u00e9 digestive et contribue \u00e0 soulager temporairement les naus\u00e9es l\u00e9g\u00e8res et les troubles d&rsquo;estomac. De plus, le gingembre contient une large gamme de compos\u00e9s puissants pour neutraliser les radicaux libres.<\/span><\/p>\n","protected":false},"featured_media":17668,"comment_status":"open","ping_status":"closed","template":"","meta":[],"product_brand":[],"product_cat":[201],"product_tag":[],"class_list":{"0":"post-17664","1":"product","2":"type-product","3":"status-publish","4":"has-post-thumbnail","6":"product_cat-complements-alimentaires","8":"first","9":"instock","10":"taxable","11":"shipping-taxable","12":"purchasable","13":"product-type-variable"},"_links":{"self":[{"href":"https:\/\/akcharcosmetics.com\/fr\/wp-json\/wp\/v2\/product\/17664","targetHints":{"allow":["GET"]}}],"collection":[{"href":"https:\/\/akcharcosmetics.com\/fr\/wp-json\/wp\/v2\/product"}],"about":[{"href":"https:\/\/akcharcosmetics.com\/fr\/wp-json\/wp\/v2\/types\/product"}],"replies":[{"embeddable":true,"href":"https:\/\/akcharcosmetics.com\/fr\/wp-json\/wp\/v2\/comments?post=17664"}],"version-history":[{"count":0,"href":"https:\/\/akcharcosmetics.com\/fr\/wp-json\/wp\/v2\/product\/17664\/revisions"}],"wp:featuredmedia":[{"embeddable":true,"href":"https:\/\/akcharcosmetics.com\/fr\/wp-json\/wp\/v2\/media\/17668"}],"wp:attachment":[{"href":"https:\/\/akcharcosmetics.com\/fr\/wp-json\/wp\/v2\/media?parent=17664"}],"wp:term":[{"taxonomy":"product_brand","embeddable":true,"href":"https:\/\/akcharcosmetics.com\/fr\/wp-json\/wp\/v2\/product_brand?post=17664"},{"taxonomy":"product_cat","embeddable":true,"href":"https:\/\/akcharcosmetics.com\/fr\/wp-json\/wp\/v2\/product_cat?post=17664"},{"taxonomy":"product_tag","embeddable":true,"href":"https:\/\/akcharcosmetics.com\/fr\/wp-json\/wp\/v2\/product_tag?post=17664"}],"curies":[{"name":"wp","href":"https:\/\/api.w.org\/{rel}","templated":true}]}}