{"id":17649,"date":"2023-11-17T15:42:16","date_gmt":"2023-11-17T15:42:16","guid":{"rendered":"https:\/\/akcharcosmetics.com\/?post_type=product&#038;p=17649"},"modified":"2025-05-15T10:12:18","modified_gmt":"2025-05-15T10:12:18","slug":"complement-a-base-dail","status":"publish","type":"product","link":"https:\/\/akcharcosmetics.com\/fr\/produit\/complement-a-base-dail\/","title":{"rendered":"Compl\u00e9ment \u00e0 base d&rsquo;ail"},"content":{"rendered":"<p><b>Les avantages et les bienfaits de compl\u00e9ment alimentaire d&rsquo;ail ?<\/b><\/p>\n<p><span style=\"font-weight: 400;\">Soutien Cardiovasculaire : L&rsquo;ail est r\u00e9put\u00e9 pour maintenir une pression art\u00e9rielle normale et favoriser la sant\u00e9 cardiovasculaire.\u00a0<\/span><\/p>\n<p><span style=\"font-weight: 400;\">Soutien Immunitaire : Les nutriments de l&rsquo;ail renforcent le syst\u00e8me immunitaire, favorisant ainsi une meilleure r\u00e9sistance aux infections.\u00a0<\/span><\/p>\n<p><span style=\"font-weight: 400;\">Antioxydant Naturel : L&rsquo;ail est riche en antioxydants qui prot\u00e8gent les cellules du corps contre les dommages oxydatifs.\u00a0<\/span><\/p>\n<p><span style=\"font-weight: 400;\">Bien-\u00eatre Digestif : Il favorise une digestion saine et contribue \u00e0 l&rsquo;\u00e9quilibre de la flore intestinale.\u00a0<\/span><\/p>\n<p><span style=\"font-weight: 400;\">Soutien Respiratoire : L&rsquo;ail apaiser les voies respiratoires et contribuer \u00e0 la sant\u00e9 des poumons.\u00a0<\/span><\/p>\n<p><span style=\"font-weight: 400;\">Facile \u00e0 Int\u00e9grer : Les capsules d&rsquo;ail sont faciles \u00e0 avaler et peuvent \u00eatre int\u00e9gr\u00e9es ais\u00e9ment \u00e0 votre routine quotidienne de bien-\u00eatre.\u00a0<\/span><\/p>\n<p><span style=\"font-weight: 400;\">Qualit\u00e9 et S\u00e9curit\u00e9 : Notre produit est fabriqu\u00e9 dans une installation certifi\u00e9e ONSSA , ISO pour garantir la qualit\u00e9, la puret\u00e9 et la s\u00e9curit\u00e9.\u00a0<\/span><\/p>\n<p><span style=\"font-weight: 400;\">L&rsquo;ail est une solution naturelle pour favoriser la sant\u00e9 cardiovasculaire, renforcer le syst\u00e8me immunitaire et prot\u00e9ger le corps contre les dommages oxydatifs. Optez pour notre Garlic et prenez soin de votre bien-\u00eatre de mani\u00e8re naturelle.\u00a0<\/span><\/p>\n","protected":false},"excerpt":{"rendered":"<p><span style=\"font-weight: 400;\">D\u00e9couvrez les bienfaits de notre compl\u00e9ment alimentaire \u00e0 base d&rsquo;ail, une plante polyvalente qui offre une multitude de bienfaits pour la sant\u00e9. L&rsquo;ail est appr\u00e9ci\u00e9 depuis des mill\u00e9naires pour ses propri\u00e9t\u00e9s culinaires et ses avantages pour la sant\u00e9, en particulier son soutien au syst\u00e8me immunitaire et son potentiel \u00e0 maintenir une sant\u00e9 cardiovasculaire optimale.\u00a0<\/span><\/p>\n","protected":false},"featured_media":17656,"comment_status":"open","ping_status":"closed","template":"","meta":[],"product_brand":[],"product_cat":[201],"product_tag":[],"class_list":{"0":"post-17649","1":"product","2":"type-product","3":"status-publish","4":"has-post-thumbnail","6":"product_cat-complements-alimentaires","8":"first","9":"instock","10":"taxable","11":"shipping-taxable","12":"purchasable","13":"product-type-variable"},"_links":{"self":[{"href":"https:\/\/akcharcosmetics.com\/fr\/wp-json\/wp\/v2\/product\/17649","targetHints":{"allow":["GET"]}}],"collection":[{"href":"https:\/\/akcharcosmetics.com\/fr\/wp-json\/wp\/v2\/product"}],"about":[{"href":"https:\/\/akcharcosmetics.com\/fr\/wp-json\/wp\/v2\/types\/product"}],"replies":[{"embeddable":true,"href":"https:\/\/akcharcosmetics.com\/fr\/wp-json\/wp\/v2\/comments?post=17649"}],"version-history":[{"count":0,"href":"https:\/\/akcharcosmetics.com\/fr\/wp-json\/wp\/v2\/product\/17649\/revisions"}],"wp:featuredmedia":[{"embeddable":true,"href":"https:\/\/akcharcosmetics.com\/fr\/wp-json\/wp\/v2\/media\/17656"}],"wp:attachment":[{"href":"https:\/\/akcharcosmetics.com\/fr\/wp-json\/wp\/v2\/media?parent=17649"}],"wp:term":[{"taxonomy":"product_brand","embeddable":true,"href":"https:\/\/akcharcosmetics.com\/fr\/wp-json\/wp\/v2\/product_brand?post=17649"},{"taxonomy":"product_cat","embeddable":true,"href":"https:\/\/akcharcosmetics.com\/fr\/wp-json\/wp\/v2\/product_cat?post=17649"},{"taxonomy":"product_tag","embeddable":true,"href":"https:\/\/akcharcosmetics.com\/fr\/wp-json\/wp\/v2\/product_tag?post=17649"}],"curies":[{"name":"wp","href":"https:\/\/api.w.org\/{rel}","templated":true}]}}