{"id":17633,"date":"2023-11-17T15:31:31","date_gmt":"2023-11-17T15:31:31","guid":{"rendered":"https:\/\/akcharcosmetics.com\/?post_type=product&#038;p=17633"},"modified":"2024-10-09T10:37:18","modified_gmt":"2024-10-09T10:37:18","slug":"feverfew","status":"publish","type":"product","link":"https:\/\/akcharcosmetics.com\/fr\/produit\/feverfew\/","title":{"rendered":"Feverfew"},"content":{"rendered":"<p><b>Les avantages et les bienfaits du compl\u00e9ment alimentaire de Feverfew ?<\/b><\/p>\n<p>&nbsp;<\/p>\n<p><span style=\"font-weight: 400;\">Soulagement des Maux de T\u00eate : La feverfew est largement reconnue pour son potentiel \u00e0 soulager les maux de t\u00eate et les migraines, am\u00e9liorant ainsi votre qualit\u00e9 de vie.\u00a0<\/span><\/p>\n<p><span style=\"font-weight: 400;\">Soutien Anti-Inflammatoire : Elle poss\u00e8de des propri\u00e9t\u00e9s anti-inflammatoires qui contribuent au soulagement des douleurs articulaires et musculaires.\u00a0<\/span><\/p>\n<p><span style=\"font-weight: 400;\">Antioxydant Naturel : La feverfew est riche en antioxydants qui aident \u00e0 prot\u00e9ger les cellules du corps contre les dommages oxydatifs.\u00a0<\/span><\/p>\n<p><span style=\"font-weight: 400;\">Soutien Digestif : Elle favorise une digestion saine en apaisant le tractus gastro-intestinal.\u00a0<\/span><\/p>\n<p><span style=\"font-weight: 400;\">Bien-\u00eatre Mental : La feverfew contribue \u00e0 une humeur \u00e9quilibr\u00e9e et \u00e0 la r\u00e9duction de l&rsquo;irritabilit\u00e9.\u00a0<\/span><\/p>\n<p><span style=\"font-weight: 400;\">Facile \u00e0 Int\u00e9grer : Les capsules de feverfew sont faciles \u00e0 avaler et peuvent \u00eatre int\u00e9gr\u00e9es ais\u00e9ment \u00e0 votre routine quotidienne de bien-\u00eatre.\u00a0<\/span><\/p>\n<p><span style=\"font-weight: 400;\">Qualit\u00e9 et S\u00e9curit\u00e9 : Notre produit est fabriqu\u00e9 dans une installation certifi\u00e9e ONSSA , ISO pour garantir la qualit\u00e9, la puret\u00e9 et la s\u00e9curit\u00e9.\u00a0<\/span><\/p>\n<p><span style=\"font-weight: 400;\">La feverfew est une solution naturelle pour soulager les maux de t\u00eate, favoriser une digestion saine et am\u00e9liorer votre bien-\u00eatre g\u00e9n\u00e9ral. Optez pour le Feverfew et offrez \u00e0 votre corps un soutien naturel.\u00a0<\/span><\/p>\n","protected":false},"excerpt":{"rendered":"<p><span style=\"font-weight: 400;\">D\u00e9couvrez les bienfaits naturels de notre compl\u00e9ment alimentaire \u00e0 base de feverfew, une plante dont les vertus sont reconnues depuis des si\u00e8cles. La feverfew, ou tanaisie commune, est renomm\u00e9e pour ses propri\u00e9t\u00e9s b\u00e9n\u00e9fiques pour la sant\u00e9, en particulier en ce qui concerne le soulagement des maux de t\u00eate et la promotion du bien-\u00eatre g\u00e9n\u00e9ral.\u00a0<\/span><\/p>\n","protected":false},"featured_media":17637,"comment_status":"open","ping_status":"closed","template":"","meta":[],"product_brand":[],"product_cat":[201],"product_tag":[],"class_list":{"0":"post-17633","1":"product","2":"type-product","3":"status-publish","4":"has-post-thumbnail","6":"product_cat-complements-alimentaires","8":"first","9":"instock","10":"taxable","11":"shipping-taxable","12":"purchasable","13":"product-type-variable"},"_links":{"self":[{"href":"https:\/\/akcharcosmetics.com\/fr\/wp-json\/wp\/v2\/product\/17633","targetHints":{"allow":["GET"]}}],"collection":[{"href":"https:\/\/akcharcosmetics.com\/fr\/wp-json\/wp\/v2\/product"}],"about":[{"href":"https:\/\/akcharcosmetics.com\/fr\/wp-json\/wp\/v2\/types\/product"}],"replies":[{"embeddable":true,"href":"https:\/\/akcharcosmetics.com\/fr\/wp-json\/wp\/v2\/comments?post=17633"}],"version-history":[{"count":0,"href":"https:\/\/akcharcosmetics.com\/fr\/wp-json\/wp\/v2\/product\/17633\/revisions"}],"wp:featuredmedia":[{"embeddable":true,"href":"https:\/\/akcharcosmetics.com\/fr\/wp-json\/wp\/v2\/media\/17637"}],"wp:attachment":[{"href":"https:\/\/akcharcosmetics.com\/fr\/wp-json\/wp\/v2\/media?parent=17633"}],"wp:term":[{"taxonomy":"product_brand","embeddable":true,"href":"https:\/\/akcharcosmetics.com\/fr\/wp-json\/wp\/v2\/product_brand?post=17633"},{"taxonomy":"product_cat","embeddable":true,"href":"https:\/\/akcharcosmetics.com\/fr\/wp-json\/wp\/v2\/product_cat?post=17633"},{"taxonomy":"product_tag","embeddable":true,"href":"https:\/\/akcharcosmetics.com\/fr\/wp-json\/wp\/v2\/product_tag?post=17633"}],"curies":[{"name":"wp","href":"https:\/\/api.w.org\/{rel}","templated":true}]}}