{"id":17616,"date":"2023-11-17T15:23:32","date_gmt":"2023-11-17T15:23:32","guid":{"rendered":"https:\/\/akcharcosmetics.com\/?post_type=product&#038;p=17616"},"modified":"2025-06-02T12:34:33","modified_gmt":"2025-06-02T12:34:33","slug":"fenugreek","status":"publish","type":"product","link":"https:\/\/akcharcosmetics.com\/fr\/produit\/fenugreek\/","title":{"rendered":"Fenugreek"},"content":{"rendered":"<p><b>Les avantages et les bienfaits de compl\u00e9ment alimentaire de fenugrec ?<\/b><\/p>\n<p><span style=\"font-weight: 400;\">Soutien Digestif : Le fenugrec est reconnu pour ses propri\u00e9t\u00e9s b\u00e9n\u00e9fiques pour la digestion, favorisant une digestion saine.\u00a0<\/span><\/p>\n<p><span style=\"font-weight: 400;\">Soutien \u00e0 la Lactation : Il contribue \u00e0 l&rsquo;augmentation de la production de lait chez les m\u00e8res allaitantes.\u00a0<\/span><\/p>\n<p><span style=\"font-weight: 400;\">Soutien au Bien-\u00eatre G\u00e9n\u00e9ral : Le fenugrec est une source naturelle de nutriments qui soutiennent votre bien-\u00eatre global.\u00a0<\/span><\/p>\n<p><span style=\"font-weight: 400;\">Antioxydant Naturel : Il est riche en antioxydants qui prot\u00e8gent les cellules du corps contre les dommages oxydatifs.\u00a0<\/span><\/p>\n<p><span style=\"font-weight: 400;\">Soutien Immunitaire : Les nutriments du fenugrec renforcent le syst\u00e8me immunitaire pour une meilleure r\u00e9sistance aux infections.\u00a0<\/span><\/p>\n<p><span style=\"font-weight: 400;\">Facile \u00e0 Int\u00e9grer : Les capsules de fenugrec sont faciles \u00e0 avaler et peuvent \u00eatre int\u00e9gr\u00e9es ais\u00e9ment \u00e0 votre routine quotidienne de bien-\u00eatre.\u00a0<\/span><\/p>\n<p><span style=\"font-weight: 400;\">Qualit\u00e9 et S\u00e9curit\u00e9 : Notre produit est fabriqu\u00e9 dans une installation certifi\u00e9e ONSSA , ISO pour garantir la qualit\u00e9, la puret\u00e9 et la s\u00e9curit\u00e9.\u00a0<\/span><\/p>\n<p><span style=\"font-weight: 400;\">Le fenugrec est une solution naturelle pour am\u00e9liorer la digestion, soutenir la lactation, et favoriser votre bien-\u00eatre g\u00e9n\u00e9ral. Optez pour le Fenugreek et prenez soin de votre corps de mani\u00e8re naturelle.\u00a0<\/span><\/p>\n","protected":false},"excerpt":{"rendered":"<p><span style=\"font-weight: 400;\">D\u00e9couvrez les bienfaits naturels de notre compl\u00e9ment alimentaire \u00e0 base de fenugrec, une plante aux propri\u00e9t\u00e9s b\u00e9n\u00e9fiques pour la sant\u00e9 depuis des si\u00e8cles. Le fenugrec est r\u00e9put\u00e9 pour ses nombreuses utilisations, notamment en soutien \u00e0 la digestion, \u00e0 la lactation, et au bien-\u00eatre g\u00e9n\u00e9ral.\u00a0<\/span><\/p>\n","protected":false},"featured_media":17617,"comment_status":"open","ping_status":"closed","template":"","meta":[],"product_brand":[],"product_cat":[201],"product_tag":[],"class_list":{"0":"post-17616","1":"product","2":"type-product","3":"status-publish","4":"has-post-thumbnail","6":"product_cat-complements-alimentaires","8":"first","9":"instock","10":"taxable","11":"shipping-taxable","12":"purchasable","13":"product-type-variable"},"_links":{"self":[{"href":"https:\/\/akcharcosmetics.com\/fr\/wp-json\/wp\/v2\/product\/17616","targetHints":{"allow":["GET"]}}],"collection":[{"href":"https:\/\/akcharcosmetics.com\/fr\/wp-json\/wp\/v2\/product"}],"about":[{"href":"https:\/\/akcharcosmetics.com\/fr\/wp-json\/wp\/v2\/types\/product"}],"replies":[{"embeddable":true,"href":"https:\/\/akcharcosmetics.com\/fr\/wp-json\/wp\/v2\/comments?post=17616"}],"version-history":[{"count":0,"href":"https:\/\/akcharcosmetics.com\/fr\/wp-json\/wp\/v2\/product\/17616\/revisions"}],"wp:featuredmedia":[{"embeddable":true,"href":"https:\/\/akcharcosmetics.com\/fr\/wp-json\/wp\/v2\/media\/17617"}],"wp:attachment":[{"href":"https:\/\/akcharcosmetics.com\/fr\/wp-json\/wp\/v2\/media?parent=17616"}],"wp:term":[{"taxonomy":"product_brand","embeddable":true,"href":"https:\/\/akcharcosmetics.com\/fr\/wp-json\/wp\/v2\/product_brand?post=17616"},{"taxonomy":"product_cat","embeddable":true,"href":"https:\/\/akcharcosmetics.com\/fr\/wp-json\/wp\/v2\/product_cat?post=17616"},{"taxonomy":"product_tag","embeddable":true,"href":"https:\/\/akcharcosmetics.com\/fr\/wp-json\/wp\/v2\/product_tag?post=17616"}],"curies":[{"name":"wp","href":"https:\/\/api.w.org\/{rel}","templated":true}]}}