{"id":17585,"date":"2023-11-17T15:13:03","date_gmt":"2023-11-17T15:13:03","guid":{"rendered":"https:\/\/akcharcosmetics.com\/?post_type=product&#038;p=17585"},"modified":"2024-12-17T14:04:17","modified_gmt":"2024-12-17T14:04:17","slug":"cranberry","status":"publish","type":"product","link":"https:\/\/akcharcosmetics.com\/fr\/produit\/cranberry\/","title":{"rendered":"Cranberry"},"content":{"rendered":"<p><b>Les avantages et les bienfaits de compl\u00e9ment alimentaire de cranberry ?<\/b><\/p>\n<p>&nbsp;<\/p>\n<p><span style=\"font-weight: 400;\">Soutien Urinaire : La cranberry est c\u00e9l\u00e8bre pour son potentiel \u00e0 maintenir la sant\u00e9 des voies urinaires en emp\u00eachant l&rsquo;adh\u00e9sion des bact\u00e9ries aux parois de la vessie.\u00a0<\/span><\/p>\n<p><span style=\"font-weight: 400;\">Antioxydant Naturel : La cranberry est une source riche en antioxydants qui prot\u00e8gent les cellules du corps contre les dommages oxydatifs.\u00a0<\/span><\/p>\n<p><span style=\"font-weight: 400;\">Soutien au Syst\u00e8me Immunitaire : Les nutriments contenus dans la cranberry renforcent le syst\u00e8me immunitaire, favorisant une meilleure r\u00e9sistance aux infections.\u00a0<\/span><\/p>\n<p><span style=\"font-weight: 400;\">Soutien Cardiovasculaire : La cranberry contribue \u00e0 une circulation sanguine saine, soutenant ainsi la sant\u00e9 cardiovasculaire.\u00a0<\/span><\/p>\n<p><span style=\"font-weight: 400;\">Bien-\u00eatre Digestif : Elle favorise une digestion saine et \u00e9quilibre la flore intestinale.\u00a0<\/span><\/p>\n<p><span style=\"font-weight: 400;\">Facile \u00e0 Int\u00e9grer : Les capsules de Cranberry sont faciles \u00e0 avaler et peuvent \u00eatre int\u00e9gr\u00e9es ais\u00e9ment \u00e0 votre routine quotidienne de bien-\u00eatre.\u00a0<\/span><\/p>\n<p><span style=\"font-weight: 400;\">Qualit\u00e9 et S\u00e9curit\u00e9 : Notre produit est fabriqu\u00e9 dans une installation certifi\u00e9e ONSSA ,ISO pour garantir la qualit\u00e9, la puret\u00e9 et la s\u00e9curit\u00e9.\u00a0<\/span><\/p>\n<p><span style=\"font-weight: 400;\">La cranberry est une solution naturelle pour maintenir une sant\u00e9 urinaire optimale, renforcer le syst\u00e8me immunitaire et prot\u00e9ger le corps contre les dommages oxydatifs. Optez pour le Cranberry et prenez soin de votre bien-\u00eatre global.\u00a0<\/span><\/p>\n","protected":false},"excerpt":{"rendered":"<p><span style=\"font-weight: 400;\">D\u00e9couvrez les bienfaits naturels de notre compl\u00e9ment alimentaire \u00e0 base de cranberry, une baie riche en antioxydants et reconnue pour ses propri\u00e9t\u00e9s b\u00e9n\u00e9fiques pour la sant\u00e9. Les canneberges ont une longue histoire d&rsquo;utilisation culinaire en Europe et en Am\u00e9rique du Nord, et elles sont employ\u00e9es par les herboristes traditionnels depuis des si\u00e8cles. La cranberry est un tr\u00e9sor de la nature, apportant un soutien essentiel pour la sant\u00e9 urinaire et la protection du corps contre les dommages oxydatifs.\u00a0<\/span><\/p>\n","protected":false},"featured_media":17589,"comment_status":"open","ping_status":"closed","template":"","meta":[],"product_brand":[],"product_cat":[201],"product_tag":[],"class_list":{"0":"post-17585","1":"product","2":"type-product","3":"status-publish","4":"has-post-thumbnail","6":"product_cat-complements-alimentaires","8":"first","9":"instock","10":"taxable","11":"shipping-taxable","12":"purchasable","13":"product-type-variable"},"_links":{"self":[{"href":"https:\/\/akcharcosmetics.com\/fr\/wp-json\/wp\/v2\/product\/17585","targetHints":{"allow":["GET"]}}],"collection":[{"href":"https:\/\/akcharcosmetics.com\/fr\/wp-json\/wp\/v2\/product"}],"about":[{"href":"https:\/\/akcharcosmetics.com\/fr\/wp-json\/wp\/v2\/types\/product"}],"replies":[{"embeddable":true,"href":"https:\/\/akcharcosmetics.com\/fr\/wp-json\/wp\/v2\/comments?post=17585"}],"version-history":[{"count":0,"href":"https:\/\/akcharcosmetics.com\/fr\/wp-json\/wp\/v2\/product\/17585\/revisions"}],"wp:featuredmedia":[{"embeddable":true,"href":"https:\/\/akcharcosmetics.com\/fr\/wp-json\/wp\/v2\/media\/17589"}],"wp:attachment":[{"href":"https:\/\/akcharcosmetics.com\/fr\/wp-json\/wp\/v2\/media?parent=17585"}],"wp:term":[{"taxonomy":"product_brand","embeddable":true,"href":"https:\/\/akcharcosmetics.com\/fr\/wp-json\/wp\/v2\/product_brand?post=17585"},{"taxonomy":"product_cat","embeddable":true,"href":"https:\/\/akcharcosmetics.com\/fr\/wp-json\/wp\/v2\/product_cat?post=17585"},{"taxonomy":"product_tag","embeddable":true,"href":"https:\/\/akcharcosmetics.com\/fr\/wp-json\/wp\/v2\/product_tag?post=17585"}],"curies":[{"name":"wp","href":"https:\/\/api.w.org\/{rel}","templated":true}]}}