{"id":17568,"date":"2023-11-17T14:52:40","date_gmt":"2023-11-17T14:52:40","guid":{"rendered":"https:\/\/akcharcosmetics.com\/?post_type=product&#038;p=17568"},"modified":"2024-12-17T14:04:17","modified_gmt":"2024-12-17T14:04:17","slug":"chaste-berry","status":"publish","type":"product","link":"https:\/\/akcharcosmetics.com\/fr\/produit\/chaste-berry\/","title":{"rendered":"Chaste Berry"},"content":{"rendered":"<p><b>Les bienfaits de compl\u00e9ment alimentaire Baie Chaste?<\/b><\/p>\n<p>&nbsp;<\/p>\n<p><span style=\"font-weight: 400;\">Soutien Hormonal : Baie chaste Complex est sp\u00e9cialement formul\u00e9 pour soutenir l&rsquo;\u00e9quilibre hormonal des femmes, apportant un soulagement bienvenu aux sympt\u00f4mes li\u00e9s au cycle menstruel et \u00e0 la m\u00e9nopause.\u00a0<\/span><\/p>\n<p><span style=\"font-weight: 400;\">R\u00e9duction des r\u00e8gles douloureuses : Les femmes qui souffrent de r\u00e8gles douloureuses avec des sympt\u00f4mes tels que douleurs mammaires, r\u00e9tention d&rsquo;eau, irritabilit\u00e9 et d\u00e9pression peuvent trouver un soulagement en consommant l&rsquo;act\u00e9e \u00e0 grappes noires.<\/span><\/p>\n<p><span style=\"font-weight: 400;\">Fertilit\u00e9 : Soutien de la fertilit\u00e9 pour favoriser une r\u00e9gulation hormonale optimale et augmenter les chances de conception.<\/span><\/p>\n<p><span style=\"font-weight: 400;\">Syndrome des ovaires polykystiques (SOPK) : Certaines femmes atteintes du syndrome des ovaires polykystiques (SOPK) peuvent utiliser l&rsquo;act\u00e9e \u00e0 grappes noires pour am\u00e9liorer les sympt\u00f4mes associ\u00e9s, tels que des cycles menstruels irr\u00e9guliers et une croissance excessive des poils.<\/span><\/p>\n<p><span style=\"font-weight: 400;\">M\u00e9nopause : Bien que l&rsquo;act\u00e9e \u00e0 grappes noires soit g\u00e9n\u00e9ralement associ\u00e9e \u00e0 la sant\u00e9 reproductive, certaines femmes peuvent \u00e9galement l&rsquo;utiliser pour g\u00e9rer les sympt\u00f4mes de la m\u00e9nopause, tels que les bouff\u00e9es de chaleur.<\/span><\/p>\n<p><span style=\"font-weight: 400;\">Facile \u00e0 Int\u00e9grer : Les capsules de graines de c\u00e9leri sont faciles \u00e0 avaler et peuvent \u00eatre int\u00e9gr\u00e9es ais\u00e9ment \u00e0 votre routine quotidienne de bien-\u00eatre.\u00a0<\/span><\/p>\n<p><span style=\"font-weight: 400;\">Qualit\u00e9 et Puret\u00e9 : Notre produit est fabriqu\u00e9 dans le respect des normes de qualit\u00e9 les plus \u00e9lev\u00e9es, garantissant la puret\u00e9, la s\u00e9curit\u00e9 et la satisfaction de nos clientes.\u00a0<\/span><\/p>\n<p><span style=\"font-weight: 400;\">Rejoignez des g\u00e9n\u00e9rations de femmes qui ont trouv\u00e9 du r\u00e9confort dans la Baie chaste . Optez pour Baie chaste et prenez soin de votre bien-\u00eatre f\u00e9minin de mani\u00e8re naturelle.\u00a0<\/span><\/p>\n","protected":false},"excerpt":{"rendered":"<p><span style=\"font-weight: 400;\">D\u00e9couvrez la puissance de notre compl\u00e9ment alimentaire Baie Chaste, une formule soigneusement con\u00e7ue pour soutenir la sant\u00e9 des femmes. Baie chaste Complex est inspir\u00e9 par les traditions s\u00e9culaires des herboristes, puisant sa force dans les bienfaits de la baie d&rsquo;Agnus-Castus, \u00e9galement connue sous le nom de Vitex agnus-castus.\u00a0<\/span><\/p>\n","protected":false},"featured_media":17575,"comment_status":"open","ping_status":"closed","template":"","meta":[],"product_brand":[],"product_cat":[201],"product_tag":[],"class_list":{"0":"post-17568","1":"product","2":"type-product","3":"status-publish","4":"has-post-thumbnail","6":"product_cat-complements-alimentaires","8":"first","9":"instock","10":"taxable","11":"shipping-taxable","12":"purchasable","13":"product-type-variable"},"_links":{"self":[{"href":"https:\/\/akcharcosmetics.com\/fr\/wp-json\/wp\/v2\/product\/17568","targetHints":{"allow":["GET"]}}],"collection":[{"href":"https:\/\/akcharcosmetics.com\/fr\/wp-json\/wp\/v2\/product"}],"about":[{"href":"https:\/\/akcharcosmetics.com\/fr\/wp-json\/wp\/v2\/types\/product"}],"replies":[{"embeddable":true,"href":"https:\/\/akcharcosmetics.com\/fr\/wp-json\/wp\/v2\/comments?post=17568"}],"version-history":[{"count":0,"href":"https:\/\/akcharcosmetics.com\/fr\/wp-json\/wp\/v2\/product\/17568\/revisions"}],"wp:featuredmedia":[{"embeddable":true,"href":"https:\/\/akcharcosmetics.com\/fr\/wp-json\/wp\/v2\/media\/17575"}],"wp:attachment":[{"href":"https:\/\/akcharcosmetics.com\/fr\/wp-json\/wp\/v2\/media?parent=17568"}],"wp:term":[{"taxonomy":"product_brand","embeddable":true,"href":"https:\/\/akcharcosmetics.com\/fr\/wp-json\/wp\/v2\/product_brand?post=17568"},{"taxonomy":"product_cat","embeddable":true,"href":"https:\/\/akcharcosmetics.com\/fr\/wp-json\/wp\/v2\/product_cat?post=17568"},{"taxonomy":"product_tag","embeddable":true,"href":"https:\/\/akcharcosmetics.com\/fr\/wp-json\/wp\/v2\/product_tag?post=17568"}],"curies":[{"name":"wp","href":"https:\/\/api.w.org\/{rel}","templated":true}]}}