{"id":17552,"date":"2023-11-17T12:06:07","date_gmt":"2023-11-17T12:06:07","guid":{"rendered":"https:\/\/akcharcosmetics.com\/?post_type=product&#038;p=17552"},"modified":"2024-12-16T11:38:56","modified_gmt":"2024-12-16T11:38:56","slug":"celery-seed","status":"publish","type":"product","link":"https:\/\/akcharcosmetics.com\/fr\/produit\/celery-seed\/","title":{"rendered":"Celery Seed"},"content":{"rendered":"<p><span style=\"font-weight: 400;\">Le 3nB fait l&rsquo;objet de recherches approfondies pour sa capacit\u00e9 \u00e0 soutenir la sant\u00e9 des vaisseaux sanguins, en particulier dans le cerveau.\u00a0<\/span><\/p>\n<p><span style=\"font-weight: 400;\">Les graines de c\u00e9leri sont reconnues pour leurs propri\u00e9t\u00e9s apaisantes, anti-inflammatoires et leur soutien au bien-\u00eatre g\u00e9n\u00e9ral.\u00a0<\/span><\/p>\n<p><b>Les avantages et bienfaits de compl\u00e9ment alimentaire de Graine de c\u00e9leri?<\/b><\/p>\n<p><span style=\"font-weight: 400;\">Soutien Anti-Inflammatoire : Les graines de c\u00e9leri poss\u00e8dent des propri\u00e9t\u00e9s anti-inflammatoires qui contribuent au soulagement des douleurs articulaires et musculaires.\u00a0<\/span><\/p>\n<p><span style=\"font-weight: 400;\">Soutien Articulaire : Elles favorisent la sant\u00e9 articulaire et peuvent soulager les sympt\u00f4mes li\u00e9s \u00e0 des conditions telles que l&rsquo;arthrite.\u00a0<\/span><\/p>\n<p><span style=\"font-weight: 400;\">Bien-\u00eatre Cardiovasculaire : Les nutriments contenus dans les graines de c\u00e9leri soutiennent la sant\u00e9 cardiovasculaire.\u00a0<\/span><\/p>\n<p><span style=\"font-weight: 400;\">Antioxydant Naturel : Les graines de c\u00e9leri sont riches en antioxydants qui prot\u00e8gent les cellules du corps contre les dommages oxydatifs.\u00a0<\/span><\/p>\n<p><span style=\"font-weight: 400;\">Soutien Digestif : Elles favorisent une digestion saine en apaisant le tractus gastro-intestinal.\u00a0<\/span><\/p>\n<p><span style=\"font-weight: 400;\">Facile \u00e0 Int\u00e9grer : Les capsules de graines de c\u00e9leri sont faciles \u00e0 avaler et peuvent \u00eatre int\u00e9gr\u00e9es ais\u00e9ment \u00e0 votre routine quotidienne de bien-\u00eatre.\u00a0<\/span><\/p>\n<p><span style=\"font-weight: 400;\">Qualit\u00e9 et S\u00e9curit\u00e9 : Notre produit est fabriqu\u00e9 dans une installation certifi\u00e9e ONSSA , ISO pour garantir la qualit\u00e9, la puret\u00e9 et la s\u00e9curit\u00e9.\u00a0<\/span><\/p>\n<p><span style=\"font-weight: 400;\">Les graines de c\u00e9leri d\u2019Akchar sont une solution naturelle pour am\u00e9liorer votre bien-\u00eatre g\u00e9n\u00e9ral, soutenir la sant\u00e9 articulaire et cardiovasculaire. Optez pour les graines de c\u00e9leri et offrez \u00e0 votre corps un soutien naturel.\u00a0<\/span><\/p>\n","protected":false},"excerpt":{"rendered":"<p><span style=\"font-weight: 400;\">D\u00e9couvrez les bienfaits naturels de notre compl\u00e9ment alimentaire \u00e0 base de graines de c\u00e9leri, une source de nutriments b\u00e9n\u00e9fiques pour la sant\u00e9, L&rsquo;extrait de graines de c\u00e9leri offre \u00e9galement une large gamme de compos\u00e9s bioactifs, notamment des phtalides naturels tels que le 3-n-butylphthalide (3nB).\u00a0<\/span><\/p>\n","protected":false},"featured_media":17559,"comment_status":"open","ping_status":"closed","template":"","meta":[],"product_brand":[],"product_cat":[201],"product_tag":[],"class_list":{"0":"post-17552","1":"product","2":"type-product","3":"status-publish","4":"has-post-thumbnail","6":"product_cat-complements-alimentaires","8":"first","9":"instock","10":"taxable","11":"shipping-taxable","12":"purchasable","13":"product-type-variable"},"_links":{"self":[{"href":"https:\/\/akcharcosmetics.com\/fr\/wp-json\/wp\/v2\/product\/17552","targetHints":{"allow":["GET"]}}],"collection":[{"href":"https:\/\/akcharcosmetics.com\/fr\/wp-json\/wp\/v2\/product"}],"about":[{"href":"https:\/\/akcharcosmetics.com\/fr\/wp-json\/wp\/v2\/types\/product"}],"replies":[{"embeddable":true,"href":"https:\/\/akcharcosmetics.com\/fr\/wp-json\/wp\/v2\/comments?post=17552"}],"version-history":[{"count":0,"href":"https:\/\/akcharcosmetics.com\/fr\/wp-json\/wp\/v2\/product\/17552\/revisions"}],"wp:featuredmedia":[{"embeddable":true,"href":"https:\/\/akcharcosmetics.com\/fr\/wp-json\/wp\/v2\/media\/17559"}],"wp:attachment":[{"href":"https:\/\/akcharcosmetics.com\/fr\/wp-json\/wp\/v2\/media?parent=17552"}],"wp:term":[{"taxonomy":"product_brand","embeddable":true,"href":"https:\/\/akcharcosmetics.com\/fr\/wp-json\/wp\/v2\/product_brand?post=17552"},{"taxonomy":"product_cat","embeddable":true,"href":"https:\/\/akcharcosmetics.com\/fr\/wp-json\/wp\/v2\/product_cat?post=17552"},{"taxonomy":"product_tag","embeddable":true,"href":"https:\/\/akcharcosmetics.com\/fr\/wp-json\/wp\/v2\/product_tag?post=17552"}],"curies":[{"name":"wp","href":"https:\/\/api.w.org\/{rel}","templated":true}]}}