{"id":17536,"date":"2023-11-17T11:58:47","date_gmt":"2023-11-17T11:58:47","guid":{"rendered":"https:\/\/akcharcosmetics.com\/?post_type=product&#038;p=17536"},"modified":"2025-05-31T14:25:37","modified_gmt":"2025-05-31T14:25:37","slug":"liane-du-perou","status":"publish","type":"product","link":"https:\/\/akcharcosmetics.com\/fr\/produit\/liane-du-perou\/","title":{"rendered":"Liane du P\u00e9rou"},"content":{"rendered":"<p><b>Les avantages et bienfaits de compl\u00e9ment alimentaire de Griffe de chat?\u00a0<\/b><\/p>\n<p><span style=\"font-weight: 400;\">Soutien au Syst\u00e8me Immunitaire : La griffe de chat renforce le syst\u00e8me immunitaire, am\u00e9liorant ainsi la r\u00e9sistance aux infections.\u00a0<\/span><\/p>\n<p><span style=\"font-weight: 400;\">Soutien Anti-Inflammatoire : Elle poss\u00e8de des propri\u00e9t\u00e9s anti-inflammatoires qui contribuent au soulagement des douleurs articulaires et musculaires.<\/span><\/p>\n<p><span style=\"font-weight: 400;\">Soutien Articulaire : Elle favorise la sant\u00e9 articulaire et peut soulager les sympt\u00f4mes li\u00e9s \u00e0 des conditions telles que l&rsquo;arthrite.\u00a0<\/span><\/p>\n<p><span style=\"font-weight: 400;\">Antioxydant Naturel : La griffe de chat est riche en antioxydants qui prot\u00e8gent les cellules du corps contre les dommages oxydatifs.\u00a0<\/span><\/p>\n<p><span style=\"font-weight: 400;\">Soutien Digestif : Elle favorise une digestion saine en apaisant le tractus gastro-intestinal.\u00a0<\/span><\/p>\n<p><span style=\"font-weight: 400;\">Facile \u00e0 Int\u00e9grer : Les capsules de Cat&rsquo;s Claw sont faciles \u00e0 avaler et peuvent \u00eatre int\u00e9gr\u00e9es ais\u00e9ment \u00e0 votre routine quotidienne de bien-\u00eatre.\u00a0<\/span><\/p>\n<p><span style=\"font-weight: 400;\">Qualit\u00e9 et S\u00e9curit\u00e9 : Notre produit est fabriqu\u00e9 dans une installation certifi\u00e9e ONSSA , ISO pour garantir la qualit\u00e9, la puret\u00e9 et la s\u00e9curit\u00e9.\u00a0<\/span><\/p>\n<p><span style=\"font-weight: 400;\">La griffe de chat est une solution naturelle pour am\u00e9liorer votre bien-\u00eatre global, renforcer votre syst\u00e8me immunitaire et soutenir la sant\u00e9 articulaire. Optez pour le Cat&rsquo;s Claw et offrez \u00e0 votre corps un soutien naturel. <\/span><\/p>\n","protected":false},"excerpt":{"rendered":"<p><span style=\"font-weight: 400;\">D\u00e9couvrez la puissance naturelle de notre compl\u00e9ment alimentaire \u00e0 base de griffe de chat (Cat&rsquo;s Claw), une plante utilis\u00e9e depuis des si\u00e8cles pour ses bienfaits pour la sant\u00e9. La griffe de chat est reconnue pour ses propri\u00e9t\u00e9s apaisantes, anti-inflammatoires et immunitaires.\u00a0<\/span><\/p>\n","protected":false},"featured_media":17543,"comment_status":"open","ping_status":"closed","template":"","meta":[],"product_brand":[],"product_cat":[201],"product_tag":[],"class_list":{"0":"post-17536","1":"product","2":"type-product","3":"status-publish","4":"has-post-thumbnail","6":"product_cat-complements-alimentaires","8":"first","9":"instock","10":"taxable","11":"shipping-taxable","12":"purchasable","13":"product-type-variable"},"_links":{"self":[{"href":"https:\/\/akcharcosmetics.com\/fr\/wp-json\/wp\/v2\/product\/17536","targetHints":{"allow":["GET"]}}],"collection":[{"href":"https:\/\/akcharcosmetics.com\/fr\/wp-json\/wp\/v2\/product"}],"about":[{"href":"https:\/\/akcharcosmetics.com\/fr\/wp-json\/wp\/v2\/types\/product"}],"replies":[{"embeddable":true,"href":"https:\/\/akcharcosmetics.com\/fr\/wp-json\/wp\/v2\/comments?post=17536"}],"version-history":[{"count":0,"href":"https:\/\/akcharcosmetics.com\/fr\/wp-json\/wp\/v2\/product\/17536\/revisions"}],"wp:featuredmedia":[{"embeddable":true,"href":"https:\/\/akcharcosmetics.com\/fr\/wp-json\/wp\/v2\/media\/17543"}],"wp:attachment":[{"href":"https:\/\/akcharcosmetics.com\/fr\/wp-json\/wp\/v2\/media?parent=17536"}],"wp:term":[{"taxonomy":"product_brand","embeddable":true,"href":"https:\/\/akcharcosmetics.com\/fr\/wp-json\/wp\/v2\/product_brand?post=17536"},{"taxonomy":"product_cat","embeddable":true,"href":"https:\/\/akcharcosmetics.com\/fr\/wp-json\/wp\/v2\/product_cat?post=17536"},{"taxonomy":"product_tag","embeddable":true,"href":"https:\/\/akcharcosmetics.com\/fr\/wp-json\/wp\/v2\/product_tag?post=17536"}],"curies":[{"name":"wp","href":"https:\/\/api.w.org\/{rel}","templated":true}]}}